{"id":742,"date":"2024-03-15T11:06:46","date_gmt":"2024-03-15T10:06:46","guid":{"rendered":"https:\/\/copertureedilsystem.it\/ueber-uns\/"},"modified":"2024-05-16T11:33:06","modified_gmt":"2024-05-16T09:33:06","slug":"ueber-uns","status":"publish","type":"page","link":"https:\/\/copertureedilsystem.it\/de\/ueber-uns\/","title":{"rendered":"\u00dcber uns"},"content":{"rendered":"\t\t<div data-elementor-type=\"wp-page\" data-elementor-id=\"742\" class=\"elementor elementor-742 elementor-157\" data-elementor-post-type=\"page\">\n\t\t\t\t<div class=\"elementor-element elementor-element-7698845 e-flex e-con-boxed e-con e-parent\" data-id=\"7698845\" data-element_type=\"container\" data-e-type=\"container\" data-settings=\"{&quot;background_background&quot;:&quot;classic&quot;}\">\n\t\t\t\t\t<div class=\"e-con-inner\">\n\t\t\t\t<div class=\"elementor-element elementor-element-1b6f1a2 elementor-widget-tablet__width-inherit elementor-widget elementor-widget-heading\" data-id=\"1b6f1a2\" data-element_type=\"widget\" data-e-type=\"widget\" data-widget_type=\"heading.default\">\n\t\t\t\t<div class=\"elementor-widget-container\">\n\t\t\t\t\t<h2 class=\"elementor-heading-title elementor-size-default\">\u00dcber uns<\/h2>\t\t\t\t<\/div>\n\t\t\t\t<\/div>\n\t\t\t\t\t<\/div>\n\t\t\t\t<\/div>\n\t\t<div class=\"elementor-element elementor-element-13f7903 e-flex e-con-boxed e-con e-parent\" data-id=\"13f7903\" data-element_type=\"container\" data-e-type=\"container\">\n\t\t\t\t\t<div class=\"e-con-inner\">\n\t\t<div class=\"elementor-element elementor-element-c496e26 e-con-full e-flex e-con e-child\" data-id=\"c496e26\" data-element_type=\"container\" data-e-type=\"container\">\n\t\t\t\t<div class=\"elementor-element elementor-element-25fe4be elementor-invisible elementor-widget elementor-widget-heading\" data-id=\"25fe4be\" data-element_type=\"widget\" data-e-type=\"widget\" data-settings=\"{&quot;_animation&quot;:&quot;fadeInUp&quot;}\" data-widget_type=\"heading.default\">\n\t\t\t\t<div class=\"elementor-widget-container\">\n\t\t\t\t\t<h2 class=\"elementor-heading-title elementor-size-default\">Unsere Geschichte<\/h2>\t\t\t\t<\/div>\n\t\t\t\t<\/div>\n\t\t\t\t<\/div>\n\t\t<div class=\"elementor-element elementor-element-4c295f5 e-con-full e-flex e-con e-child\" data-id=\"4c295f5\" data-element_type=\"container\" data-e-type=\"container\">\n\t\t\t\t<div class=\"elementor-element elementor-element-77c00e3 elementor-invisible elementor-widget elementor-widget-text-editor\" data-id=\"77c00e3\" data-element_type=\"widget\" data-e-type=\"widget\" data-settings=\"{&quot;_animation&quot;:&quot;fadeIn&quot;}\" data-widget_type=\"text-editor.default\">\n\t\t\t\t<div class=\"elementor-widget-container\">\n\t\t\t\t\t\t\t\t\t<p><strong>Bei EdilSystem stehen das Engagement f\u00fcr hervorragende Leistungen, die Liebe zum Detail und die Kundenzufriedenheit im Mittelpunkt unseres Handelns.<\/strong><\/p>\n<p><strong>Jedes Projekt, das wir in Angriff nehmen, erz\u00e4hlt die Geschichte unserer Leidenschaft und unseres Engagements f\u00fcr hervorragende Baul\u00f6sungen.<\/strong><\/p>\n<p>Wir sind ein innovatives Unternehmen mit umfassender Erfahrung in der Erbringung einer breiten Palette von Dienstleistungen im Bausektor. Unser Engagement f\u00fcr Qualit\u00e4t und Schnelligkeit beim Start und der Fertigstellung einer Baustelle sind unsere grundlegenden Ziele. Mit unserem technischen Know-how und unseren fundierten Branchenkenntnissen k\u00f6nnen wir unseren Kunden hervorragende und nachhaltige Ergebnisse bieten.<\/p>\t\t\t\t\t\t\t\t<\/div>\n\t\t\t\t<\/div>\n\t\t\t\t<\/div>\n\t\t\t\t\t<\/div>\n\t\t\t\t<\/div>\n\t\t<div class=\"elementor-element elementor-element-70f32d7 e-flex e-con-boxed e-con e-parent\" data-id=\"70f32d7\" data-element_type=\"container\" data-e-type=\"container\">\n\t\t\t\t\t<div class=\"e-con-inner\">\n\t\t<div class=\"elementor-element elementor-element-2f45146 e-flex e-con-boxed e-con e-child\" data-id=\"2f45146\" data-element_type=\"container\" data-e-type=\"container\" data-settings=\"{&quot;background_background&quot;:&quot;classic&quot;}\">\n\t\t\t\t\t<div class=\"e-con-inner\">\n\t\t\t\t\t<\/div>\n\t\t\t\t<\/div>\n\t\t\t\t\t<\/div>\n\t\t\t\t<\/div>\n\t\t<div class=\"elementor-element elementor-element-80450e6 e-flex e-con-boxed e-con e-parent\" data-id=\"80450e6\" data-element_type=\"container\" data-e-type=\"container\" id=\"scegliere\">\n\t\t\t\t\t<div class=\"e-con-inner\">\n\t\t\t\t<div class=\"elementor-element elementor-element-797369d elementor-widget__width-inherit elementor-invisible elementor-widget elementor-widget-heading\" data-id=\"797369d\" data-element_type=\"widget\" data-e-type=\"widget\" data-settings=\"{&quot;_animation&quot;:&quot;fadeIn&quot;}\" data-widget_type=\"heading.default\">\n\t\t\t\t<div class=\"elementor-widget-container\">\n\t\t\t\t\t<h2 class=\"elementor-heading-title elementor-size-default\">Warum uns w\u00e4hlen<\/h2>\t\t\t\t<\/div>\n\t\t\t\t<\/div>\n\t\t\t\t\t<\/div>\n\t\t\t\t<\/div>\n\t\t<div class=\"elementor-element elementor-element-e10d1fb e-flex e-con-boxed e-con e-parent\" data-id=\"e10d1fb\" data-element_type=\"container\" data-e-type=\"container\">\n\t\t\t\t\t<div class=\"e-con-inner\">\n\t\t<div class=\"elementor-element elementor-element-d0144e3 e-con-full e-flex elementor-invisible e-con e-child\" data-id=\"d0144e3\" data-element_type=\"container\" data-e-type=\"container\" data-settings=\"{&quot;background_background&quot;:&quot;classic&quot;,&quot;animation&quot;:&quot;slideInLeft&quot;}\">\n\t\t\t\t<\/div>\n\t\t<div class=\"elementor-element elementor-element-0d2e527 e-con-full elementor-section e-flex elementor-invisible e-con e-child\" data-id=\"0d2e527\" data-element_type=\"container\" data-e-type=\"container\" data-settings=\"{&quot;animation&quot;:&quot;fadeIn&quot;}\">\n\t\t\t\t<div class=\"elementor-element elementor-element-1dadcd4 elementor-position-inline-start elementor-view-default elementor-mobile-position-block-start elementor-widget elementor-widget-icon-box\" data-id=\"1dadcd4\" data-element_type=\"widget\" data-e-type=\"widget\" data-widget_type=\"icon-box.default\">\n\t\t\t\t<div class=\"elementor-widget-container\">\n\t\t\t\t\t\t\t<div class=\"elementor-icon-box-wrapper\">\n\n\t\t\t\t\t\t<div class=\"elementor-icon-box-icon\">\n\t\t\t\t<span  class=\"elementor-icon\">\n\t\t\t\t<svg xmlns=\"http:\/\/www.w3.org\/2000\/svg\" id=\"Layer_1\" data-name=\"Layer 1\" viewBox=\"0 0 24 24\"><path d=\"m21.5,0h-8.5v7h11V2.5c0-1.378-1.121-2.5-2.5-2.5Zm1.5,6h-9V1h7.5c.827,0,1.5.673,1.5,1.5v3.5Zm-15-1H2.5c-1.379,0-2.5,1.122-2.5,2.5v16.5h24v-13H8v-6ZM1,7.5c0-.827.673-1.5,1.5-1.5h4.5v5H1v-3.5Zm0,10.5h6v5H1v-5Zm15,0v5h-8v-5h8Zm1,5v-5h6v5h-6Zm6-6h-10.5v-5h10.5v5Zm-11.5-5v5H1v-5h10.5Z\"><\/path><\/svg>\t\t\t\t<\/span>\n\t\t\t<\/div>\n\t\t\t\n\t\t\t\t\t\t<div class=\"elementor-icon-box-content\">\n\n\t\t\t\t\t\t\t\t\t<h3 class=\"elementor-icon-box-title\">\n\t\t\t\t\t\t<span  >\n\t\t\t\t\t\t\tUNSERE PHILOSOPHIE\t\t\t\t\t\t<\/span>\n\t\t\t\t\t<\/h3>\n\t\t\t\t\n\t\t\t\t\n\t\t\t<\/div>\n\t\t\t\n\t\t<\/div>\n\t\t\t\t\t\t<\/div>\n\t\t\t\t<\/div>\n\t\t\t\t<div class=\"elementor-element elementor-element-cd258fe elementor-widget elementor-widget-text-editor\" data-id=\"cd258fe\" data-element_type=\"widget\" data-e-type=\"widget\" data-widget_type=\"text-editor.default\">\n\t\t\t\t<div class=\"elementor-widget-container\">\n\t\t\t\t\t\t\t\t\tUnsere Philosophie ist es, Baul\u00f6sungen anzubieten, die die Erwartungen unserer Kunden \u00fcbertreffen. Wir sind bestrebt, einen optimalen Service zu gew\u00e4hrleisten, indem wir die besten Hersteller verwenden und stets einen innovativen und anpassungsf\u00e4higen Ansatz verfolgen. Wir bieten Ihnen eine umfassende Unterst\u00fctzung, von der Planung bis zur Fertigstellung der Arbeiten.\n\t\t\t\t\t\t\t\t<\/div>\n\t\t\t\t<\/div>\n\t\t\t\t<div class=\"elementor-element elementor-element-1652ae1 elementor-widget elementor-widget-html\" data-id=\"1652ae1\" data-element_type=\"widget\" data-e-type=\"widget\" data-widget_type=\"html.default\">\n\t\t\t\t<div class=\"elementor-widget-container\">\n\t\t\t\t\t<script>jQuery(document).ready(function($) {\n    $(window).on('scroll', function() {\n        var scrollTop = $(window).scrollTop();\n        var windowHeight = $(window).height();\n\n        $('.elementor-section').each(function() {\n            var sectionOffset = $(this).offset().top;\n            var sectionHeight = $(this).outerHeight();\n\n            \/\/ Calcoliamo la percentuale di visibilit\u00e0 della sezione\n            var percentVisible = ((windowHeight - (sectionOffset - scrollTop)) \/ (windowHeight + sectionHeight)) * 100;\n\n            \/\/ Assicuriamoci che la percentuale sia compresa tra 0 e 100\n            percentVisible = Math.max(0, Math.min(100, percentVisible));\n\n            \/\/ Impostiamo la larghezza del divisore in base alla percentuale di visibilit\u00e0\n            $(this).find('.elementor-divider').css('width', percentVisible + '%');\n\n            \/\/ Impostiamo la classe 'active' quando la sezione \u00e8 visibile oltre il 50%\n            if (percentVisible > 50) {\n                $(this).addClass('active');\n            } else {\n                $(this).removeClass('active');\n            }\n        });\n    });\n});\n\n<\/script>\t\t\t\t<\/div>\n\t\t\t\t<\/div>\n\t\t\t\t<div class=\"elementor-element elementor-element-9d5f0b6 elementor-widget-divider--view-line elementor-widget elementor-widget-divider\" data-id=\"9d5f0b6\" data-element_type=\"widget\" data-e-type=\"widget\" data-settings=\"{&quot;_animation&quot;:&quot;none&quot;}\" data-widget_type=\"divider.default\">\n\t\t\t\t<div class=\"elementor-widget-container\">\n\t\t\t\t\t\t\t<div class=\"elementor-divider\">\n\t\t\t<span class=\"elementor-divider-separator\">\n\t\t\t\t\t\t<\/span>\n\t\t<\/div>\n\t\t\t\t\t\t<\/div>\n\t\t\t\t<\/div>\n\t\t\t\t<\/div>\n\t\t\t\t\t<\/div>\n\t\t\t\t<\/div>\n\t\t<div class=\"elementor-element elementor-element-919bb5f e-flex e-con-boxed e-con e-parent\" data-id=\"919bb5f\" data-element_type=\"container\" data-e-type=\"container\">\n\t\t\t\t\t<div class=\"e-con-inner\">\n\t\t<div class=\"elementor-element elementor-element-784c188 e-con-full elementor-section e-flex elementor-invisible e-con e-child\" data-id=\"784c188\" data-element_type=\"container\" data-e-type=\"container\" data-settings=\"{&quot;animation&quot;:&quot;fadeIn&quot;}\">\n\t\t\t\t<div class=\"elementor-element elementor-element-2b0d54b elementor-position-inline-start elementor-view-default elementor-mobile-position-block-start elementor-widget elementor-widget-icon-box\" data-id=\"2b0d54b\" data-element_type=\"widget\" data-e-type=\"widget\" data-widget_type=\"icon-box.default\">\n\t\t\t\t<div class=\"elementor-widget-container\">\n\t\t\t\t\t\t\t<div class=\"elementor-icon-box-wrapper\">\n\n\t\t\t\t\t\t<div class=\"elementor-icon-box-icon\">\n\t\t\t\t<span  class=\"elementor-icon\">\n\t\t\t\t<svg xmlns=\"http:\/\/www.w3.org\/2000\/svg\" id=\"Layer_1\" data-name=\"Layer 1\" viewBox=\"0 0 24 24\"><path d=\"m5.383,17.722c.182.182.422.277.668.277.122,0,.246-.023.364-.072.355-.147.584-.491.584-.875v-4.11c.617-.631,1-1.492,1-2.442,0-1.93-1.57-3.5-3.5-3.5s-3.5,1.57-3.5,3.5c0,.95.383,1.81,1,2.442v4.11c0,.384.229.728.584.875.356.146.761.067,1.05-.224l.865-.957.883.976Zm-3.383-7.222c0-1.379,1.122-2.5,2.5-2.5s2.5,1.121,2.5,2.5-1.122,2.5-2.5,2.5-2.5-1.121-2.5-2.5Zm1,6.414v-3.265c.456.219.961.351,1.5.351s1.044-.133,1.5-.351v3.265l-1.129-1.249c-.189-.211-.553-.211-.742,0l-1.129,1.249Zm6,2.586c0-.276.224-.5.5-.5h9c.276,0,.5.224.5.5s-.224.5-.5.5h-9c-.276,0-.5-.224-.5-.5Zm1.5-7.5c-.276,0-.5-.224-.5-.5s.224-.5.5-.5h8c.276,0,.5.224.5.5s-.224.5-.5.5h-8Zm-1,3h9c.276,0,.5.224.5.5s-.224.5-.5.5h-9c-.276,0-.5-.224-.5-.5s.224-.5.5-.5Zm12.596-9.611l-3.485-3.484c-1.227-1.228-2.859-1.904-4.596-1.904h-5.515c-2.481,0-4.5,2.019-4.5,4.5,0,.276.224.5.5.5s.5-.224.5-.5c0-1.93,1.57-3.5,3.5-3.5h5.515c.335,0,.663.038.985.096v5.404c0,1.379,1.122,2.5,2.5,2.5h5.404c.058.323.096.651.096.985v9.515c0,1.93-1.57,3.5-3.5,3.5h-11c-1.598,0-2.992-1.079-3.39-2.625-.068-.268-.343-.425-.609-.359-.268.069-.429.342-.36.609.512,1.987,2.304,3.375,4.358,3.375h11c2.481,0,4.5-2.019,4.5-4.5v-9.515c0-1.735-.676-3.368-1.904-4.597Zm-4.596,2.611c-.827,0-1.5-.673-1.5-1.5V1.379c.704.273,1.354.682,1.904,1.232l3.485,3.484c.55.551.959,1.2,1.231,1.904h-5.12Z\"><\/path><\/svg>\t\t\t\t<\/span>\n\t\t\t<\/div>\n\t\t\t\n\t\t\t\t\t\t<div class=\"elementor-icon-box-content\">\n\n\t\t\t\t\t\t\t\t\t<h3 class=\"elementor-icon-box-title\">\n\t\t\t\t\t\t<span  >\n\t\t\t\t\t\t\tUNSERE GARANTIE\t\t\t\t\t\t<\/span>\n\t\t\t\t\t<\/h3>\n\t\t\t\t\n\t\t\t\t\n\t\t\t<\/div>\n\t\t\t\n\t\t<\/div>\n\t\t\t\t\t\t<\/div>\n\t\t\t\t<\/div>\n\t\t\t\t<div class=\"elementor-element elementor-element-2ca9533 elementor-widget elementor-widget-text-editor\" data-id=\"2ca9533\" data-element_type=\"widget\" data-e-type=\"widget\" data-widget_type=\"text-editor.default\">\n\t\t\t\t<div class=\"elementor-widget-container\">\n\t\t\t\t\t\t\t\t\t<p>Wenn Sie sich f\u00fcr EdilSystem entscheiden, w\u00e4hlen Sie einen zuverl\u00e4ssigen Partner f\u00fcr Ihr n\u00e4chstes Bauprojekt. Mit unserer bew\u00e4hrten Erfolgsbilanz und unserem Engagement f\u00fcr Service und Anpassungsf\u00e4higkeit garantieren wir unseren Kunden h\u00f6chste Qualit\u00e4t und die bestm\u00f6gliche Erfahrung. Kontaktieren Sie uns noch heute und entdecken Sie den Unterschied mit EdilSystem.<\/p>\n\t\t\t\t\t\t\t\t<\/div>\n\t\t\t\t<\/div>\n\t\t\t\t<div class=\"elementor-element elementor-element-79eca5e elementor-widget elementor-widget-html\" data-id=\"79eca5e\" data-element_type=\"widget\" data-e-type=\"widget\" data-widget_type=\"html.default\">\n\t\t\t\t<div class=\"elementor-widget-container\">\n\t\t\t\t\t<script>jQuery(document).ready(function($) {\n    $(window).on('scroll', function() {\n        var scrollTop = $(window).scrollTop();\n        var windowHeight = $(window).height();\n\n        $('.elementor-section').each(function() {\n            var sectionOffset = $(this).offset().top;\n            var sectionHeight = $(this).outerHeight();\n\n            \/\/ Calcoliamo la percentuale di visibilit\u00e0 della sezione\n            var percentVisible = ((windowHeight - (sectionOffset - scrollTop)) \/ (windowHeight + sectionHeight)) * 100;\n\n            \/\/ Assicuriamoci che la percentuale sia compresa tra 0 e 100\n            percentVisible = Math.max(0, Math.min(100, percentVisible));\n\n            \/\/ Impostiamo la larghezza del divisore in base alla percentuale di visibilit\u00e0\n            $(this).find('.elementor-divider').css('width', percentVisible + '%');\n\n            \/\/ Impostiamo la classe 'active' quando la sezione \u00e8 visibile oltre il 50%\n            if (percentVisible > 50) {\n                $(this).addClass('active');\n            } else {\n                $(this).removeClass('active');\n            }\n        });\n    });\n});\n\n<\/script>\t\t\t\t<\/div>\n\t\t\t\t<\/div>\n\t\t\t\t<div class=\"elementor-element elementor-element-52f53d5 elementor-widget-divider--view-line elementor-widget elementor-widget-divider\" data-id=\"52f53d5\" data-element_type=\"widget\" data-e-type=\"widget\" data-settings=\"{&quot;_animation&quot;:&quot;none&quot;}\" data-widget_type=\"divider.default\">\n\t\t\t\t<div class=\"elementor-widget-container\">\n\t\t\t\t\t\t\t<div class=\"elementor-divider\">\n\t\t\t<span class=\"elementor-divider-separator\">\n\t\t\t\t\t\t<\/span>\n\t\t<\/div>\n\t\t\t\t\t\t<\/div>\n\t\t\t\t<\/div>\n\t\t\t\t<\/div>\n\t\t<div class=\"elementor-element elementor-element-ace33fb e-con-full e-flex elementor-invisible e-con e-child\" data-id=\"ace33fb\" data-element_type=\"container\" data-e-type=\"container\" data-settings=\"{&quot;background_background&quot;:&quot;classic&quot;,&quot;animation&quot;:&quot;slideInLeft&quot;}\">\n\t\t\t\t<\/div>\n\t\t\t\t\t<\/div>\n\t\t\t\t<\/div>\n\t\t<div class=\"elementor-element elementor-element-869eaee e-flex e-con-boxed elementor-invisible e-con e-parent\" data-id=\"869eaee\" data-element_type=\"container\" data-e-type=\"container\" data-settings=\"{&quot;background_background&quot;:&quot;classic&quot;,&quot;animation&quot;:&quot;fadeInUp&quot;}\">\n\t\t\t\t\t<div class=\"e-con-inner\">\n\t\t<div class=\"elementor-element elementor-element-2dab7cb e-con-full e-flex e-con e-child\" data-id=\"2dab7cb\" data-element_type=\"container\" data-e-type=\"container\">\n\t\t\t\t<div class=\"elementor-element elementor-element-74a04fb elementor-widget-mobile__width-inherit elementor-widget elementor-widget-heading\" data-id=\"74a04fb\" data-element_type=\"widget\" data-e-type=\"widget\" data-widget_type=\"heading.default\">\n\t\t\t\t<div class=\"elementor-widget-container\">\n\t\t\t\t\t<h2 class=\"elementor-heading-title elementor-size-default\">Machen Sie  <br>Ihre Projekte<\/h2>\t\t\t\t<\/div>\n\t\t\t\t<\/div>\n\t\t\t\t<div class=\"elementor-element elementor-element-b3f145d elementor-widget elementor-widget-text-editor\" data-id=\"b3f145d\" data-element_type=\"widget\" data-e-type=\"widget\" data-widget_type=\"text-editor.default\">\n\t\t\t\t<div class=\"elementor-widget-container\">\n\t\t\t\t\t\t\t\t\t<p>Wir sind hier, um Ihnen zu helfen, das zu verwirklichen, was Sie sich f\u00fcr Ihr Haus oder Ihr Gesch\u00e4ftsgeb\u00e4ude vorstellen. Finden Sie heraus, wie wir zusammenarbeiten k\u00f6nnen, um Ihre Wohntr\u00e4ume zu verwirklichen!<\/p>\n\t\t\t\t\t\t\t\t<\/div>\n\t\t\t\t<\/div>\n\t\t<div class=\"elementor-element elementor-element-a356e8c e-flex e-con-boxed e-con e-child\" data-id=\"a356e8c\" data-element_type=\"container\" data-e-type=\"container\">\n\t\t\t\t\t<div class=\"e-con-inner\">\n\t\t\t\t<div class=\"elementor-element elementor-element-435b3aa elementor-widget elementor-widget-button\" data-id=\"435b3aa\" data-element_type=\"widget\" data-e-type=\"widget\" data-widget_type=\"button.default\">\n\t\t\t\t<div class=\"elementor-widget-container\">\n\t\t\t\t\t\t\t\t\t<div class=\"elementor-button-wrapper\">\n\t\t\t\t\t<a class=\"elementor-button elementor-button-link elementor-size-sm\" href=\"tel:+05361856908\">\n\t\t\t\t\t\t<span class=\"elementor-button-content-wrapper\">\n\t\t\t\t\t\t\t\t\t<span class=\"elementor-button-text\">JETZT ANRUFEN<\/span>\n\t\t\t\t\t<\/span>\n\t\t\t\t\t<\/a>\n\t\t\t\t<\/div>\n\t\t\t\t\t\t\t\t<\/div>\n\t\t\t\t<\/div>\n\t\t\t\t<div class=\"elementor-element elementor-element-3b7d85b elementor-widget elementor-widget-button\" data-id=\"3b7d85b\" data-element_type=\"widget\" data-e-type=\"widget\" data-widget_type=\"button.default\">\n\t\t\t\t<div class=\"elementor-widget-container\">\n\t\t\t\t\t\t\t\t\t<div class=\"elementor-button-wrapper\">\n\t\t\t\t\t<a class=\"elementor-button elementor-button-link elementor-size-sm\" href=\"mailto:info@edilsystem.it\">\n\t\t\t\t\t\t<span class=\"elementor-button-content-wrapper\">\n\t\t\t\t\t\t\t\t\t<span class=\"elementor-button-text\">WRITE<\/span>\n\t\t\t\t\t<\/span>\n\t\t\t\t\t<\/a>\n\t\t\t\t<\/div>\n\t\t\t\t\t\t\t\t<\/div>\n\t\t\t\t<\/div>\n\t\t\t\t\t<\/div>\n\t\t\t\t<\/div>\n\t\t\t\t<\/div>\n\t\t\t\t\t<\/div>\n\t\t\t\t<\/div>\n\t\t\t\t<\/div>\n\t\t","protected":false},"excerpt":{"rendered":"<p>\u00dcber uns Unsere Geschichte Bei EdilSystem stehen das Engagement f\u00fcr hervorragende Leistungen, die Liebe zum Detail und die Kundenzufriedenheit im Mittelpunkt unseres Handelns. Jedes Projekt, das wir in Angriff nehmen, erz\u00e4hlt die Geschichte unserer Leidenschaft und unseres Engagements f\u00fcr hervorragende Baul\u00f6sungen. Wir sind ein innovatives Unternehmen mit umfassender Erfahrung in der Erbringung einer breiten Palette [&hellip;]<\/p>\n","protected":false},"author":1,"featured_media":0,"parent":0,"menu_order":0,"comment_status":"closed","ping_status":"closed","template":"","meta":{"footnotes":""},"class_list":["post-742","page","type-page","status-publish","hentry"],"yoast_head":"<!-- This site is optimized with the Yoast SEO plugin v27.3 - https:\/\/yoast.com\/product\/yoast-seo-wordpress\/ -->\n<title>\u00dcber uns - Edil System<\/title>\n<meta name=\"description\" content=\"Entdecken Sie die Geschichte, den Auftrag und die Werte von Edil System. Erfahrung und Fachwissen in der Baubranche.\" \/>\n<meta name=\"robots\" content=\"index, follow, max-snippet:-1, max-image-preview:large, max-video-preview:-1\" \/>\n<link rel=\"canonical\" href=\"https:\/\/copertureedilsystem.it\/de\/ueber-uns\/\" \/>\n<meta property=\"og:locale\" content=\"de_DE\" \/>\n<meta property=\"og:type\" content=\"article\" \/>\n<meta property=\"og:title\" content=\"\u00dcber uns - Edil System\" \/>\n<meta property=\"og:description\" content=\"Entdecken Sie die Geschichte, den Auftrag und die Werte von Edil System. Erfahrung und Fachwissen in der Baubranche.\" \/>\n<meta property=\"og:url\" content=\"https:\/\/copertureedilsystem.it\/de\/ueber-uns\/\" \/>\n<meta property=\"og:site_name\" content=\"Edil System\" \/>\n<meta property=\"article:modified_time\" content=\"2024-05-16T09:33:06+00:00\" \/>\n<meta name=\"twitter:card\" content=\"summary_large_image\" \/>\n<meta name=\"twitter:label1\" content=\"Gesch\u00e4tzte Lesezeit\" \/>\n\t<meta name=\"twitter:data1\" content=\"1\u00a0Minute\" \/>\n<script type=\"application\/ld+json\" class=\"yoast-schema-graph\">{\"@context\":\"https:\\\/\\\/schema.org\",\"@graph\":[{\"@type\":\"WebPage\",\"@id\":\"https:\\\/\\\/copertureedilsystem.it\\\/de\\\/ueber-uns\\\/\",\"url\":\"https:\\\/\\\/copertureedilsystem.it\\\/de\\\/ueber-uns\\\/\",\"name\":\"\u00dcber uns - Edil System\",\"isPartOf\":{\"@id\":\"https:\\\/\\\/copertureedilsystem.it\\\/#website\"},\"datePublished\":\"2024-03-15T10:06:46+00:00\",\"dateModified\":\"2024-05-16T09:33:06+00:00\",\"description\":\"Entdecken Sie die Geschichte, den Auftrag und die Werte von Edil System. Erfahrung und Fachwissen in der Baubranche.\",\"breadcrumb\":{\"@id\":\"https:\\\/\\\/copertureedilsystem.it\\\/de\\\/ueber-uns\\\/#breadcrumb\"},\"inLanguage\":\"de\",\"potentialAction\":[{\"@type\":\"ReadAction\",\"target\":[\"https:\\\/\\\/copertureedilsystem.it\\\/de\\\/ueber-uns\\\/\"]}]},{\"@type\":\"BreadcrumbList\",\"@id\":\"https:\\\/\\\/copertureedilsystem.it\\\/de\\\/ueber-uns\\\/#breadcrumb\",\"itemListElement\":[{\"@type\":\"ListItem\",\"position\":1,\"name\":\"Home\",\"item\":\"https:\\\/\\\/copertureedilsystem.it\\\/de\\\/\"},{\"@type\":\"ListItem\",\"position\":2,\"name\":\"\u00dcber uns\"}]},{\"@type\":\"WebSite\",\"@id\":\"https:\\\/\\\/copertureedilsystem.it\\\/#website\",\"url\":\"https:\\\/\\\/copertureedilsystem.it\\\/\",\"name\":\"Edil System\",\"description\":\"\",\"publisher\":{\"@id\":\"https:\\\/\\\/copertureedilsystem.it\\\/#organization\"},\"potentialAction\":[{\"@type\":\"SearchAction\",\"target\":{\"@type\":\"EntryPoint\",\"urlTemplate\":\"https:\\\/\\\/copertureedilsystem.it\\\/?s={search_term_string}\"},\"query-input\":{\"@type\":\"PropertyValueSpecification\",\"valueRequired\":true,\"valueName\":\"search_term_string\"}}],\"inLanguage\":\"de\"},{\"@type\":\"Organization\",\"@id\":\"https:\\\/\\\/copertureedilsystem.it\\\/#organization\",\"name\":\"Edil System Srl\",\"url\":\"https:\\\/\\\/copertureedilsystem.it\\\/\",\"logo\":{\"@type\":\"ImageObject\",\"inLanguage\":\"de\",\"@id\":\"https:\\\/\\\/copertureedilsystem.it\\\/#\\\/schema\\\/logo\\\/image\\\/\",\"url\":\"https:\\\/\\\/copertureedilsystem.it\\\/wp-content\\\/uploads\\\/2024\\\/03\\\/Logo-EdilSystem.webp\",\"contentUrl\":\"https:\\\/\\\/copertureedilsystem.it\\\/wp-content\\\/uploads\\\/2024\\\/03\\\/Logo-EdilSystem.webp\",\"width\":2150,\"height\":571,\"caption\":\"Edil System Srl\"},\"image\":{\"@id\":\"https:\\\/\\\/copertureedilsystem.it\\\/#\\\/schema\\\/logo\\\/image\\\/\"}}]}<\/script>\n<!-- \/ Yoast SEO plugin. -->","yoast_head_json":{"title":"\u00dcber uns - Edil System","description":"Entdecken Sie die Geschichte, den Auftrag und die Werte von Edil System. Erfahrung und Fachwissen in der Baubranche.","robots":{"index":"index","follow":"follow","max-snippet":"max-snippet:-1","max-image-preview":"max-image-preview:large","max-video-preview":"max-video-preview:-1"},"canonical":"https:\/\/copertureedilsystem.it\/de\/ueber-uns\/","og_locale":"de_DE","og_type":"article","og_title":"\u00dcber uns - Edil System","og_description":"Entdecken Sie die Geschichte, den Auftrag und die Werte von Edil System. Erfahrung und Fachwissen in der Baubranche.","og_url":"https:\/\/copertureedilsystem.it\/de\/ueber-uns\/","og_site_name":"Edil System","article_modified_time":"2024-05-16T09:33:06+00:00","twitter_card":"summary_large_image","twitter_misc":{"Gesch\u00e4tzte Lesezeit":"1\u00a0Minute"},"schema":{"@context":"https:\/\/schema.org","@graph":[{"@type":"WebPage","@id":"https:\/\/copertureedilsystem.it\/de\/ueber-uns\/","url":"https:\/\/copertureedilsystem.it\/de\/ueber-uns\/","name":"\u00dcber uns - Edil System","isPartOf":{"@id":"https:\/\/copertureedilsystem.it\/#website"},"datePublished":"2024-03-15T10:06:46+00:00","dateModified":"2024-05-16T09:33:06+00:00","description":"Entdecken Sie die Geschichte, den Auftrag und die Werte von Edil System. Erfahrung und Fachwissen in der Baubranche.","breadcrumb":{"@id":"https:\/\/copertureedilsystem.it\/de\/ueber-uns\/#breadcrumb"},"inLanguage":"de","potentialAction":[{"@type":"ReadAction","target":["https:\/\/copertureedilsystem.it\/de\/ueber-uns\/"]}]},{"@type":"BreadcrumbList","@id":"https:\/\/copertureedilsystem.it\/de\/ueber-uns\/#breadcrumb","itemListElement":[{"@type":"ListItem","position":1,"name":"Home","item":"https:\/\/copertureedilsystem.it\/de\/"},{"@type":"ListItem","position":2,"name":"\u00dcber uns"}]},{"@type":"WebSite","@id":"https:\/\/copertureedilsystem.it\/#website","url":"https:\/\/copertureedilsystem.it\/","name":"Edil System","description":"","publisher":{"@id":"https:\/\/copertureedilsystem.it\/#organization"},"potentialAction":[{"@type":"SearchAction","target":{"@type":"EntryPoint","urlTemplate":"https:\/\/copertureedilsystem.it\/?s={search_term_string}"},"query-input":{"@type":"PropertyValueSpecification","valueRequired":true,"valueName":"search_term_string"}}],"inLanguage":"de"},{"@type":"Organization","@id":"https:\/\/copertureedilsystem.it\/#organization","name":"Edil System Srl","url":"https:\/\/copertureedilsystem.it\/","logo":{"@type":"ImageObject","inLanguage":"de","@id":"https:\/\/copertureedilsystem.it\/#\/schema\/logo\/image\/","url":"https:\/\/copertureedilsystem.it\/wp-content\/uploads\/2024\/03\/Logo-EdilSystem.webp","contentUrl":"https:\/\/copertureedilsystem.it\/wp-content\/uploads\/2024\/03\/Logo-EdilSystem.webp","width":2150,"height":571,"caption":"Edil System Srl"},"image":{"@id":"https:\/\/copertureedilsystem.it\/#\/schema\/logo\/image\/"}}]}},"_links":{"self":[{"href":"https:\/\/copertureedilsystem.it\/de\/wp-json\/wp\/v2\/pages\/742","targetHints":{"allow":["GET"]}}],"collection":[{"href":"https:\/\/copertureedilsystem.it\/de\/wp-json\/wp\/v2\/pages"}],"about":[{"href":"https:\/\/copertureedilsystem.it\/de\/wp-json\/wp\/v2\/types\/page"}],"author":[{"embeddable":true,"href":"https:\/\/copertureedilsystem.it\/de\/wp-json\/wp\/v2\/users\/1"}],"replies":[{"embeddable":true,"href":"https:\/\/copertureedilsystem.it\/de\/wp-json\/wp\/v2\/comments?post=742"}],"version-history":[{"count":6,"href":"https:\/\/copertureedilsystem.it\/de\/wp-json\/wp\/v2\/pages\/742\/revisions"}],"predecessor-version":[{"id":1927,"href":"https:\/\/copertureedilsystem.it\/de\/wp-json\/wp\/v2\/pages\/742\/revisions\/1927"}],"wp:attachment":[{"href":"https:\/\/copertureedilsystem.it\/de\/wp-json\/wp\/v2\/media?parent=742"}],"curies":[{"name":"wp","href":"https:\/\/api.w.org\/{rel}","templated":true}]}}