{"id":814,"date":"2024-03-18T11:06:29","date_gmt":"2024-03-18T10:06:29","guid":{"rendered":"https:\/\/copertureedilsystem.it\/rettungsleinen-und-feste-bruestungen\/"},"modified":"2024-05-13T14:57:10","modified_gmt":"2024-05-13T12:57:10","slug":"rettungsleinen-und-feste-bruestungen","status":"publish","type":"page","link":"https:\/\/copertureedilsystem.it\/de\/rettungsleinen-und-feste-bruestungen\/","title":{"rendered":"Rettungsleinen und feste Br\u00fcstungen"},"content":{"rendered":"\t\t<div data-elementor-type=\"wp-page\" data-elementor-id=\"814\" class=\"elementor elementor-814 elementor-444\" data-elementor-post-type=\"page\">\n\t\t\t\t<div class=\"elementor-element elementor-element-7698845 e-flex e-con-boxed e-con e-parent\" data-id=\"7698845\" data-element_type=\"container\" data-e-type=\"container\" data-settings=\"{&quot;background_background&quot;:&quot;classic&quot;}\">\n\t\t\t\t\t<div class=\"e-con-inner\">\n\t\t\t\t<div class=\"elementor-element elementor-element-1b6f1a2 elementor-widget-tablet__width-inherit elementor-widget elementor-widget-heading\" data-id=\"1b6f1a2\" data-element_type=\"widget\" data-e-type=\"widget\" data-widget_type=\"heading.default\">\n\t\t\t\t<div class=\"elementor-widget-container\">\n\t\t\t\t\t<h2 class=\"elementor-heading-title elementor-size-default\">Lebenslinien<br>und feste Br\u00fcstungen<\/h2>\t\t\t\t<\/div>\n\t\t\t\t<\/div>\n\t\t\t\t\t<\/div>\n\t\t\t\t<\/div>\n\t\t<div class=\"elementor-element elementor-element-13f7903 e-flex e-con-boxed e-con e-parent\" data-id=\"13f7903\" data-element_type=\"container\" data-e-type=\"container\">\n\t\t\t\t\t<div class=\"e-con-inner\">\n\t\t<div class=\"elementor-element elementor-element-c496e26 e-con-full e-flex e-con e-child\" data-id=\"c496e26\" data-element_type=\"container\" data-e-type=\"container\">\n\t\t\t\t<div class=\"elementor-element elementor-element-25fe4be elementor-widget elementor-widget-heading\" data-id=\"25fe4be\" data-element_type=\"widget\" data-e-type=\"widget\" data-widget_type=\"heading.default\">\n\t\t\t\t<div class=\"elementor-widget-container\">\n\t\t\t\t\t<h2 class=\"elementor-heading-title elementor-size-default\">Was wir tun<\/h2>\t\t\t\t<\/div>\n\t\t\t\t<\/div>\n\t\t\t\t<\/div>\n\t\t<div class=\"elementor-element elementor-element-4c295f5 e-con-full e-flex e-con e-child\" data-id=\"4c295f5\" data-element_type=\"container\" data-e-type=\"container\">\n\t\t\t\t<div class=\"elementor-element elementor-element-650f048 elementor-widget elementor-widget-heading\" data-id=\"650f048\" data-element_type=\"widget\" data-e-type=\"widget\" data-widget_type=\"heading.default\">\n\t\t\t\t<div class=\"elementor-widget-container\">\n\t\t\t\t\t<h2 class=\"elementor-heading-title elementor-size-default\">Sicherheit geht vor!<\/h2>\t\t\t\t<\/div>\n\t\t\t\t<\/div>\n\t\t\t\t<div class=\"elementor-element elementor-element-b2ec427 elementor-widget elementor-widget-text-editor\" data-id=\"b2ec427\" data-element_type=\"widget\" data-e-type=\"widget\" data-widget_type=\"text-editor.default\">\n\t\t\t\t<div class=\"elementor-widget-container\">\n\t\t\t\t\t\t\t\t\t<p>Wir installieren langlebige und vor allem sichere Rettungsleinen!<br \/>Wir bieten Linea Vita-L\u00f6sungen an, Sicherheitssysteme zum Schutz von Arbeitnehmern, die in der H\u00f6he arbeiten. Unsere zertifizierten Fachleute installieren und warten diese Sicherheitssysteme, sorgen f\u00fcr eine sichere Arbeitsumgebung und gew\u00e4hrleisten die Einhaltung der Sicherheitsvorschriften.<\/p>\n<p>Jedes Produkt wird zertifiziert und mit einem technischen Bericht versehen.<br \/>Br\u00fcstungen sind die Innovation, der Einbau einer Aluminiumbr\u00fcstung schafft die Sicherheit, die Sie sich f\u00fcr Ihr Dach w\u00fcnschen. Sie ist langlebig und einfach zu montieren, so dass jeder ohne Probleme auf Ihr Dach klettern kann.<\/p>\n\t\t\t\t\t\t\t\t<\/div>\n\t\t\t\t<\/div>\n\t\t\t\t<\/div>\n\t\t\t\t\t<\/div>\n\t\t\t\t<\/div>\n\t\t<div class=\"elementor-element elementor-element-bd8c2cd e-flex e-con-boxed elementor-invisible e-con e-parent\" data-id=\"bd8c2cd\" data-element_type=\"container\" data-e-type=\"container\" data-settings=\"{&quot;background_background&quot;:&quot;classic&quot;,&quot;animation&quot;:&quot;fadeInUp&quot;}\">\n\t\t\t\t\t<div class=\"e-con-inner\">\n\t\t<div class=\"elementor-element elementor-element-ba593db e-con-full e-flex e-con e-child\" data-id=\"ba593db\" data-element_type=\"container\" data-e-type=\"container\">\n\t\t\t\t<div class=\"elementor-element elementor-element-5c6fdeb elementor-widget-mobile__width-inherit elementor-widget elementor-widget-heading\" data-id=\"5c6fdeb\" data-element_type=\"widget\" data-e-type=\"widget\" data-widget_type=\"heading.default\">\n\t\t\t\t<div class=\"elementor-widget-container\">\n\t\t\t\t\t<h2 class=\"elementor-heading-title elementor-size-default\">Realizza <br>i tuoi progetti<\/h2>\t\t\t\t<\/div>\n\t\t\t\t<\/div>\n\t\t\t\t<div class=\"elementor-element elementor-element-a918b89 elementor-widget elementor-widget-text-editor\" data-id=\"a918b89\" data-element_type=\"widget\" data-e-type=\"widget\" data-widget_type=\"text-editor.default\">\n\t\t\t\t<div class=\"elementor-widget-container\">\n\t\t\t\t\t\t\t\t\t<p>Siamo qui per aiutarti a rendere possibile ci\u00f2 che immagini per la tua casa o il tuo edificio commerciale. Scopri come possiamo collaborare insieme per raggiungere i tuoi sogni abitativi!<\/p>\n\t\t\t\t\t\t\t\t<\/div>\n\t\t\t\t<\/div>\n\t\t<div class=\"elementor-element elementor-element-7a36011 e-flex e-con-boxed e-con e-child\" data-id=\"7a36011\" data-element_type=\"container\" data-e-type=\"container\">\n\t\t\t\t\t<div class=\"e-con-inner\">\n\t\t\t\t<div class=\"elementor-element elementor-element-7b8f275 elementor-widget elementor-widget-button\" data-id=\"7b8f275\" data-element_type=\"widget\" data-e-type=\"widget\" data-widget_type=\"button.default\">\n\t\t\t\t<div class=\"elementor-widget-container\">\n\t\t\t\t\t\t\t\t\t<div class=\"elementor-button-wrapper\">\n\t\t\t\t\t<a class=\"elementor-button elementor-button-link elementor-size-sm\" href=\"tel:+05361856908\">\n\t\t\t\t\t\t<span class=\"elementor-button-content-wrapper\">\n\t\t\t\t\t\t\t\t\t<span class=\"elementor-button-text\">CHIAMA ORA<\/span>\n\t\t\t\t\t<\/span>\n\t\t\t\t\t<\/a>\n\t\t\t\t<\/div>\n\t\t\t\t\t\t\t\t<\/div>\n\t\t\t\t<\/div>\n\t\t\t\t<div class=\"elementor-element elementor-element-fb530bf elementor-widget elementor-widget-button\" data-id=\"fb530bf\" data-element_type=\"widget\" data-e-type=\"widget\" data-widget_type=\"button.default\">\n\t\t\t\t<div class=\"elementor-widget-container\">\n\t\t\t\t\t\t\t\t\t<div class=\"elementor-button-wrapper\">\n\t\t\t\t\t<a class=\"elementor-button elementor-button-link elementor-size-sm\" href=\"mailto:info@edilsystem.it\">\n\t\t\t\t\t\t<span class=\"elementor-button-content-wrapper\">\n\t\t\t\t\t\t\t\t\t<span class=\"elementor-button-text\">SCRIVICI<\/span>\n\t\t\t\t\t<\/span>\n\t\t\t\t\t<\/a>\n\t\t\t\t<\/div>\n\t\t\t\t\t\t\t\t<\/div>\n\t\t\t\t<\/div>\n\t\t\t\t\t<\/div>\n\t\t\t\t<\/div>\n\t\t\t\t<\/div>\n\t\t\t\t\t<\/div>\n\t\t\t\t<\/div>\n\t\t\t\t<\/div>\n\t\t","protected":false},"excerpt":{"rendered":"<p>Lebenslinienund feste Br\u00fcstungen Was wir tun Sicherheit geht vor! Wir installieren langlebige und vor allem sichere Rettungsleinen!Wir bieten Linea Vita-L\u00f6sungen an, Sicherheitssysteme zum Schutz von Arbeitnehmern, die in der H\u00f6he arbeiten. Unsere zertifizierten Fachleute installieren und warten diese Sicherheitssysteme, sorgen f\u00fcr eine sichere Arbeitsumgebung und gew\u00e4hrleisten die Einhaltung der Sicherheitsvorschriften. Jedes Produkt wird zertifiziert und [&hellip;]<\/p>\n","protected":false},"author":1,"featured_media":0,"parent":0,"menu_order":0,"comment_status":"closed","ping_status":"closed","template":"","meta":{"footnotes":""},"class_list":["post-814","page","type-page","status-publish","hentry"],"yoast_head":"<!-- This site is optimized with the Yoast SEO plugin v27.3 - https:\/\/yoast.com\/product\/yoast-seo-wordpress\/ -->\n<title>Rettungsleinen und feste Br\u00fcstungen - Edil System<\/title>\n<meta name=\"robots\" content=\"index, follow, max-snippet:-1, max-image-preview:large, max-video-preview:-1\" \/>\n<link rel=\"canonical\" href=\"https:\/\/copertureedilsystem.it\/de\/rettungsleinen-und-feste-bruestungen\/\" \/>\n<meta property=\"og:locale\" content=\"de_DE\" \/>\n<meta property=\"og:type\" content=\"article\" \/>\n<meta property=\"og:title\" content=\"Rettungsleinen und feste Br\u00fcstungen - Edil System\" \/>\n<meta property=\"og:description\" content=\"Lebenslinienund feste Br\u00fcstungen Was wir tun Sicherheit geht vor! Wir installieren langlebige und vor allem sichere Rettungsleinen!Wir bieten Linea Vita-L\u00f6sungen an, Sicherheitssysteme zum Schutz von Arbeitnehmern, die in der H\u00f6he arbeiten. Unsere zertifizierten Fachleute installieren und warten diese Sicherheitssysteme, sorgen f\u00fcr eine sichere Arbeitsumgebung und gew\u00e4hrleisten die Einhaltung der Sicherheitsvorschriften. Jedes Produkt wird zertifiziert und [&hellip;]\" \/>\n<meta property=\"og:url\" content=\"https:\/\/copertureedilsystem.it\/de\/rettungsleinen-und-feste-bruestungen\/\" \/>\n<meta property=\"og:site_name\" content=\"Edil System\" \/>\n<meta property=\"article:modified_time\" content=\"2024-05-13T12:57:10+00:00\" \/>\n<meta name=\"twitter:card\" content=\"summary_large_image\" \/>\n<meta name=\"twitter:label1\" content=\"Gesch\u00e4tzte Lesezeit\" \/>\n\t<meta name=\"twitter:data1\" content=\"1\u00a0Minute\" \/>\n<script type=\"application\/ld+json\" class=\"yoast-schema-graph\">{\"@context\":\"https:\\\/\\\/schema.org\",\"@graph\":[{\"@type\":\"WebPage\",\"@id\":\"https:\\\/\\\/copertureedilsystem.it\\\/de\\\/rettungsleinen-und-feste-bruestungen\\\/\",\"url\":\"https:\\\/\\\/copertureedilsystem.it\\\/de\\\/rettungsleinen-und-feste-bruestungen\\\/\",\"name\":\"Rettungsleinen und feste Br\u00fcstungen - Edil System\",\"isPartOf\":{\"@id\":\"https:\\\/\\\/copertureedilsystem.it\\\/#website\"},\"datePublished\":\"2024-03-18T10:06:29+00:00\",\"dateModified\":\"2024-05-13T12:57:10+00:00\",\"breadcrumb\":{\"@id\":\"https:\\\/\\\/copertureedilsystem.it\\\/de\\\/rettungsleinen-und-feste-bruestungen\\\/#breadcrumb\"},\"inLanguage\":\"de\",\"potentialAction\":[{\"@type\":\"ReadAction\",\"target\":[\"https:\\\/\\\/copertureedilsystem.it\\\/de\\\/rettungsleinen-und-feste-bruestungen\\\/\"]}]},{\"@type\":\"BreadcrumbList\",\"@id\":\"https:\\\/\\\/copertureedilsystem.it\\\/de\\\/rettungsleinen-und-feste-bruestungen\\\/#breadcrumb\",\"itemListElement\":[{\"@type\":\"ListItem\",\"position\":1,\"name\":\"Home\",\"item\":\"https:\\\/\\\/copertureedilsystem.it\\\/de\\\/\"},{\"@type\":\"ListItem\",\"position\":2,\"name\":\"Rettungsleinen und feste Br\u00fcstungen\"}]},{\"@type\":\"WebSite\",\"@id\":\"https:\\\/\\\/copertureedilsystem.it\\\/#website\",\"url\":\"https:\\\/\\\/copertureedilsystem.it\\\/\",\"name\":\"Edil System\",\"description\":\"\",\"publisher\":{\"@id\":\"https:\\\/\\\/copertureedilsystem.it\\\/#organization\"},\"potentialAction\":[{\"@type\":\"SearchAction\",\"target\":{\"@type\":\"EntryPoint\",\"urlTemplate\":\"https:\\\/\\\/copertureedilsystem.it\\\/?s={search_term_string}\"},\"query-input\":{\"@type\":\"PropertyValueSpecification\",\"valueRequired\":true,\"valueName\":\"search_term_string\"}}],\"inLanguage\":\"de\"},{\"@type\":\"Organization\",\"@id\":\"https:\\\/\\\/copertureedilsystem.it\\\/#organization\",\"name\":\"Edil System Srl\",\"url\":\"https:\\\/\\\/copertureedilsystem.it\\\/\",\"logo\":{\"@type\":\"ImageObject\",\"inLanguage\":\"de\",\"@id\":\"https:\\\/\\\/copertureedilsystem.it\\\/#\\\/schema\\\/logo\\\/image\\\/\",\"url\":\"https:\\\/\\\/copertureedilsystem.it\\\/wp-content\\\/uploads\\\/2024\\\/03\\\/Logo-EdilSystem.webp\",\"contentUrl\":\"https:\\\/\\\/copertureedilsystem.it\\\/wp-content\\\/uploads\\\/2024\\\/03\\\/Logo-EdilSystem.webp\",\"width\":2150,\"height\":571,\"caption\":\"Edil System Srl\"},\"image\":{\"@id\":\"https:\\\/\\\/copertureedilsystem.it\\\/#\\\/schema\\\/logo\\\/image\\\/\"}}]}<\/script>\n<!-- \/ Yoast SEO plugin. -->","yoast_head_json":{"title":"Rettungsleinen und feste Br\u00fcstungen - Edil System","robots":{"index":"index","follow":"follow","max-snippet":"max-snippet:-1","max-image-preview":"max-image-preview:large","max-video-preview":"max-video-preview:-1"},"canonical":"https:\/\/copertureedilsystem.it\/de\/rettungsleinen-und-feste-bruestungen\/","og_locale":"de_DE","og_type":"article","og_title":"Rettungsleinen und feste Br\u00fcstungen - Edil System","og_description":"Lebenslinienund feste Br\u00fcstungen Was wir tun Sicherheit geht vor! Wir installieren langlebige und vor allem sichere Rettungsleinen!Wir bieten Linea Vita-L\u00f6sungen an, Sicherheitssysteme zum Schutz von Arbeitnehmern, die in der H\u00f6he arbeiten. Unsere zertifizierten Fachleute installieren und warten diese Sicherheitssysteme, sorgen f\u00fcr eine sichere Arbeitsumgebung und gew\u00e4hrleisten die Einhaltung der Sicherheitsvorschriften. Jedes Produkt wird zertifiziert und [&hellip;]","og_url":"https:\/\/copertureedilsystem.it\/de\/rettungsleinen-und-feste-bruestungen\/","og_site_name":"Edil System","article_modified_time":"2024-05-13T12:57:10+00:00","twitter_card":"summary_large_image","twitter_misc":{"Gesch\u00e4tzte Lesezeit":"1\u00a0Minute"},"schema":{"@context":"https:\/\/schema.org","@graph":[{"@type":"WebPage","@id":"https:\/\/copertureedilsystem.it\/de\/rettungsleinen-und-feste-bruestungen\/","url":"https:\/\/copertureedilsystem.it\/de\/rettungsleinen-und-feste-bruestungen\/","name":"Rettungsleinen und feste Br\u00fcstungen - Edil System","isPartOf":{"@id":"https:\/\/copertureedilsystem.it\/#website"},"datePublished":"2024-03-18T10:06:29+00:00","dateModified":"2024-05-13T12:57:10+00:00","breadcrumb":{"@id":"https:\/\/copertureedilsystem.it\/de\/rettungsleinen-und-feste-bruestungen\/#breadcrumb"},"inLanguage":"de","potentialAction":[{"@type":"ReadAction","target":["https:\/\/copertureedilsystem.it\/de\/rettungsleinen-und-feste-bruestungen\/"]}]},{"@type":"BreadcrumbList","@id":"https:\/\/copertureedilsystem.it\/de\/rettungsleinen-und-feste-bruestungen\/#breadcrumb","itemListElement":[{"@type":"ListItem","position":1,"name":"Home","item":"https:\/\/copertureedilsystem.it\/de\/"},{"@type":"ListItem","position":2,"name":"Rettungsleinen und feste Br\u00fcstungen"}]},{"@type":"WebSite","@id":"https:\/\/copertureedilsystem.it\/#website","url":"https:\/\/copertureedilsystem.it\/","name":"Edil System","description":"","publisher":{"@id":"https:\/\/copertureedilsystem.it\/#organization"},"potentialAction":[{"@type":"SearchAction","target":{"@type":"EntryPoint","urlTemplate":"https:\/\/copertureedilsystem.it\/?s={search_term_string}"},"query-input":{"@type":"PropertyValueSpecification","valueRequired":true,"valueName":"search_term_string"}}],"inLanguage":"de"},{"@type":"Organization","@id":"https:\/\/copertureedilsystem.it\/#organization","name":"Edil System Srl","url":"https:\/\/copertureedilsystem.it\/","logo":{"@type":"ImageObject","inLanguage":"de","@id":"https:\/\/copertureedilsystem.it\/#\/schema\/logo\/image\/","url":"https:\/\/copertureedilsystem.it\/wp-content\/uploads\/2024\/03\/Logo-EdilSystem.webp","contentUrl":"https:\/\/copertureedilsystem.it\/wp-content\/uploads\/2024\/03\/Logo-EdilSystem.webp","width":2150,"height":571,"caption":"Edil System Srl"},"image":{"@id":"https:\/\/copertureedilsystem.it\/#\/schema\/logo\/image\/"}}]}},"_links":{"self":[{"href":"https:\/\/copertureedilsystem.it\/de\/wp-json\/wp\/v2\/pages\/814","targetHints":{"allow":["GET"]}}],"collection":[{"href":"https:\/\/copertureedilsystem.it\/de\/wp-json\/wp\/v2\/pages"}],"about":[{"href":"https:\/\/copertureedilsystem.it\/de\/wp-json\/wp\/v2\/types\/page"}],"author":[{"embeddable":true,"href":"https:\/\/copertureedilsystem.it\/de\/wp-json\/wp\/v2\/users\/1"}],"replies":[{"embeddable":true,"href":"https:\/\/copertureedilsystem.it\/de\/wp-json\/wp\/v2\/comments?post=814"}],"version-history":[{"count":7,"href":"https:\/\/copertureedilsystem.it\/de\/wp-json\/wp\/v2\/pages\/814\/revisions"}],"predecessor-version":[{"id":1914,"href":"https:\/\/copertureedilsystem.it\/de\/wp-json\/wp\/v2\/pages\/814\/revisions\/1914"}],"wp:attachment":[{"href":"https:\/\/copertureedilsystem.it\/de\/wp-json\/wp\/v2\/media?parent=814"}],"curies":[{"name":"wp","href":"https:\/\/api.w.org\/{rel}","templated":true}]}}