{"id":832,"date":"2024-03-18T11:17:20","date_gmt":"2024-03-18T10:17:20","guid":{"rendered":"https:\/\/copertureedilsystem.it\/abdichtungen-und-tpo\/"},"modified":"2024-05-13T14:56:56","modified_gmt":"2024-05-13T12:56:56","slug":"abdichtungen-und-tpo","status":"publish","type":"page","link":"https:\/\/copertureedilsystem.it\/de\/abdichtungen-und-tpo\/","title":{"rendered":"Abdichtungen und TPO"},"content":{"rendered":"\t\t<div data-elementor-type=\"wp-page\" data-elementor-id=\"832\" class=\"elementor elementor-832 elementor-450\" data-elementor-post-type=\"page\">\n\t\t\t\t<div class=\"elementor-element elementor-element-7698845 e-flex e-con-boxed e-con e-parent\" data-id=\"7698845\" data-element_type=\"container\" data-e-type=\"container\" data-settings=\"{&quot;background_background&quot;:&quot;classic&quot;}\">\n\t\t\t\t\t<div class=\"e-con-inner\">\n\t\t\t\t<div class=\"elementor-element elementor-element-1b6f1a2 elementor-widget-tablet__width-inherit elementor-widget elementor-widget-heading\" data-id=\"1b6f1a2\" data-element_type=\"widget\" data-e-type=\"widget\" data-widget_type=\"heading.default\">\n\t\t\t\t<div class=\"elementor-widget-container\">\n\t\t\t\t\t<h2 class=\"elementor-heading-title elementor-size-default\">Wasserabdichtung<br>und TPO<\/h2>\t\t\t\t<\/div>\n\t\t\t\t<\/div>\n\t\t\t\t\t<\/div>\n\t\t\t\t<\/div>\n\t\t<div class=\"elementor-element elementor-element-13f7903 e-flex e-con-boxed e-con e-parent\" data-id=\"13f7903\" data-element_type=\"container\" data-e-type=\"container\">\n\t\t\t\t\t<div class=\"e-con-inner\">\n\t\t<div class=\"elementor-element elementor-element-c496e26 e-con-full e-flex e-con e-child\" data-id=\"c496e26\" data-element_type=\"container\" data-e-type=\"container\">\n\t\t\t\t<div class=\"elementor-element elementor-element-25fe4be elementor-widget elementor-widget-heading\" data-id=\"25fe4be\" data-element_type=\"widget\" data-e-type=\"widget\" data-widget_type=\"heading.default\">\n\t\t\t\t<div class=\"elementor-widget-container\">\n\t\t\t\t\t<h2 class=\"elementor-heading-title elementor-size-default\">Was wir tun<\/h2>\t\t\t\t<\/div>\n\t\t\t\t<\/div>\n\t\t\t\t<\/div>\n\t\t<div class=\"elementor-element elementor-element-4c295f5 e-con-full e-flex e-con e-child\" data-id=\"4c295f5\" data-element_type=\"container\" data-e-type=\"container\">\n\t\t\t\t<div class=\"elementor-element elementor-element-650f048 elementor-widget elementor-widget-heading\" data-id=\"650f048\" data-element_type=\"widget\" data-e-type=\"widget\" data-widget_type=\"heading.default\">\n\t\t\t\t<div class=\"elementor-widget-container\">\n\t\t\t\t\t<h2 class=\"elementor-heading-title elementor-size-default\">Abdichtung mit Bitumen-Fl\u00fcssig- oder TPO-Polyolefin-Abdichtungsbahnen\n<\/h2>\t\t\t\t<\/div>\n\t\t\t\t<\/div>\n\t\t\t\t<div class=\"elementor-element elementor-element-b2ec427 elementor-widget elementor-widget-text-editor\" data-id=\"b2ec427\" data-element_type=\"widget\" data-e-type=\"widget\" data-widget_type=\"text-editor.default\">\n\t\t\t\t<div class=\"elementor-widget-container\">\n\t\t\t\t\t\t\t\t\t<p><b>DIE SYNTHETISCHE ABDICHTUNGSBAHN DER ZUKUNFT<\/b><\/p>\n<p>Die&nbsp;synthetischen Abdichtungsbahnen aus TPO (Polyolefinlegierungen: Polyethylen und Polypropylen) sind die Antwort auf den sich entwickelnden Abdichtungsmarkt.<br>Aufgrund ihrer hohen Alterungsbest\u00e4ndigkeit werden TPO-Abdichtungsbahnen vor allem f\u00fcr die Abdichtung von Stauseen, D\u00e4mmen und in ungiftiger Ausf\u00fchrung f\u00fcr den Schutz von Beh\u00e4ltern mit Trinkwasser und fl\u00fcssigen Lebensmitteln sowie f\u00fcr Fischzuchtanlagen eingesetzt.<br><\/p>\n<p>\nEs handelt sich um industrielle Produkte mit einer besser kontrollierbaren Qualit\u00e4t. Sie k\u00f6nnen nach Belieben eingef\u00e4rbt werden und bieten je nach Typ eine hohe chemische Stabilit\u00e4t, fast immer eine hohe Verformbarkeit, auch in kaltem Zustand: Sie sind haltbarer, ben\u00f6tigen keine Doppellage und die Qualit\u00e4t ihres Schwei\u00dfprozesses ist leichter zu kontrollieren. Einige sind selbstklebend.<\/p>\t\t\t\t\t\t\t\t<\/div>\n\t\t\t\t<\/div>\n\t\t\t\t<\/div>\n\t\t\t\t\t<\/div>\n\t\t\t\t<\/div>\n\t\t<div class=\"elementor-element elementor-element-80474f8 e-flex e-con-boxed elementor-invisible e-con e-parent\" data-id=\"80474f8\" data-element_type=\"container\" data-e-type=\"container\" data-settings=\"{&quot;background_background&quot;:&quot;classic&quot;,&quot;animation&quot;:&quot;fadeInUp&quot;}\">\n\t\t\t\t\t<div class=\"e-con-inner\">\n\t\t<div class=\"elementor-element elementor-element-1db558a e-con-full e-flex e-con e-child\" data-id=\"1db558a\" data-element_type=\"container\" data-e-type=\"container\">\n\t\t\t\t<div class=\"elementor-element elementor-element-af599c6 elementor-widget-mobile__width-inherit elementor-widget elementor-widget-heading\" data-id=\"af599c6\" data-element_type=\"widget\" data-e-type=\"widget\" data-widget_type=\"heading.default\">\n\t\t\t\t<div class=\"elementor-widget-container\">\n\t\t\t\t\t<h2 class=\"elementor-heading-title elementor-size-default\">Realizza <br>i tuoi progetti<\/h2>\t\t\t\t<\/div>\n\t\t\t\t<\/div>\n\t\t\t\t<div class=\"elementor-element elementor-element-7cd7379 elementor-widget elementor-widget-text-editor\" data-id=\"7cd7379\" data-element_type=\"widget\" data-e-type=\"widget\" data-widget_type=\"text-editor.default\">\n\t\t\t\t<div class=\"elementor-widget-container\">\n\t\t\t\t\t\t\t\t\t<p>Siamo qui per aiutarti a rendere possibile ci\u00f2 che immagini per la tua casa o il tuo edificio commerciale. Scopri come possiamo collaborare insieme per raggiungere i tuoi sogni abitativi!<\/p>\n\t\t\t\t\t\t\t\t<\/div>\n\t\t\t\t<\/div>\n\t\t<div class=\"elementor-element elementor-element-4dc2c33 e-flex e-con-boxed e-con e-child\" data-id=\"4dc2c33\" data-element_type=\"container\" data-e-type=\"container\">\n\t\t\t\t\t<div class=\"e-con-inner\">\n\t\t\t\t<div class=\"elementor-element elementor-element-bde2911 elementor-widget elementor-widget-button\" data-id=\"bde2911\" data-element_type=\"widget\" data-e-type=\"widget\" data-widget_type=\"button.default\">\n\t\t\t\t<div class=\"elementor-widget-container\">\n\t\t\t\t\t\t\t\t\t<div class=\"elementor-button-wrapper\">\n\t\t\t\t\t<a class=\"elementor-button elementor-button-link elementor-size-sm\" href=\"tel:+05361856908\">\n\t\t\t\t\t\t<span class=\"elementor-button-content-wrapper\">\n\t\t\t\t\t\t\t\t\t<span class=\"elementor-button-text\">CHIAMA ORA<\/span>\n\t\t\t\t\t<\/span>\n\t\t\t\t\t<\/a>\n\t\t\t\t<\/div>\n\t\t\t\t\t\t\t\t<\/div>\n\t\t\t\t<\/div>\n\t\t\t\t<div class=\"elementor-element elementor-element-b16cc28 elementor-widget elementor-widget-button\" data-id=\"b16cc28\" data-element_type=\"widget\" data-e-type=\"widget\" data-widget_type=\"button.default\">\n\t\t\t\t<div class=\"elementor-widget-container\">\n\t\t\t\t\t\t\t\t\t<div class=\"elementor-button-wrapper\">\n\t\t\t\t\t<a class=\"elementor-button elementor-button-link elementor-size-sm\" href=\"mailto:info@edilsystem.it\">\n\t\t\t\t\t\t<span class=\"elementor-button-content-wrapper\">\n\t\t\t\t\t\t\t\t\t<span class=\"elementor-button-text\">SCRIVICI<\/span>\n\t\t\t\t\t<\/span>\n\t\t\t\t\t<\/a>\n\t\t\t\t<\/div>\n\t\t\t\t\t\t\t\t<\/div>\n\t\t\t\t<\/div>\n\t\t\t\t\t<\/div>\n\t\t\t\t<\/div>\n\t\t\t\t<\/div>\n\t\t\t\t\t<\/div>\n\t\t\t\t<\/div>\n\t\t\t\t<\/div>\n\t\t","protected":false},"excerpt":{"rendered":"<p>Wasserabdichtungund TPO Was wir tun Abdichtung mit Bitumen-Fl\u00fcssig- oder TPO-Polyolefin-Abdichtungsbahnen DIE SYNTHETISCHE ABDICHTUNGSBAHN DER ZUKUNFT Die&nbsp;synthetischen Abdichtungsbahnen aus TPO (Polyolefinlegierungen: Polyethylen und Polypropylen) sind die Antwort auf den sich entwickelnden Abdichtungsmarkt.Aufgrund ihrer hohen Alterungsbest\u00e4ndigkeit werden TPO-Abdichtungsbahnen vor allem f\u00fcr die Abdichtung von Stauseen, D\u00e4mmen und in ungiftiger Ausf\u00fchrung f\u00fcr den Schutz von Beh\u00e4ltern mit Trinkwasser [&hellip;]<\/p>\n","protected":false},"author":1,"featured_media":0,"parent":0,"menu_order":0,"comment_status":"closed","ping_status":"closed","template":"","meta":{"footnotes":""},"class_list":["post-832","page","type-page","status-publish","hentry"],"yoast_head":"<!-- This site is optimized with the Yoast SEO plugin v27.3 - https:\/\/yoast.com\/product\/yoast-seo-wordpress\/ -->\n<title>Abdichtungen und TPO - Edil System<\/title>\n<meta name=\"robots\" content=\"index, follow, max-snippet:-1, max-image-preview:large, max-video-preview:-1\" \/>\n<link rel=\"canonical\" href=\"https:\/\/copertureedilsystem.it\/de\/abdichtungen-und-tpo\/\" \/>\n<meta property=\"og:locale\" content=\"de_DE\" \/>\n<meta property=\"og:type\" content=\"article\" \/>\n<meta property=\"og:title\" content=\"Abdichtungen und TPO - Edil System\" \/>\n<meta property=\"og:description\" content=\"Wasserabdichtungund TPO Was wir tun Abdichtung mit Bitumen-Fl\u00fcssig- oder TPO-Polyolefin-Abdichtungsbahnen DIE SYNTHETISCHE ABDICHTUNGSBAHN DER ZUKUNFT Die&nbsp;synthetischen Abdichtungsbahnen aus TPO (Polyolefinlegierungen: Polyethylen und Polypropylen) sind die Antwort auf den sich entwickelnden Abdichtungsmarkt.Aufgrund ihrer hohen Alterungsbest\u00e4ndigkeit werden TPO-Abdichtungsbahnen vor allem f\u00fcr die Abdichtung von Stauseen, D\u00e4mmen und in ungiftiger Ausf\u00fchrung f\u00fcr den Schutz von Beh\u00e4ltern mit Trinkwasser [&hellip;]\" \/>\n<meta property=\"og:url\" content=\"https:\/\/copertureedilsystem.it\/de\/abdichtungen-und-tpo\/\" \/>\n<meta property=\"og:site_name\" content=\"Edil System\" \/>\n<meta property=\"article:modified_time\" content=\"2024-05-13T12:56:56+00:00\" \/>\n<meta name=\"twitter:card\" content=\"summary_large_image\" \/>\n<meta name=\"twitter:label1\" content=\"Gesch\u00e4tzte Lesezeit\" \/>\n\t<meta name=\"twitter:data1\" content=\"1\u00a0Minute\" \/>\n<script type=\"application\/ld+json\" class=\"yoast-schema-graph\">{\"@context\":\"https:\\\/\\\/schema.org\",\"@graph\":[{\"@type\":\"WebPage\",\"@id\":\"https:\\\/\\\/copertureedilsystem.it\\\/de\\\/abdichtungen-und-tpo\\\/\",\"url\":\"https:\\\/\\\/copertureedilsystem.it\\\/de\\\/abdichtungen-und-tpo\\\/\",\"name\":\"Abdichtungen und TPO - Edil System\",\"isPartOf\":{\"@id\":\"https:\\\/\\\/copertureedilsystem.it\\\/#website\"},\"datePublished\":\"2024-03-18T10:17:20+00:00\",\"dateModified\":\"2024-05-13T12:56:56+00:00\",\"breadcrumb\":{\"@id\":\"https:\\\/\\\/copertureedilsystem.it\\\/de\\\/abdichtungen-und-tpo\\\/#breadcrumb\"},\"inLanguage\":\"de\",\"potentialAction\":[{\"@type\":\"ReadAction\",\"target\":[\"https:\\\/\\\/copertureedilsystem.it\\\/de\\\/abdichtungen-und-tpo\\\/\"]}]},{\"@type\":\"BreadcrumbList\",\"@id\":\"https:\\\/\\\/copertureedilsystem.it\\\/de\\\/abdichtungen-und-tpo\\\/#breadcrumb\",\"itemListElement\":[{\"@type\":\"ListItem\",\"position\":1,\"name\":\"Home\",\"item\":\"https:\\\/\\\/copertureedilsystem.it\\\/de\\\/\"},{\"@type\":\"ListItem\",\"position\":2,\"name\":\"Abdichtungen und TPO\"}]},{\"@type\":\"WebSite\",\"@id\":\"https:\\\/\\\/copertureedilsystem.it\\\/#website\",\"url\":\"https:\\\/\\\/copertureedilsystem.it\\\/\",\"name\":\"Edil System\",\"description\":\"\",\"publisher\":{\"@id\":\"https:\\\/\\\/copertureedilsystem.it\\\/#organization\"},\"potentialAction\":[{\"@type\":\"SearchAction\",\"target\":{\"@type\":\"EntryPoint\",\"urlTemplate\":\"https:\\\/\\\/copertureedilsystem.it\\\/?s={search_term_string}\"},\"query-input\":{\"@type\":\"PropertyValueSpecification\",\"valueRequired\":true,\"valueName\":\"search_term_string\"}}],\"inLanguage\":\"de\"},{\"@type\":\"Organization\",\"@id\":\"https:\\\/\\\/copertureedilsystem.it\\\/#organization\",\"name\":\"Edil System Srl\",\"url\":\"https:\\\/\\\/copertureedilsystem.it\\\/\",\"logo\":{\"@type\":\"ImageObject\",\"inLanguage\":\"de\",\"@id\":\"https:\\\/\\\/copertureedilsystem.it\\\/#\\\/schema\\\/logo\\\/image\\\/\",\"url\":\"https:\\\/\\\/copertureedilsystem.it\\\/wp-content\\\/uploads\\\/2024\\\/03\\\/Logo-EdilSystem.webp\",\"contentUrl\":\"https:\\\/\\\/copertureedilsystem.it\\\/wp-content\\\/uploads\\\/2024\\\/03\\\/Logo-EdilSystem.webp\",\"width\":2150,\"height\":571,\"caption\":\"Edil System Srl\"},\"image\":{\"@id\":\"https:\\\/\\\/copertureedilsystem.it\\\/#\\\/schema\\\/logo\\\/image\\\/\"}}]}<\/script>\n<!-- \/ Yoast SEO plugin. -->","yoast_head_json":{"title":"Abdichtungen und TPO - Edil System","robots":{"index":"index","follow":"follow","max-snippet":"max-snippet:-1","max-image-preview":"max-image-preview:large","max-video-preview":"max-video-preview:-1"},"canonical":"https:\/\/copertureedilsystem.it\/de\/abdichtungen-und-tpo\/","og_locale":"de_DE","og_type":"article","og_title":"Abdichtungen und TPO - Edil System","og_description":"Wasserabdichtungund TPO Was wir tun Abdichtung mit Bitumen-Fl\u00fcssig- oder TPO-Polyolefin-Abdichtungsbahnen DIE SYNTHETISCHE ABDICHTUNGSBAHN DER ZUKUNFT Die&nbsp;synthetischen Abdichtungsbahnen aus TPO (Polyolefinlegierungen: Polyethylen und Polypropylen) sind die Antwort auf den sich entwickelnden Abdichtungsmarkt.Aufgrund ihrer hohen Alterungsbest\u00e4ndigkeit werden TPO-Abdichtungsbahnen vor allem f\u00fcr die Abdichtung von Stauseen, D\u00e4mmen und in ungiftiger Ausf\u00fchrung f\u00fcr den Schutz von Beh\u00e4ltern mit Trinkwasser [&hellip;]","og_url":"https:\/\/copertureedilsystem.it\/de\/abdichtungen-und-tpo\/","og_site_name":"Edil System","article_modified_time":"2024-05-13T12:56:56+00:00","twitter_card":"summary_large_image","twitter_misc":{"Gesch\u00e4tzte Lesezeit":"1\u00a0Minute"},"schema":{"@context":"https:\/\/schema.org","@graph":[{"@type":"WebPage","@id":"https:\/\/copertureedilsystem.it\/de\/abdichtungen-und-tpo\/","url":"https:\/\/copertureedilsystem.it\/de\/abdichtungen-und-tpo\/","name":"Abdichtungen und TPO - Edil System","isPartOf":{"@id":"https:\/\/copertureedilsystem.it\/#website"},"datePublished":"2024-03-18T10:17:20+00:00","dateModified":"2024-05-13T12:56:56+00:00","breadcrumb":{"@id":"https:\/\/copertureedilsystem.it\/de\/abdichtungen-und-tpo\/#breadcrumb"},"inLanguage":"de","potentialAction":[{"@type":"ReadAction","target":["https:\/\/copertureedilsystem.it\/de\/abdichtungen-und-tpo\/"]}]},{"@type":"BreadcrumbList","@id":"https:\/\/copertureedilsystem.it\/de\/abdichtungen-und-tpo\/#breadcrumb","itemListElement":[{"@type":"ListItem","position":1,"name":"Home","item":"https:\/\/copertureedilsystem.it\/de\/"},{"@type":"ListItem","position":2,"name":"Abdichtungen und TPO"}]},{"@type":"WebSite","@id":"https:\/\/copertureedilsystem.it\/#website","url":"https:\/\/copertureedilsystem.it\/","name":"Edil System","description":"","publisher":{"@id":"https:\/\/copertureedilsystem.it\/#organization"},"potentialAction":[{"@type":"SearchAction","target":{"@type":"EntryPoint","urlTemplate":"https:\/\/copertureedilsystem.it\/?s={search_term_string}"},"query-input":{"@type":"PropertyValueSpecification","valueRequired":true,"valueName":"search_term_string"}}],"inLanguage":"de"},{"@type":"Organization","@id":"https:\/\/copertureedilsystem.it\/#organization","name":"Edil System Srl","url":"https:\/\/copertureedilsystem.it\/","logo":{"@type":"ImageObject","inLanguage":"de","@id":"https:\/\/copertureedilsystem.it\/#\/schema\/logo\/image\/","url":"https:\/\/copertureedilsystem.it\/wp-content\/uploads\/2024\/03\/Logo-EdilSystem.webp","contentUrl":"https:\/\/copertureedilsystem.it\/wp-content\/uploads\/2024\/03\/Logo-EdilSystem.webp","width":2150,"height":571,"caption":"Edil System Srl"},"image":{"@id":"https:\/\/copertureedilsystem.it\/#\/schema\/logo\/image\/"}}]}},"_links":{"self":[{"href":"https:\/\/copertureedilsystem.it\/de\/wp-json\/wp\/v2\/pages\/832","targetHints":{"allow":["GET"]}}],"collection":[{"href":"https:\/\/copertureedilsystem.it\/de\/wp-json\/wp\/v2\/pages"}],"about":[{"href":"https:\/\/copertureedilsystem.it\/de\/wp-json\/wp\/v2\/types\/page"}],"author":[{"embeddable":true,"href":"https:\/\/copertureedilsystem.it\/de\/wp-json\/wp\/v2\/users\/1"}],"replies":[{"embeddable":true,"href":"https:\/\/copertureedilsystem.it\/de\/wp-json\/wp\/v2\/comments?post=832"}],"version-history":[{"count":6,"href":"https:\/\/copertureedilsystem.it\/de\/wp-json\/wp\/v2\/pages\/832\/revisions"}],"predecessor-version":[{"id":1907,"href":"https:\/\/copertureedilsystem.it\/de\/wp-json\/wp\/v2\/pages\/832\/revisions\/1907"}],"wp:attachment":[{"href":"https:\/\/copertureedilsystem.it\/de\/wp-json\/wp\/v2\/media?parent=832"}],"curies":[{"name":"wp","href":"https:\/\/api.w.org\/{rel}","templated":true}]}}