{"id":846,"date":"2024-03-15T16:51:08","date_gmt":"2024-03-15T15:51:08","guid":{"rendered":"https:\/\/copertureedilsystem.it\/dachrinnen-abdeckungen-und-schornsteine\/"},"modified":"2024-05-13T14:54:02","modified_gmt":"2024-05-13T12:54:02","slug":"dachrinnen-abdeckungen-und-schornsteine","status":"publish","type":"page","link":"https:\/\/copertureedilsystem.it\/de\/dachrinnen-abdeckungen-und-schornsteine\/","title":{"rendered":"Dachrinnen, Abdeckungen und Schornsteine"},"content":{"rendered":"\t\t<div data-elementor-type=\"wp-page\" data-elementor-id=\"846\" class=\"elementor elementor-846 elementor-347\" data-elementor-post-type=\"page\">\n\t\t\t\t<div class=\"elementor-element elementor-element-7698845 e-flex e-con-boxed e-con e-parent\" data-id=\"7698845\" data-element_type=\"container\" data-e-type=\"container\" data-settings=\"{&quot;background_background&quot;:&quot;classic&quot;}\">\n\t\t\t\t\t<div class=\"e-con-inner\">\n\t\t\t\t<div class=\"elementor-element elementor-element-1b6f1a2 elementor-widget-tablet__width-inherit elementor-widget elementor-widget-heading\" data-id=\"1b6f1a2\" data-element_type=\"widget\" data-e-type=\"widget\" data-widget_type=\"heading.default\">\n\t\t\t\t<div class=\"elementor-widget-container\">\n\t\t\t\t\t<h2 class=\"elementor-heading-title elementor-size-default\">Dachrinnen,<br>Abdeckungen und Schornsteine<\/h2>\t\t\t\t<\/div>\n\t\t\t\t<\/div>\n\t\t\t\t\t<\/div>\n\t\t\t\t<\/div>\n\t\t<div class=\"elementor-element elementor-element-13f7903 e-flex e-con-boxed e-con e-parent\" data-id=\"13f7903\" data-element_type=\"container\" data-e-type=\"container\">\n\t\t\t\t\t<div class=\"e-con-inner\">\n\t\t<div class=\"elementor-element elementor-element-c496e26 e-con-full e-flex e-con e-child\" data-id=\"c496e26\" data-element_type=\"container\" data-e-type=\"container\">\n\t\t\t\t<div class=\"elementor-element elementor-element-25fe4be elementor-widget elementor-widget-heading\" data-id=\"25fe4be\" data-element_type=\"widget\" data-e-type=\"widget\" data-widget_type=\"heading.default\">\n\t\t\t\t<div class=\"elementor-widget-container\">\n\t\t\t\t\t<h2 class=\"elementor-heading-title elementor-size-default\">Was wir tun<\/h2>\t\t\t\t<\/div>\n\t\t\t\t<\/div>\n\t\t\t\t<\/div>\n\t\t<div class=\"elementor-element elementor-element-4c295f5 e-con-full e-flex e-con e-child\" data-id=\"4c295f5\" data-element_type=\"container\" data-e-type=\"container\">\n\t\t\t\t<div class=\"elementor-element elementor-element-ec77fce elementor-widget elementor-widget-heading\" data-id=\"ec77fce\" data-element_type=\"widget\" data-e-type=\"widget\" data-widget_type=\"heading.default\">\n\t\t\t\t<div class=\"elementor-widget-container\">\n\t\t\t\t\t<h2 class=\"elementor-heading-title elementor-size-default\">Dachdecker-Blecharbeiten<\/h2>\t\t\t\t<\/div>\n\t\t\t\t<\/div>\n\t\t\t\t<div class=\"elementor-element elementor-element-b2ec427 elementor-widget elementor-widget-text-editor\" data-id=\"b2ec427\" data-element_type=\"widget\" data-e-type=\"widget\" data-widget_type=\"text-editor.default\">\n\t\t\t\t<div class=\"elementor-widget-container\">\n\t\t\t\t\t\t\t\t\t<p>Der Spengler ist auch ein Fachmann f\u00fcr die Bedachung von Geb\u00e4uden und kann, wenn er im Besitz einer speziellen Lizenz ist, T\u00e4tigkeiten ausf\u00fchren, die f\u00fcr die Sanierung und Beseitigung von Asbest unerl\u00e4sslich sind.<\/p>\n<p>Metallbeschichtungen k\u00f6nnen sowohl auf die Fassaden als auch auf die D\u00e4cher von H\u00e4usern oder Industriegeb\u00e4uden aufgetragen werden, um deren Effizienz zu erh\u00f6hen und ihr Aussehen zu verbessern.<\/p>\n<p>Im ersten Fall kann der Spengler isolierende Platten aus Kupfer oder mit einem sch\u00f6nen Ziegel-Effekt anfertigen, im zweiten Fall k\u00f6nnen Sie sich f\u00fcr ein vorlackiertes Aluminium-Wellblech entscheiden: preiswert, widerstandsf\u00e4hig und besonders geeignet f\u00fcr gro\u00dfe D\u00e4cher.<\/p>\n\t\t\t\t\t\t\t\t<\/div>\n\t\t\t\t<\/div>\n\t\t\t\t<\/div>\n\t\t\t\t\t<\/div>\n\t\t\t\t<\/div>\n\t\t<div class=\"elementor-element elementor-element-820082c e-flex e-con-boxed e-con e-parent\" data-id=\"820082c\" data-element_type=\"container\" data-e-type=\"container\">\n\t\t\t\t\t<div class=\"e-con-inner\">\n\t\t<div class=\"elementor-element elementor-element-7295365 e-flex e-con-boxed e-con e-child\" data-id=\"7295365\" data-element_type=\"container\" data-e-type=\"container\" data-settings=\"{&quot;background_background&quot;:&quot;classic&quot;}\">\n\t\t\t\t\t<div class=\"e-con-inner\">\n\t\t\t\t\t<\/div>\n\t\t\t\t<\/div>\n\t\t\t\t\t<\/div>\n\t\t\t\t<\/div>\n\t\t<div class=\"elementor-element elementor-element-31a2753 e-flex e-con-boxed e-con e-parent\" data-id=\"31a2753\" data-element_type=\"container\" data-e-type=\"container\">\n\t\t\t\t\t<div class=\"e-con-inner\">\n\t\t<div class=\"elementor-element elementor-element-ff1fb1c e-con-full e-flex e-con e-child\" data-id=\"ff1fb1c\" data-element_type=\"container\" data-e-type=\"container\">\n\t\t<div class=\"elementor-element elementor-element-2f45146 e-flex e-con-boxed e-con e-child\" data-id=\"2f45146\" data-element_type=\"container\" data-e-type=\"container\" data-settings=\"{&quot;background_background&quot;:&quot;slideshow&quot;,&quot;background_slideshow_gallery&quot;:[{&quot;id&quot;:355,&quot;url&quot;:&quot;https:\\\/\\\/edilsystem.digital-comm.it\\\/wp-content\\\/uploads\\\/2024\\\/03\\\/LATTONERIA-768x1024_11zon.webp&quot;},{&quot;id&quot;:356,&quot;url&quot;:&quot;https:\\\/\\\/edilsystem.digital-comm.it\\\/wp-content\\\/uploads\\\/2024\\\/03\\\/LATTONERIA-5-768x1024_11zon.webp&quot;},{&quot;id&quot;:357,&quot;url&quot;:&quot;https:\\\/\\\/edilsystem.digital-comm.it\\\/wp-content\\\/uploads\\\/2024\\\/03\\\/LATTONERIA-4-768x1024_11zon.webp&quot;},{&quot;id&quot;:358,&quot;url&quot;:&quot;https:\\\/\\\/edilsystem.digital-comm.it\\\/wp-content\\\/uploads\\\/2024\\\/03\\\/LATTONERIA-3-768x1024_11zon.webp&quot;},{&quot;id&quot;:359,&quot;url&quot;:&quot;https:\\\/\\\/edilsystem.digital-comm.it\\\/wp-content\\\/uploads\\\/2024\\\/03\\\/LATTONERIA-2-768x1024_11zon-1.webp&quot;}],&quot;background_slideshow_loop&quot;:&quot;yes&quot;,&quot;background_slideshow_slide_duration&quot;:5000,&quot;background_slideshow_slide_transition&quot;:&quot;fade&quot;,&quot;background_slideshow_transition_duration&quot;:500}\">\n\t\t\t\t\t<div class=\"e-con-inner\">\n\t\t\t\t\t<\/div>\n\t\t\t\t<\/div>\n\t\t<div class=\"elementor-element elementor-element-c06ba58 e-flex e-con-boxed e-con e-child\" data-id=\"c06ba58\" data-element_type=\"container\" data-e-type=\"container\">\n\t\t\t\t\t<div class=\"e-con-inner\">\n\t\t\t\t<div class=\"elementor-element elementor-element-ece719b elementor-widget elementor-widget-heading\" data-id=\"ece719b\" data-element_type=\"widget\" data-e-type=\"widget\" data-widget_type=\"heading.default\">\n\t\t\t\t<div class=\"elementor-widget-container\">\n\t\t\t\t\t<h2 class=\"elementor-heading-title elementor-size-default\">Dachrinnen, Abdeckungen und Schornsteine aus Kupfer, Aluminium und Stahl<\/h2>\t\t\t\t<\/div>\n\t\t\t\t<\/div>\n\t\t\t\t<div class=\"elementor-element elementor-element-951c9dd elementor-widget elementor-widget-text-editor\" data-id=\"951c9dd\" data-element_type=\"widget\" data-e-type=\"widget\" data-widget_type=\"text-editor.default\">\n\t\t\t\t<div class=\"elementor-widget-container\">\n\t\t\t\t\t\t\t\t\t<p>Aber was sind die Bauelemente, die der Spengler nach Ma\u00df anfertigt? In erster Linie kann der Spengler mit Kan\u00e4len, Rohren und Verbindungen umgehen, aber auch mit sichtbaren, aber nicht weniger n\u00fctzlichen Elementen und Verarbeitungen.<\/p><p>\nDie pr\u00e4zise Planung und Herstellung von Kupfer- oder Aluminiumblechabdeckungen und Dachrinnen beispielsweise ist f\u00fcr eine optimale Abdichtung des Geb\u00e4udes unerl\u00e4sslich, da sie das Regenwasser abflie\u00dfen lassen und nicht ins Innere einsickern.<\/p><p>\nDie gleichen Metalle k\u00f6nnen auch f\u00fcr den Bau von Schornsteinkappen verwendet werden, den Endst\u00fccken des Schornsteins, die das Eindringen von Regen in den Schornstein verhindern.<br>\nDer Spengler wird die effizienteste Form und das effizienteste Modell studieren und sie aus dem f\u00fcr die jeweilige Situation am besten geeigneten Material herstellen.<\/p>\t\t\t\t\t\t\t\t<\/div>\n\t\t\t\t<\/div>\n\t\t\t\t\t<\/div>\n\t\t\t\t<\/div>\n\t\t\t\t<\/div>\n\t\t\t\t\t<\/div>\n\t\t\t\t<\/div>\n\t\t<div class=\"elementor-element elementor-element-e7a8111 e-flex e-con-boxed elementor-invisible e-con e-parent\" data-id=\"e7a8111\" data-element_type=\"container\" data-e-type=\"container\" data-settings=\"{&quot;background_background&quot;:&quot;classic&quot;,&quot;animation&quot;:&quot;fadeInUp&quot;}\">\n\t\t\t\t\t<div class=\"e-con-inner\">\n\t\t<div class=\"elementor-element elementor-element-9f7dc17 e-con-full e-flex e-con e-child\" data-id=\"9f7dc17\" data-element_type=\"container\" data-e-type=\"container\">\n\t\t\t\t<div class=\"elementor-element elementor-element-2c5532a elementor-widget-mobile__width-inherit elementor-widget elementor-widget-heading\" data-id=\"2c5532a\" data-element_type=\"widget\" data-e-type=\"widget\" data-widget_type=\"heading.default\">\n\t\t\t\t<div class=\"elementor-widget-container\">\n\t\t\t\t\t<h2 class=\"elementor-heading-title elementor-size-default\">Realizza <br>i tuoi progetti<\/h2>\t\t\t\t<\/div>\n\t\t\t\t<\/div>\n\t\t\t\t<div class=\"elementor-element elementor-element-eb5d5cb elementor-widget elementor-widget-text-editor\" data-id=\"eb5d5cb\" data-element_type=\"widget\" data-e-type=\"widget\" data-widget_type=\"text-editor.default\">\n\t\t\t\t<div class=\"elementor-widget-container\">\n\t\t\t\t\t\t\t\t\t<p>Siamo qui per aiutarti a rendere possibile ci\u00f2 che immagini per la tua casa o il tuo edificio commerciale. Scopri come possiamo collaborare insieme per raggiungere i tuoi sogni abitativi!<\/p>\n\t\t\t\t\t\t\t\t<\/div>\n\t\t\t\t<\/div>\n\t\t<div class=\"elementor-element elementor-element-02c2278 e-flex e-con-boxed e-con e-child\" data-id=\"02c2278\" data-element_type=\"container\" data-e-type=\"container\">\n\t\t\t\t\t<div class=\"e-con-inner\">\n\t\t\t\t<div class=\"elementor-element elementor-element-8a072ac elementor-widget elementor-widget-button\" data-id=\"8a072ac\" data-element_type=\"widget\" data-e-type=\"widget\" data-widget_type=\"button.default\">\n\t\t\t\t<div class=\"elementor-widget-container\">\n\t\t\t\t\t\t\t\t\t<div class=\"elementor-button-wrapper\">\n\t\t\t\t\t<a class=\"elementor-button elementor-button-link elementor-size-sm\" href=\"tel:+05361856908\">\n\t\t\t\t\t\t<span class=\"elementor-button-content-wrapper\">\n\t\t\t\t\t\t\t\t\t<span class=\"elementor-button-text\">CHIAMA ORA<\/span>\n\t\t\t\t\t<\/span>\n\t\t\t\t\t<\/a>\n\t\t\t\t<\/div>\n\t\t\t\t\t\t\t\t<\/div>\n\t\t\t\t<\/div>\n\t\t\t\t<div class=\"elementor-element elementor-element-bd37206 elementor-widget elementor-widget-button\" data-id=\"bd37206\" data-element_type=\"widget\" data-e-type=\"widget\" data-widget_type=\"button.default\">\n\t\t\t\t<div class=\"elementor-widget-container\">\n\t\t\t\t\t\t\t\t\t<div class=\"elementor-button-wrapper\">\n\t\t\t\t\t<a class=\"elementor-button elementor-button-link elementor-size-sm\" href=\"mailto:info@edilsystem.it\">\n\t\t\t\t\t\t<span class=\"elementor-button-content-wrapper\">\n\t\t\t\t\t\t\t\t\t<span class=\"elementor-button-text\">SCRIVICI<\/span>\n\t\t\t\t\t<\/span>\n\t\t\t\t\t<\/a>\n\t\t\t\t<\/div>\n\t\t\t\t\t\t\t\t<\/div>\n\t\t\t\t<\/div>\n\t\t\t\t\t<\/div>\n\t\t\t\t<\/div>\n\t\t\t\t<\/div>\n\t\t\t\t\t<\/div>\n\t\t\t\t<\/div>\n\t\t\t\t<\/div>\n\t\t","protected":false},"excerpt":{"rendered":"<p>Dachrinnen,Abdeckungen und Schornsteine Was wir tun Dachdecker-Blecharbeiten Der Spengler ist auch ein Fachmann f\u00fcr die Bedachung von Geb\u00e4uden und kann, wenn er im Besitz einer speziellen Lizenz ist, T\u00e4tigkeiten ausf\u00fchren, die f\u00fcr die Sanierung und Beseitigung von Asbest unerl\u00e4sslich sind. Metallbeschichtungen k\u00f6nnen sowohl auf die Fassaden als auch auf die D\u00e4cher von H\u00e4usern oder Industriegeb\u00e4uden [&hellip;]<\/p>\n","protected":false},"author":1,"featured_media":0,"parent":0,"menu_order":0,"comment_status":"closed","ping_status":"closed","template":"","meta":{"footnotes":""},"class_list":["post-846","page","type-page","status-publish","hentry"],"yoast_head":"<!-- This site is optimized with the Yoast SEO plugin v27.3 - https:\/\/yoast.com\/product\/yoast-seo-wordpress\/ -->\n<title>Dachrinnen, Abdeckungen und Schornsteine - Edil System<\/title>\n<meta name=\"robots\" content=\"index, follow, max-snippet:-1, max-image-preview:large, max-video-preview:-1\" \/>\n<link rel=\"canonical\" href=\"https:\/\/copertureedilsystem.it\/de\/dachrinnen-abdeckungen-und-schornsteine\/\" \/>\n<meta property=\"og:locale\" content=\"de_DE\" \/>\n<meta property=\"og:type\" content=\"article\" \/>\n<meta property=\"og:title\" content=\"Dachrinnen, Abdeckungen und Schornsteine - Edil System\" \/>\n<meta property=\"og:description\" content=\"Dachrinnen,Abdeckungen und Schornsteine Was wir tun Dachdecker-Blecharbeiten Der Spengler ist auch ein Fachmann f\u00fcr die Bedachung von Geb\u00e4uden und kann, wenn er im Besitz einer speziellen Lizenz ist, T\u00e4tigkeiten ausf\u00fchren, die f\u00fcr die Sanierung und Beseitigung von Asbest unerl\u00e4sslich sind. Metallbeschichtungen k\u00f6nnen sowohl auf die Fassaden als auch auf die D\u00e4cher von H\u00e4usern oder Industriegeb\u00e4uden [&hellip;]\" \/>\n<meta property=\"og:url\" content=\"https:\/\/copertureedilsystem.it\/de\/dachrinnen-abdeckungen-und-schornsteine\/\" \/>\n<meta property=\"og:site_name\" content=\"Edil System\" \/>\n<meta property=\"article:modified_time\" content=\"2024-05-13T12:54:02+00:00\" \/>\n<meta name=\"twitter:card\" content=\"summary_large_image\" \/>\n<meta name=\"twitter:label1\" content=\"Gesch\u00e4tzte Lesezeit\" \/>\n\t<meta name=\"twitter:data1\" content=\"1\u00a0Minute\" \/>\n<script type=\"application\/ld+json\" class=\"yoast-schema-graph\">{\"@context\":\"https:\\\/\\\/schema.org\",\"@graph\":[{\"@type\":\"WebPage\",\"@id\":\"https:\\\/\\\/copertureedilsystem.it\\\/de\\\/dachrinnen-abdeckungen-und-schornsteine\\\/\",\"url\":\"https:\\\/\\\/copertureedilsystem.it\\\/de\\\/dachrinnen-abdeckungen-und-schornsteine\\\/\",\"name\":\"Dachrinnen, Abdeckungen und Schornsteine - Edil System\",\"isPartOf\":{\"@id\":\"https:\\\/\\\/copertureedilsystem.it\\\/#website\"},\"datePublished\":\"2024-03-15T15:51:08+00:00\",\"dateModified\":\"2024-05-13T12:54:02+00:00\",\"breadcrumb\":{\"@id\":\"https:\\\/\\\/copertureedilsystem.it\\\/de\\\/dachrinnen-abdeckungen-und-schornsteine\\\/#breadcrumb\"},\"inLanguage\":\"de\",\"potentialAction\":[{\"@type\":\"ReadAction\",\"target\":[\"https:\\\/\\\/copertureedilsystem.it\\\/de\\\/dachrinnen-abdeckungen-und-schornsteine\\\/\"]}]},{\"@type\":\"BreadcrumbList\",\"@id\":\"https:\\\/\\\/copertureedilsystem.it\\\/de\\\/dachrinnen-abdeckungen-und-schornsteine\\\/#breadcrumb\",\"itemListElement\":[{\"@type\":\"ListItem\",\"position\":1,\"name\":\"Home\",\"item\":\"https:\\\/\\\/copertureedilsystem.it\\\/de\\\/\"},{\"@type\":\"ListItem\",\"position\":2,\"name\":\"Dachrinnen, Abdeckungen und Schornsteine\"}]},{\"@type\":\"WebSite\",\"@id\":\"https:\\\/\\\/copertureedilsystem.it\\\/#website\",\"url\":\"https:\\\/\\\/copertureedilsystem.it\\\/\",\"name\":\"Edil System\",\"description\":\"\",\"publisher\":{\"@id\":\"https:\\\/\\\/copertureedilsystem.it\\\/#organization\"},\"potentialAction\":[{\"@type\":\"SearchAction\",\"target\":{\"@type\":\"EntryPoint\",\"urlTemplate\":\"https:\\\/\\\/copertureedilsystem.it\\\/?s={search_term_string}\"},\"query-input\":{\"@type\":\"PropertyValueSpecification\",\"valueRequired\":true,\"valueName\":\"search_term_string\"}}],\"inLanguage\":\"de\"},{\"@type\":\"Organization\",\"@id\":\"https:\\\/\\\/copertureedilsystem.it\\\/#organization\",\"name\":\"Edil System Srl\",\"url\":\"https:\\\/\\\/copertureedilsystem.it\\\/\",\"logo\":{\"@type\":\"ImageObject\",\"inLanguage\":\"de\",\"@id\":\"https:\\\/\\\/copertureedilsystem.it\\\/#\\\/schema\\\/logo\\\/image\\\/\",\"url\":\"https:\\\/\\\/copertureedilsystem.it\\\/wp-content\\\/uploads\\\/2024\\\/03\\\/Logo-EdilSystem.webp\",\"contentUrl\":\"https:\\\/\\\/copertureedilsystem.it\\\/wp-content\\\/uploads\\\/2024\\\/03\\\/Logo-EdilSystem.webp\",\"width\":2150,\"height\":571,\"caption\":\"Edil System Srl\"},\"image\":{\"@id\":\"https:\\\/\\\/copertureedilsystem.it\\\/#\\\/schema\\\/logo\\\/image\\\/\"}}]}<\/script>\n<!-- \/ Yoast SEO plugin. -->","yoast_head_json":{"title":"Dachrinnen, Abdeckungen und Schornsteine - Edil System","robots":{"index":"index","follow":"follow","max-snippet":"max-snippet:-1","max-image-preview":"max-image-preview:large","max-video-preview":"max-video-preview:-1"},"canonical":"https:\/\/copertureedilsystem.it\/de\/dachrinnen-abdeckungen-und-schornsteine\/","og_locale":"de_DE","og_type":"article","og_title":"Dachrinnen, Abdeckungen und Schornsteine - Edil System","og_description":"Dachrinnen,Abdeckungen und Schornsteine Was wir tun Dachdecker-Blecharbeiten Der Spengler ist auch ein Fachmann f\u00fcr die Bedachung von Geb\u00e4uden und kann, wenn er im Besitz einer speziellen Lizenz ist, T\u00e4tigkeiten ausf\u00fchren, die f\u00fcr die Sanierung und Beseitigung von Asbest unerl\u00e4sslich sind. Metallbeschichtungen k\u00f6nnen sowohl auf die Fassaden als auch auf die D\u00e4cher von H\u00e4usern oder Industriegeb\u00e4uden [&hellip;]","og_url":"https:\/\/copertureedilsystem.it\/de\/dachrinnen-abdeckungen-und-schornsteine\/","og_site_name":"Edil System","article_modified_time":"2024-05-13T12:54:02+00:00","twitter_card":"summary_large_image","twitter_misc":{"Gesch\u00e4tzte Lesezeit":"1\u00a0Minute"},"schema":{"@context":"https:\/\/schema.org","@graph":[{"@type":"WebPage","@id":"https:\/\/copertureedilsystem.it\/de\/dachrinnen-abdeckungen-und-schornsteine\/","url":"https:\/\/copertureedilsystem.it\/de\/dachrinnen-abdeckungen-und-schornsteine\/","name":"Dachrinnen, Abdeckungen und Schornsteine - Edil System","isPartOf":{"@id":"https:\/\/copertureedilsystem.it\/#website"},"datePublished":"2024-03-15T15:51:08+00:00","dateModified":"2024-05-13T12:54:02+00:00","breadcrumb":{"@id":"https:\/\/copertureedilsystem.it\/de\/dachrinnen-abdeckungen-und-schornsteine\/#breadcrumb"},"inLanguage":"de","potentialAction":[{"@type":"ReadAction","target":["https:\/\/copertureedilsystem.it\/de\/dachrinnen-abdeckungen-und-schornsteine\/"]}]},{"@type":"BreadcrumbList","@id":"https:\/\/copertureedilsystem.it\/de\/dachrinnen-abdeckungen-und-schornsteine\/#breadcrumb","itemListElement":[{"@type":"ListItem","position":1,"name":"Home","item":"https:\/\/copertureedilsystem.it\/de\/"},{"@type":"ListItem","position":2,"name":"Dachrinnen, Abdeckungen und Schornsteine"}]},{"@type":"WebSite","@id":"https:\/\/copertureedilsystem.it\/#website","url":"https:\/\/copertureedilsystem.it\/","name":"Edil System","description":"","publisher":{"@id":"https:\/\/copertureedilsystem.it\/#organization"},"potentialAction":[{"@type":"SearchAction","target":{"@type":"EntryPoint","urlTemplate":"https:\/\/copertureedilsystem.it\/?s={search_term_string}"},"query-input":{"@type":"PropertyValueSpecification","valueRequired":true,"valueName":"search_term_string"}}],"inLanguage":"de"},{"@type":"Organization","@id":"https:\/\/copertureedilsystem.it\/#organization","name":"Edil System Srl","url":"https:\/\/copertureedilsystem.it\/","logo":{"@type":"ImageObject","inLanguage":"de","@id":"https:\/\/copertureedilsystem.it\/#\/schema\/logo\/image\/","url":"https:\/\/copertureedilsystem.it\/wp-content\/uploads\/2024\/03\/Logo-EdilSystem.webp","contentUrl":"https:\/\/copertureedilsystem.it\/wp-content\/uploads\/2024\/03\/Logo-EdilSystem.webp","width":2150,"height":571,"caption":"Edil System Srl"},"image":{"@id":"https:\/\/copertureedilsystem.it\/#\/schema\/logo\/image\/"}}]}},"_links":{"self":[{"href":"https:\/\/copertureedilsystem.it\/de\/wp-json\/wp\/v2\/pages\/846","targetHints":{"allow":["GET"]}}],"collection":[{"href":"https:\/\/copertureedilsystem.it\/de\/wp-json\/wp\/v2\/pages"}],"about":[{"href":"https:\/\/copertureedilsystem.it\/de\/wp-json\/wp\/v2\/types\/page"}],"author":[{"embeddable":true,"href":"https:\/\/copertureedilsystem.it\/de\/wp-json\/wp\/v2\/users\/1"}],"replies":[{"embeddable":true,"href":"https:\/\/copertureedilsystem.it\/de\/wp-json\/wp\/v2\/comments?post=846"}],"version-history":[{"count":9,"href":"https:\/\/copertureedilsystem.it\/de\/wp-json\/wp\/v2\/pages\/846\/revisions"}],"predecessor-version":[{"id":1865,"href":"https:\/\/copertureedilsystem.it\/de\/wp-json\/wp\/v2\/pages\/846\/revisions\/1865"}],"wp:attachment":[{"href":"https:\/\/copertureedilsystem.it\/de\/wp-json\/wp\/v2\/media?parent=846"}],"curies":[{"name":"wp","href":"https:\/\/api.w.org\/{rel}","templated":true}]}}