{"id":828,"date":"2024-03-18T11:17:20","date_gmt":"2024-03-18T10:17:20","guid":{"rendered":"https:\/\/copertureedilsystem.it\/impermeabilizacion-y-tpo\/"},"modified":"2024-05-13T14:56:56","modified_gmt":"2024-05-13T12:56:56","slug":"impermeabilizacion-y-tpo","status":"publish","type":"page","link":"https:\/\/copertureedilsystem.it\/es\/impermeabilizacion-y-tpo\/","title":{"rendered":"Impermeabilizaci\u00f3n y TPO"},"content":{"rendered":"\t\t<div data-elementor-type=\"wp-page\" data-elementor-id=\"828\" class=\"elementor elementor-828 elementor-450\" data-elementor-post-type=\"page\">\n\t\t\t\t<div class=\"elementor-element elementor-element-7698845 e-flex e-con-boxed e-con e-parent\" data-id=\"7698845\" data-element_type=\"container\" data-e-type=\"container\" data-settings=\"{&quot;background_background&quot;:&quot;classic&quot;}\">\n\t\t\t\t\t<div class=\"e-con-inner\">\n\t\t\t\t<div class=\"elementor-element elementor-element-1b6f1a2 elementor-widget-tablet__width-inherit elementor-widget elementor-widget-heading\" data-id=\"1b6f1a2\" data-element_type=\"widget\" data-e-type=\"widget\" data-widget_type=\"heading.default\">\n\t\t\t\t<div class=\"elementor-widget-container\">\n\t\t\t\t\t<h2 class=\"elementor-heading-title elementor-size-default\">Impermeabilizaci\u00f3n<br>y TPO<\/h2>\t\t\t\t<\/div>\n\t\t\t\t<\/div>\n\t\t\t\t\t<\/div>\n\t\t\t\t<\/div>\n\t\t<div class=\"elementor-element elementor-element-13f7903 e-flex e-con-boxed e-con e-parent\" data-id=\"13f7903\" data-element_type=\"container\" data-e-type=\"container\">\n\t\t\t\t\t<div class=\"e-con-inner\">\n\t\t<div class=\"elementor-element elementor-element-c496e26 e-con-full e-flex e-con e-child\" data-id=\"c496e26\" data-element_type=\"container\" data-e-type=\"container\">\n\t\t\t\t<div class=\"elementor-element elementor-element-25fe4be elementor-widget elementor-widget-heading\" data-id=\"25fe4be\" data-element_type=\"widget\" data-e-type=\"widget\" data-widget_type=\"heading.default\">\n\t\t\t\t<div class=\"elementor-widget-container\">\n\t\t\t\t\t<h2 class=\"elementor-heading-title elementor-size-default\">Qu\u00e9 hacemos<\/h2>\t\t\t\t<\/div>\n\t\t\t\t<\/div>\n\t\t\t\t<\/div>\n\t\t<div class=\"elementor-element elementor-element-4c295f5 e-con-full e-flex e-con e-child\" data-id=\"4c295f5\" data-element_type=\"container\" data-e-type=\"container\">\n\t\t\t\t<div class=\"elementor-element elementor-element-650f048 elementor-widget elementor-widget-heading\" data-id=\"650f048\" data-element_type=\"widget\" data-e-type=\"widget\" data-widget_type=\"heading.default\">\n\t\t\t\t<div class=\"elementor-widget-container\">\n\t\t\t\t\t<h2 class=\"elementor-heading-title elementor-size-default\">Impermeabilizaci\u00f3n con membranas de bet\u00fan l\u00edquido o de poliolefina TPO\n<\/h2>\t\t\t\t<\/div>\n\t\t\t\t<\/div>\n\t\t\t\t<div class=\"elementor-element elementor-element-b2ec427 elementor-widget elementor-widget-text-editor\" data-id=\"b2ec427\" data-element_type=\"widget\" data-e-type=\"widget\" data-widget_type=\"text-editor.default\">\n\t\t\t\t<div class=\"elementor-widget-container\">\n\t\t\t\t\t\t\t\t\t<p><b>LA MEMBRANA IMPERMEABILIZANTE SINT\u00c9TICA DEL FUTURO<\/b><\/p>\n<p>Las membranas impermeabilizantes sint\u00e9ticas&nbsp;fabricadas con TPO (aleaciones de poliolefinas: polietileno y polipropileno) son la respuesta a la evoluci\u00f3n del mercado de la impermeabilizaci\u00f3n.<br>Debido a su alta resistencia al envejecimiento, las membranas impermeabilizantes TPO se utilizan principalmente para la impermeabilizaci\u00f3n de embalses, presas y, en una versi\u00f3n no t\u00f3xica, se emplean en la protecci\u00f3n de dep\u00f3sitos que contienen agua potable y l\u00edquidos alimentarios, as\u00ed como en piscifactor\u00edas.<br><\/p>\n<p>\nSon productos industriales con una calidad m\u00e1s controlable. Pueden colorearse como se desee y ofrecen, seg\u00fan el tipo, una gran estabilidad qu\u00edmica, casi siempre una gran deformabilidad, incluso en fr\u00edo: son m\u00e1s duraderos, no requieren una doble capa y la calidad de su proceso de soldadura es m\u00e1s f\u00e1cil de controlar. Algunos son autoadhesivos.<\/p>\t\t\t\t\t\t\t\t<\/div>\n\t\t\t\t<\/div>\n\t\t\t\t<\/div>\n\t\t\t\t\t<\/div>\n\t\t\t\t<\/div>\n\t\t<div class=\"elementor-element elementor-element-80474f8 e-flex e-con-boxed elementor-invisible e-con e-parent\" data-id=\"80474f8\" data-element_type=\"container\" data-e-type=\"container\" data-settings=\"{&quot;background_background&quot;:&quot;classic&quot;,&quot;animation&quot;:&quot;fadeInUp&quot;}\">\n\t\t\t\t\t<div class=\"e-con-inner\">\n\t\t<div class=\"elementor-element elementor-element-1db558a e-con-full e-flex e-con e-child\" data-id=\"1db558a\" data-element_type=\"container\" data-e-type=\"container\">\n\t\t\t\t<div class=\"elementor-element elementor-element-af599c6 elementor-widget-mobile__width-inherit elementor-widget elementor-widget-heading\" data-id=\"af599c6\" data-element_type=\"widget\" data-e-type=\"widget\" data-widget_type=\"heading.default\">\n\t\t\t\t<div class=\"elementor-widget-container\">\n\t\t\t\t\t<h2 class=\"elementor-heading-title elementor-size-default\">Realizza <br>i tuoi progetti<\/h2>\t\t\t\t<\/div>\n\t\t\t\t<\/div>\n\t\t\t\t<div class=\"elementor-element elementor-element-7cd7379 elementor-widget elementor-widget-text-editor\" data-id=\"7cd7379\" data-element_type=\"widget\" data-e-type=\"widget\" data-widget_type=\"text-editor.default\">\n\t\t\t\t<div class=\"elementor-widget-container\">\n\t\t\t\t\t\t\t\t\t<p>Siamo qui per aiutarti a rendere possibile ci\u00f2 che immagini per la tua casa o il tuo edificio commerciale. Scopri come possiamo collaborare insieme per raggiungere i tuoi sogni abitativi!<\/p>\n\t\t\t\t\t\t\t\t<\/div>\n\t\t\t\t<\/div>\n\t\t<div class=\"elementor-element elementor-element-4dc2c33 e-flex e-con-boxed e-con e-child\" data-id=\"4dc2c33\" data-element_type=\"container\" data-e-type=\"container\">\n\t\t\t\t\t<div class=\"e-con-inner\">\n\t\t\t\t<div class=\"elementor-element elementor-element-bde2911 elementor-widget elementor-widget-button\" data-id=\"bde2911\" data-element_type=\"widget\" data-e-type=\"widget\" data-widget_type=\"button.default\">\n\t\t\t\t<div class=\"elementor-widget-container\">\n\t\t\t\t\t\t\t\t\t<div class=\"elementor-button-wrapper\">\n\t\t\t\t\t<a class=\"elementor-button elementor-button-link elementor-size-sm\" href=\"tel:+05361856908\">\n\t\t\t\t\t\t<span class=\"elementor-button-content-wrapper\">\n\t\t\t\t\t\t\t\t\t<span class=\"elementor-button-text\">CHIAMA ORA<\/span>\n\t\t\t\t\t<\/span>\n\t\t\t\t\t<\/a>\n\t\t\t\t<\/div>\n\t\t\t\t\t\t\t\t<\/div>\n\t\t\t\t<\/div>\n\t\t\t\t<div class=\"elementor-element elementor-element-b16cc28 elementor-widget elementor-widget-button\" data-id=\"b16cc28\" data-element_type=\"widget\" data-e-type=\"widget\" data-widget_type=\"button.default\">\n\t\t\t\t<div class=\"elementor-widget-container\">\n\t\t\t\t\t\t\t\t\t<div class=\"elementor-button-wrapper\">\n\t\t\t\t\t<a class=\"elementor-button elementor-button-link elementor-size-sm\" href=\"mailto:info@edilsystem.it\">\n\t\t\t\t\t\t<span class=\"elementor-button-content-wrapper\">\n\t\t\t\t\t\t\t\t\t<span class=\"elementor-button-text\">SCRIVICI<\/span>\n\t\t\t\t\t<\/span>\n\t\t\t\t\t<\/a>\n\t\t\t\t<\/div>\n\t\t\t\t\t\t\t\t<\/div>\n\t\t\t\t<\/div>\n\t\t\t\t\t<\/div>\n\t\t\t\t<\/div>\n\t\t\t\t<\/div>\n\t\t\t\t\t<\/div>\n\t\t\t\t<\/div>\n\t\t\t\t<\/div>\n\t\t","protected":false},"excerpt":{"rendered":"<p>Impermeabilizaci\u00f3ny TPO Qu\u00e9 hacemos Impermeabilizaci\u00f3n con membranas de bet\u00fan l\u00edquido o de poliolefina TPO LA MEMBRANA IMPERMEABILIZANTE SINT\u00c9TICA DEL FUTURO Las membranas impermeabilizantes sint\u00e9ticas&nbsp;fabricadas con TPO (aleaciones de poliolefinas: polietileno y polipropileno) son la respuesta a la evoluci\u00f3n del mercado de la impermeabilizaci\u00f3n.Debido a su alta resistencia al envejecimiento, las membranas impermeabilizantes TPO se utilizan [&hellip;]<\/p>\n","protected":false},"author":1,"featured_media":0,"parent":0,"menu_order":0,"comment_status":"closed","ping_status":"closed","template":"","meta":{"footnotes":""},"class_list":["post-828","page","type-page","status-publish","hentry"],"yoast_head":"<!-- This site is optimized with the Yoast SEO plugin v27.3 - https:\/\/yoast.com\/product\/yoast-seo-wordpress\/ -->\n<title>Impermeabilizaci\u00f3n y TPO - Edil System<\/title>\n<meta name=\"robots\" content=\"index, follow, max-snippet:-1, max-image-preview:large, max-video-preview:-1\" \/>\n<link rel=\"canonical\" href=\"https:\/\/copertureedilsystem.it\/es\/impermeabilizacion-y-tpo\/\" \/>\n<meta property=\"og:locale\" content=\"es_ES\" \/>\n<meta property=\"og:type\" content=\"article\" \/>\n<meta property=\"og:title\" content=\"Impermeabilizaci\u00f3n y TPO - Edil System\" \/>\n<meta property=\"og:description\" content=\"Impermeabilizaci\u00f3ny TPO Qu\u00e9 hacemos Impermeabilizaci\u00f3n con membranas de bet\u00fan l\u00edquido o de poliolefina TPO LA MEMBRANA IMPERMEABILIZANTE SINT\u00c9TICA DEL FUTURO Las membranas impermeabilizantes sint\u00e9ticas&nbsp;fabricadas con TPO (aleaciones de poliolefinas: polietileno y polipropileno) son la respuesta a la evoluci\u00f3n del mercado de la impermeabilizaci\u00f3n.Debido a su alta resistencia al envejecimiento, las membranas impermeabilizantes TPO se utilizan [&hellip;]\" \/>\n<meta property=\"og:url\" content=\"https:\/\/copertureedilsystem.it\/es\/impermeabilizacion-y-tpo\/\" \/>\n<meta property=\"og:site_name\" content=\"Edil System\" \/>\n<meta property=\"article:modified_time\" content=\"2024-05-13T12:56:56+00:00\" \/>\n<meta name=\"twitter:card\" content=\"summary_large_image\" \/>\n<meta name=\"twitter:label1\" content=\"Tiempo de lectura\" \/>\n\t<meta name=\"twitter:data1\" content=\"1 minuto\" \/>\n<script type=\"application\/ld+json\" class=\"yoast-schema-graph\">{\"@context\":\"https:\\\/\\\/schema.org\",\"@graph\":[{\"@type\":\"WebPage\",\"@id\":\"https:\\\/\\\/copertureedilsystem.it\\\/es\\\/impermeabilizacion-y-tpo\\\/\",\"url\":\"https:\\\/\\\/copertureedilsystem.it\\\/es\\\/impermeabilizacion-y-tpo\\\/\",\"name\":\"Impermeabilizaci\u00f3n y TPO - Edil System\",\"isPartOf\":{\"@id\":\"https:\\\/\\\/copertureedilsystem.it\\\/#website\"},\"datePublished\":\"2024-03-18T10:17:20+00:00\",\"dateModified\":\"2024-05-13T12:56:56+00:00\",\"breadcrumb\":{\"@id\":\"https:\\\/\\\/copertureedilsystem.it\\\/es\\\/impermeabilizacion-y-tpo\\\/#breadcrumb\"},\"inLanguage\":\"es\",\"potentialAction\":[{\"@type\":\"ReadAction\",\"target\":[\"https:\\\/\\\/copertureedilsystem.it\\\/es\\\/impermeabilizacion-y-tpo\\\/\"]}]},{\"@type\":\"BreadcrumbList\",\"@id\":\"https:\\\/\\\/copertureedilsystem.it\\\/es\\\/impermeabilizacion-y-tpo\\\/#breadcrumb\",\"itemListElement\":[{\"@type\":\"ListItem\",\"position\":1,\"name\":\"Home\",\"item\":\"https:\\\/\\\/copertureedilsystem.it\\\/es\\\/\"},{\"@type\":\"ListItem\",\"position\":2,\"name\":\"Impermeabilizaci\u00f3n y TPO\"}]},{\"@type\":\"WebSite\",\"@id\":\"https:\\\/\\\/copertureedilsystem.it\\\/#website\",\"url\":\"https:\\\/\\\/copertureedilsystem.it\\\/\",\"name\":\"Edil System\",\"description\":\"\",\"publisher\":{\"@id\":\"https:\\\/\\\/copertureedilsystem.it\\\/#organization\"},\"potentialAction\":[{\"@type\":\"SearchAction\",\"target\":{\"@type\":\"EntryPoint\",\"urlTemplate\":\"https:\\\/\\\/copertureedilsystem.it\\\/?s={search_term_string}\"},\"query-input\":{\"@type\":\"PropertyValueSpecification\",\"valueRequired\":true,\"valueName\":\"search_term_string\"}}],\"inLanguage\":\"es\"},{\"@type\":\"Organization\",\"@id\":\"https:\\\/\\\/copertureedilsystem.it\\\/#organization\",\"name\":\"Edil System Srl\",\"url\":\"https:\\\/\\\/copertureedilsystem.it\\\/\",\"logo\":{\"@type\":\"ImageObject\",\"inLanguage\":\"es\",\"@id\":\"https:\\\/\\\/copertureedilsystem.it\\\/#\\\/schema\\\/logo\\\/image\\\/\",\"url\":\"https:\\\/\\\/copertureedilsystem.it\\\/wp-content\\\/uploads\\\/2024\\\/03\\\/Logo-EdilSystem.webp\",\"contentUrl\":\"https:\\\/\\\/copertureedilsystem.it\\\/wp-content\\\/uploads\\\/2024\\\/03\\\/Logo-EdilSystem.webp\",\"width\":2150,\"height\":571,\"caption\":\"Edil System Srl\"},\"image\":{\"@id\":\"https:\\\/\\\/copertureedilsystem.it\\\/#\\\/schema\\\/logo\\\/image\\\/\"}}]}<\/script>\n<!-- \/ Yoast SEO plugin. -->","yoast_head_json":{"title":"Impermeabilizaci\u00f3n y TPO - Edil System","robots":{"index":"index","follow":"follow","max-snippet":"max-snippet:-1","max-image-preview":"max-image-preview:large","max-video-preview":"max-video-preview:-1"},"canonical":"https:\/\/copertureedilsystem.it\/es\/impermeabilizacion-y-tpo\/","og_locale":"es_ES","og_type":"article","og_title":"Impermeabilizaci\u00f3n y TPO - Edil System","og_description":"Impermeabilizaci\u00f3ny TPO Qu\u00e9 hacemos Impermeabilizaci\u00f3n con membranas de bet\u00fan l\u00edquido o de poliolefina TPO LA MEMBRANA IMPERMEABILIZANTE SINT\u00c9TICA DEL FUTURO Las membranas impermeabilizantes sint\u00e9ticas&nbsp;fabricadas con TPO (aleaciones de poliolefinas: polietileno y polipropileno) son la respuesta a la evoluci\u00f3n del mercado de la impermeabilizaci\u00f3n.Debido a su alta resistencia al envejecimiento, las membranas impermeabilizantes TPO se utilizan [&hellip;]","og_url":"https:\/\/copertureedilsystem.it\/es\/impermeabilizacion-y-tpo\/","og_site_name":"Edil System","article_modified_time":"2024-05-13T12:56:56+00:00","twitter_card":"summary_large_image","twitter_misc":{"Tiempo de lectura":"1 minuto"},"schema":{"@context":"https:\/\/schema.org","@graph":[{"@type":"WebPage","@id":"https:\/\/copertureedilsystem.it\/es\/impermeabilizacion-y-tpo\/","url":"https:\/\/copertureedilsystem.it\/es\/impermeabilizacion-y-tpo\/","name":"Impermeabilizaci\u00f3n y TPO - Edil System","isPartOf":{"@id":"https:\/\/copertureedilsystem.it\/#website"},"datePublished":"2024-03-18T10:17:20+00:00","dateModified":"2024-05-13T12:56:56+00:00","breadcrumb":{"@id":"https:\/\/copertureedilsystem.it\/es\/impermeabilizacion-y-tpo\/#breadcrumb"},"inLanguage":"es","potentialAction":[{"@type":"ReadAction","target":["https:\/\/copertureedilsystem.it\/es\/impermeabilizacion-y-tpo\/"]}]},{"@type":"BreadcrumbList","@id":"https:\/\/copertureedilsystem.it\/es\/impermeabilizacion-y-tpo\/#breadcrumb","itemListElement":[{"@type":"ListItem","position":1,"name":"Home","item":"https:\/\/copertureedilsystem.it\/es\/"},{"@type":"ListItem","position":2,"name":"Impermeabilizaci\u00f3n y TPO"}]},{"@type":"WebSite","@id":"https:\/\/copertureedilsystem.it\/#website","url":"https:\/\/copertureedilsystem.it\/","name":"Edil System","description":"","publisher":{"@id":"https:\/\/copertureedilsystem.it\/#organization"},"potentialAction":[{"@type":"SearchAction","target":{"@type":"EntryPoint","urlTemplate":"https:\/\/copertureedilsystem.it\/?s={search_term_string}"},"query-input":{"@type":"PropertyValueSpecification","valueRequired":true,"valueName":"search_term_string"}}],"inLanguage":"es"},{"@type":"Organization","@id":"https:\/\/copertureedilsystem.it\/#organization","name":"Edil System Srl","url":"https:\/\/copertureedilsystem.it\/","logo":{"@type":"ImageObject","inLanguage":"es","@id":"https:\/\/copertureedilsystem.it\/#\/schema\/logo\/image\/","url":"https:\/\/copertureedilsystem.it\/wp-content\/uploads\/2024\/03\/Logo-EdilSystem.webp","contentUrl":"https:\/\/copertureedilsystem.it\/wp-content\/uploads\/2024\/03\/Logo-EdilSystem.webp","width":2150,"height":571,"caption":"Edil System Srl"},"image":{"@id":"https:\/\/copertureedilsystem.it\/#\/schema\/logo\/image\/"}}]}},"_links":{"self":[{"href":"https:\/\/copertureedilsystem.it\/es\/wp-json\/wp\/v2\/pages\/828","targetHints":{"allow":["GET"]}}],"collection":[{"href":"https:\/\/copertureedilsystem.it\/es\/wp-json\/wp\/v2\/pages"}],"about":[{"href":"https:\/\/copertureedilsystem.it\/es\/wp-json\/wp\/v2\/types\/page"}],"author":[{"embeddable":true,"href":"https:\/\/copertureedilsystem.it\/es\/wp-json\/wp\/v2\/users\/1"}],"replies":[{"embeddable":true,"href":"https:\/\/copertureedilsystem.it\/es\/wp-json\/wp\/v2\/comments?post=828"}],"version-history":[{"count":6,"href":"https:\/\/copertureedilsystem.it\/es\/wp-json\/wp\/v2\/pages\/828\/revisions"}],"predecessor-version":[{"id":1909,"href":"https:\/\/copertureedilsystem.it\/es\/wp-json\/wp\/v2\/pages\/828\/revisions\/1909"}],"wp:attachment":[{"href":"https:\/\/copertureedilsystem.it\/es\/wp-json\/wp\/v2\/media?parent=828"}],"curies":[{"name":"wp","href":"https:\/\/api.w.org\/{rel}","templated":true}]}}