{"id":836,"date":"2024-03-15T16:42:28","date_gmt":"2024-03-15T15:42:28","guid":{"rendered":"https:\/\/copertureedilsystem.it\/eliminacion-del-amianto\/"},"modified":"2024-05-13T14:53:44","modified_gmt":"2024-05-13T12:53:44","slug":"eliminacion-del-amianto","status":"publish","type":"page","link":"https:\/\/copertureedilsystem.it\/es\/eliminacion-del-amianto\/","title":{"rendered":"Eliminaci\u00f3n del amianto"},"content":{"rendered":"\t\t<div data-elementor-type=\"wp-page\" data-elementor-id=\"836\" class=\"elementor elementor-836 elementor-340\" data-elementor-post-type=\"page\">\n\t\t\t\t<div class=\"elementor-element elementor-element-7698845 e-flex e-con-boxed e-con e-parent\" data-id=\"7698845\" data-element_type=\"container\" data-e-type=\"container\" data-settings=\"{&quot;background_background&quot;:&quot;classic&quot;}\">\n\t\t\t\t\t<div class=\"e-con-inner\">\n\t\t\t\t<div class=\"elementor-element elementor-element-1b6f1a2 elementor-widget-tablet__width-inherit elementor-widget elementor-widget-heading\" data-id=\"1b6f1a2\" data-element_type=\"widget\" data-e-type=\"widget\" data-widget_type=\"heading.default\">\n\t\t\t\t<div class=\"elementor-widget-container\">\n\t\t\t\t\t<h2 class=\"elementor-heading-title elementor-size-default\">Eliminaci\u00f3n del amianto<\/h2>\t\t\t\t<\/div>\n\t\t\t\t<\/div>\n\t\t\t\t\t<\/div>\n\t\t\t\t<\/div>\n\t\t<div class=\"elementor-element elementor-element-13f7903 e-flex e-con-boxed e-con e-parent\" data-id=\"13f7903\" data-element_type=\"container\" data-e-type=\"container\">\n\t\t\t\t\t<div class=\"e-con-inner\">\n\t\t<div class=\"elementor-element elementor-element-c496e26 e-con-full e-flex e-con e-child\" data-id=\"c496e26\" data-element_type=\"container\" data-e-type=\"container\">\n\t\t\t\t<div class=\"elementor-element elementor-element-25fe4be elementor-widget elementor-widget-heading\" data-id=\"25fe4be\" data-element_type=\"widget\" data-e-type=\"widget\" data-widget_type=\"heading.default\">\n\t\t\t\t<div class=\"elementor-widget-container\">\n\t\t\t\t\t<h2 class=\"elementor-heading-title elementor-size-default\">Qu\u00e9 hacemos<\/h2>\t\t\t\t<\/div>\n\t\t\t\t<\/div>\n\t\t\t\t<\/div>\n\t\t<div class=\"elementor-element elementor-element-4c295f5 e-con-full e-flex e-con e-child\" data-id=\"4c295f5\" data-element_type=\"container\" data-e-type=\"container\">\n\t\t\t\t<div class=\"elementor-element elementor-element-b2ec427 elementor-widget elementor-widget-text-editor\" data-id=\"b2ec427\" data-element_type=\"widget\" data-e-type=\"widget\" data-widget_type=\"text-editor.default\">\n\t\t\t\t<div class=\"elementor-widget-container\">\n\t\t\t\t\t\t\t\t\t<p>El amianto ha sido un material muy utilizado en la construcci\u00f3n y, por desgracia, a\u00fan no se ha eliminado completamente de todos los edificios. Si posee un edificio antiguo, es aconsejable que compruebe la presencia de amianto. Para ello hay que recurrir a expertos, y esos expertos \u00a1SOMOS NOSOTROS!<\/p>\n<p>El amianto es un material natural de estructura fibrosa. Su gran resistencia lo ha convertido en un excelente aditivo para el cemento o la pintura. Por eso se utiliz\u00f3 mucho en la construcci\u00f3n para fabricar canalones, tuber\u00edas, fieltros para debajo de las ventanas, pero tambi\u00e9n tabiques y tejas. Adem\u00e1s, sus propiedades aislantes lo hicieron popular como material de revestimiento de tejados y paredes. El amianto est\u00e1 presente en materiales friables que, si se da\u00f1an o pulverizan, suponen un peligro para las personas. Al estar formado por fibras diminutas, puede inhalarse f\u00e1cilmente y provocar enfermedades respiratorias.<\/p>\n<p>Edil System puede encargarse de los proyectos de reducci\u00f3n del amianto, garantizando una retirada y eliminaci\u00f3n seguras y eficaces de los materiales que contienen amianto. Nuestro equipo se adhiere a estrictos protocolos y normativas de seguridad, empleando t\u00e9cnicas avanzadas para mitigar los riesgos asociados a la exposici\u00f3n al amianto.<\/p>\n\t\t\t\t\t\t\t\t<\/div>\n\t\t\t\t<\/div>\n\t\t\t\t<\/div>\n\t\t\t\t\t<\/div>\n\t\t\t\t<\/div>\n\t\t<div class=\"elementor-element elementor-element-db44e13 e-flex e-con-boxed elementor-invisible e-con e-parent\" data-id=\"db44e13\" data-element_type=\"container\" data-e-type=\"container\" data-settings=\"{&quot;background_background&quot;:&quot;classic&quot;,&quot;animation&quot;:&quot;fadeInUp&quot;}\">\n\t\t\t\t\t<div class=\"e-con-inner\">\n\t\t<div class=\"elementor-element elementor-element-a7bd2a2 e-con-full e-flex e-con e-child\" data-id=\"a7bd2a2\" data-element_type=\"container\" data-e-type=\"container\">\n\t\t\t\t<div class=\"elementor-element elementor-element-c2764f7 elementor-widget-mobile__width-inherit elementor-widget elementor-widget-heading\" data-id=\"c2764f7\" data-element_type=\"widget\" data-e-type=\"widget\" data-widget_type=\"heading.default\">\n\t\t\t\t<div class=\"elementor-widget-container\">\n\t\t\t\t\t<h2 class=\"elementor-heading-title elementor-size-default\">Realizza <br>i tuoi progetti<\/h2>\t\t\t\t<\/div>\n\t\t\t\t<\/div>\n\t\t\t\t<div class=\"elementor-element elementor-element-cb6c495 elementor-widget elementor-widget-text-editor\" data-id=\"cb6c495\" data-element_type=\"widget\" data-e-type=\"widget\" data-widget_type=\"text-editor.default\">\n\t\t\t\t<div class=\"elementor-widget-container\">\n\t\t\t\t\t\t\t\t\t<p>Siamo qui per aiutarti a rendere possibile ci\u00f2 che immagini per la tua casa o il tuo edificio commerciale. Scopri come possiamo collaborare insieme per raggiungere i tuoi sogni abitativi!<\/p>\n\t\t\t\t\t\t\t\t<\/div>\n\t\t\t\t<\/div>\n\t\t<div class=\"elementor-element elementor-element-51d2c8b e-flex e-con-boxed e-con e-child\" data-id=\"51d2c8b\" data-element_type=\"container\" data-e-type=\"container\">\n\t\t\t\t\t<div class=\"e-con-inner\">\n\t\t\t\t<div class=\"elementor-element elementor-element-c53c28b elementor-widget elementor-widget-button\" data-id=\"c53c28b\" data-element_type=\"widget\" data-e-type=\"widget\" data-widget_type=\"button.default\">\n\t\t\t\t<div class=\"elementor-widget-container\">\n\t\t\t\t\t\t\t\t\t<div class=\"elementor-button-wrapper\">\n\t\t\t\t\t<a class=\"elementor-button elementor-button-link elementor-size-sm\" href=\"tel:+05361856908\">\n\t\t\t\t\t\t<span class=\"elementor-button-content-wrapper\">\n\t\t\t\t\t\t\t\t\t<span class=\"elementor-button-text\">CHIAMA ORA<\/span>\n\t\t\t\t\t<\/span>\n\t\t\t\t\t<\/a>\n\t\t\t\t<\/div>\n\t\t\t\t\t\t\t\t<\/div>\n\t\t\t\t<\/div>\n\t\t\t\t<div class=\"elementor-element elementor-element-31fe934 elementor-widget elementor-widget-button\" data-id=\"31fe934\" data-element_type=\"widget\" data-e-type=\"widget\" data-widget_type=\"button.default\">\n\t\t\t\t<div class=\"elementor-widget-container\">\n\t\t\t\t\t\t\t\t\t<div class=\"elementor-button-wrapper\">\n\t\t\t\t\t<a class=\"elementor-button elementor-button-link elementor-size-sm\" href=\"mailto:info@edilsystem.it\">\n\t\t\t\t\t\t<span class=\"elementor-button-content-wrapper\">\n\t\t\t\t\t\t\t\t\t<span class=\"elementor-button-text\">SCRIVICI<\/span>\n\t\t\t\t\t<\/span>\n\t\t\t\t\t<\/a>\n\t\t\t\t<\/div>\n\t\t\t\t\t\t\t\t<\/div>\n\t\t\t\t<\/div>\n\t\t\t\t\t<\/div>\n\t\t\t\t<\/div>\n\t\t\t\t<\/div>\n\t\t\t\t\t<\/div>\n\t\t\t\t<\/div>\n\t\t\t\t<\/div>\n\t\t","protected":false},"excerpt":{"rendered":"<p>Eliminaci\u00f3n del amianto Qu\u00e9 hacemos El amianto ha sido un material muy utilizado en la construcci\u00f3n y, por desgracia, a\u00fan no se ha eliminado completamente de todos los edificios. Si posee un edificio antiguo, es aconsejable que compruebe la presencia de amianto. Para ello hay que recurrir a expertos, y esos expertos \u00a1SOMOS NOSOTROS! El [&hellip;]<\/p>\n","protected":false},"author":1,"featured_media":0,"parent":0,"menu_order":0,"comment_status":"closed","ping_status":"closed","template":"","meta":{"footnotes":""},"class_list":["post-836","page","type-page","status-publish","hentry"],"yoast_head":"<!-- This site is optimized with the Yoast SEO plugin v27.3 - https:\/\/yoast.com\/product\/yoast-seo-wordpress\/ -->\n<title>Eliminaci\u00f3n del amianto - Edil System<\/title>\n<meta name=\"robots\" content=\"index, follow, max-snippet:-1, max-image-preview:large, max-video-preview:-1\" \/>\n<link rel=\"canonical\" href=\"https:\/\/copertureedilsystem.it\/es\/eliminacion-del-amianto\/\" \/>\n<meta property=\"og:locale\" content=\"es_ES\" \/>\n<meta property=\"og:type\" content=\"article\" \/>\n<meta property=\"og:title\" content=\"Eliminaci\u00f3n del amianto - Edil System\" \/>\n<meta property=\"og:description\" content=\"Eliminaci\u00f3n del amianto Qu\u00e9 hacemos El amianto ha sido un material muy utilizado en la construcci\u00f3n y, por desgracia, a\u00fan no se ha eliminado completamente de todos los edificios. Si posee un edificio antiguo, es aconsejable que compruebe la presencia de amianto. Para ello hay que recurrir a expertos, y esos expertos \u00a1SOMOS NOSOTROS! El [&hellip;]\" \/>\n<meta property=\"og:url\" content=\"https:\/\/copertureedilsystem.it\/es\/eliminacion-del-amianto\/\" \/>\n<meta property=\"og:site_name\" content=\"Edil System\" \/>\n<meta property=\"article:modified_time\" content=\"2024-05-13T12:53:44+00:00\" \/>\n<meta name=\"twitter:card\" content=\"summary_large_image\" \/>\n<meta name=\"twitter:label1\" content=\"Tiempo de lectura\" \/>\n\t<meta name=\"twitter:data1\" content=\"1 minuto\" \/>\n<script type=\"application\/ld+json\" class=\"yoast-schema-graph\">{\"@context\":\"https:\\\/\\\/schema.org\",\"@graph\":[{\"@type\":\"WebPage\",\"@id\":\"https:\\\/\\\/copertureedilsystem.it\\\/es\\\/eliminacion-del-amianto\\\/\",\"url\":\"https:\\\/\\\/copertureedilsystem.it\\\/es\\\/eliminacion-del-amianto\\\/\",\"name\":\"Eliminaci\u00f3n del amianto - Edil System\",\"isPartOf\":{\"@id\":\"https:\\\/\\\/copertureedilsystem.it\\\/#website\"},\"datePublished\":\"2024-03-15T15:42:28+00:00\",\"dateModified\":\"2024-05-13T12:53:44+00:00\",\"breadcrumb\":{\"@id\":\"https:\\\/\\\/copertureedilsystem.it\\\/es\\\/eliminacion-del-amianto\\\/#breadcrumb\"},\"inLanguage\":\"es\",\"potentialAction\":[{\"@type\":\"ReadAction\",\"target\":[\"https:\\\/\\\/copertureedilsystem.it\\\/es\\\/eliminacion-del-amianto\\\/\"]}]},{\"@type\":\"BreadcrumbList\",\"@id\":\"https:\\\/\\\/copertureedilsystem.it\\\/es\\\/eliminacion-del-amianto\\\/#breadcrumb\",\"itemListElement\":[{\"@type\":\"ListItem\",\"position\":1,\"name\":\"Home\",\"item\":\"https:\\\/\\\/copertureedilsystem.it\\\/es\\\/\"},{\"@type\":\"ListItem\",\"position\":2,\"name\":\"Eliminaci\u00f3n del amianto\"}]},{\"@type\":\"WebSite\",\"@id\":\"https:\\\/\\\/copertureedilsystem.it\\\/#website\",\"url\":\"https:\\\/\\\/copertureedilsystem.it\\\/\",\"name\":\"Edil System\",\"description\":\"\",\"publisher\":{\"@id\":\"https:\\\/\\\/copertureedilsystem.it\\\/#organization\"},\"potentialAction\":[{\"@type\":\"SearchAction\",\"target\":{\"@type\":\"EntryPoint\",\"urlTemplate\":\"https:\\\/\\\/copertureedilsystem.it\\\/?s={search_term_string}\"},\"query-input\":{\"@type\":\"PropertyValueSpecification\",\"valueRequired\":true,\"valueName\":\"search_term_string\"}}],\"inLanguage\":\"es\"},{\"@type\":\"Organization\",\"@id\":\"https:\\\/\\\/copertureedilsystem.it\\\/#organization\",\"name\":\"Edil System Srl\",\"url\":\"https:\\\/\\\/copertureedilsystem.it\\\/\",\"logo\":{\"@type\":\"ImageObject\",\"inLanguage\":\"es\",\"@id\":\"https:\\\/\\\/copertureedilsystem.it\\\/#\\\/schema\\\/logo\\\/image\\\/\",\"url\":\"https:\\\/\\\/copertureedilsystem.it\\\/wp-content\\\/uploads\\\/2024\\\/03\\\/Logo-EdilSystem.webp\",\"contentUrl\":\"https:\\\/\\\/copertureedilsystem.it\\\/wp-content\\\/uploads\\\/2024\\\/03\\\/Logo-EdilSystem.webp\",\"width\":2150,\"height\":571,\"caption\":\"Edil System Srl\"},\"image\":{\"@id\":\"https:\\\/\\\/copertureedilsystem.it\\\/#\\\/schema\\\/logo\\\/image\\\/\"}}]}<\/script>\n<!-- \/ Yoast SEO plugin. -->","yoast_head_json":{"title":"Eliminaci\u00f3n del amianto - Edil System","robots":{"index":"index","follow":"follow","max-snippet":"max-snippet:-1","max-image-preview":"max-image-preview:large","max-video-preview":"max-video-preview:-1"},"canonical":"https:\/\/copertureedilsystem.it\/es\/eliminacion-del-amianto\/","og_locale":"es_ES","og_type":"article","og_title":"Eliminaci\u00f3n del amianto - Edil System","og_description":"Eliminaci\u00f3n del amianto Qu\u00e9 hacemos El amianto ha sido un material muy utilizado en la construcci\u00f3n y, por desgracia, a\u00fan no se ha eliminado completamente de todos los edificios. Si posee un edificio antiguo, es aconsejable que compruebe la presencia de amianto. Para ello hay que recurrir a expertos, y esos expertos \u00a1SOMOS NOSOTROS! El [&hellip;]","og_url":"https:\/\/copertureedilsystem.it\/es\/eliminacion-del-amianto\/","og_site_name":"Edil System","article_modified_time":"2024-05-13T12:53:44+00:00","twitter_card":"summary_large_image","twitter_misc":{"Tiempo de lectura":"1 minuto"},"schema":{"@context":"https:\/\/schema.org","@graph":[{"@type":"WebPage","@id":"https:\/\/copertureedilsystem.it\/es\/eliminacion-del-amianto\/","url":"https:\/\/copertureedilsystem.it\/es\/eliminacion-del-amianto\/","name":"Eliminaci\u00f3n del amianto - Edil System","isPartOf":{"@id":"https:\/\/copertureedilsystem.it\/#website"},"datePublished":"2024-03-15T15:42:28+00:00","dateModified":"2024-05-13T12:53:44+00:00","breadcrumb":{"@id":"https:\/\/copertureedilsystem.it\/es\/eliminacion-del-amianto\/#breadcrumb"},"inLanguage":"es","potentialAction":[{"@type":"ReadAction","target":["https:\/\/copertureedilsystem.it\/es\/eliminacion-del-amianto\/"]}]},{"@type":"BreadcrumbList","@id":"https:\/\/copertureedilsystem.it\/es\/eliminacion-del-amianto\/#breadcrumb","itemListElement":[{"@type":"ListItem","position":1,"name":"Home","item":"https:\/\/copertureedilsystem.it\/es\/"},{"@type":"ListItem","position":2,"name":"Eliminaci\u00f3n del amianto"}]},{"@type":"WebSite","@id":"https:\/\/copertureedilsystem.it\/#website","url":"https:\/\/copertureedilsystem.it\/","name":"Edil System","description":"","publisher":{"@id":"https:\/\/copertureedilsystem.it\/#organization"},"potentialAction":[{"@type":"SearchAction","target":{"@type":"EntryPoint","urlTemplate":"https:\/\/copertureedilsystem.it\/?s={search_term_string}"},"query-input":{"@type":"PropertyValueSpecification","valueRequired":true,"valueName":"search_term_string"}}],"inLanguage":"es"},{"@type":"Organization","@id":"https:\/\/copertureedilsystem.it\/#organization","name":"Edil System Srl","url":"https:\/\/copertureedilsystem.it\/","logo":{"@type":"ImageObject","inLanguage":"es","@id":"https:\/\/copertureedilsystem.it\/#\/schema\/logo\/image\/","url":"https:\/\/copertureedilsystem.it\/wp-content\/uploads\/2024\/03\/Logo-EdilSystem.webp","contentUrl":"https:\/\/copertureedilsystem.it\/wp-content\/uploads\/2024\/03\/Logo-EdilSystem.webp","width":2150,"height":571,"caption":"Edil System Srl"},"image":{"@id":"https:\/\/copertureedilsystem.it\/#\/schema\/logo\/image\/"}}]}},"_links":{"self":[{"href":"https:\/\/copertureedilsystem.it\/es\/wp-json\/wp\/v2\/pages\/836","targetHints":{"allow":["GET"]}}],"collection":[{"href":"https:\/\/copertureedilsystem.it\/es\/wp-json\/wp\/v2\/pages"}],"about":[{"href":"https:\/\/copertureedilsystem.it\/es\/wp-json\/wp\/v2\/types\/page"}],"author":[{"embeddable":true,"href":"https:\/\/copertureedilsystem.it\/es\/wp-json\/wp\/v2\/users\/1"}],"replies":[{"embeddable":true,"href":"https:\/\/copertureedilsystem.it\/es\/wp-json\/wp\/v2\/comments?post=836"}],"version-history":[{"count":7,"href":"https:\/\/copertureedilsystem.it\/es\/wp-json\/wp\/v2\/pages\/836\/revisions"}],"predecessor-version":[{"id":1860,"href":"https:\/\/copertureedilsystem.it\/es\/wp-json\/wp\/v2\/pages\/836\/revisions\/1860"}],"wp:attachment":[{"href":"https:\/\/copertureedilsystem.it\/es\/wp-json\/wp\/v2\/media?parent=836"}],"curies":[{"name":"wp","href":"https:\/\/api.w.org\/{rel}","templated":true}]}}