{"id":758,"date":"2024-03-15T14:49:43","date_gmt":"2024-03-15T13:49:43","guid":{"rendered":"https:\/\/copertureedilsystem.it\/galerie\/"},"modified":"2024-05-13T14:51:33","modified_gmt":"2024-05-13T12:51:33","slug":"galerie","status":"publish","type":"page","link":"https:\/\/copertureedilsystem.it\/fr\/galerie\/","title":{"rendered":"Galerie"},"content":{"rendered":"\t\t<div data-elementor-type=\"wp-page\" data-elementor-id=\"758\" class=\"elementor elementor-758 elementor-229\" data-elementor-post-type=\"page\">\n\t\t\t\t<div class=\"elementor-element elementor-element-12026b7 e-flex e-con-boxed e-con e-parent\" data-id=\"12026b7\" data-element_type=\"container\" data-e-type=\"container\">\n\t\t\t\t\t<div class=\"e-con-inner\">\n\t\t\t\t<div class=\"elementor-element elementor-element-1b6f1a2 elementor-widget elementor-widget-heading\" data-id=\"1b6f1a2\" data-element_type=\"widget\" data-e-type=\"widget\" data-widget_type=\"heading.default\">\n\t\t\t\t<div class=\"elementor-widget-container\">\n\t\t\t\t\t<h2 class=\"elementor-heading-title elementor-size-default\">Galerie<\/h2>\t\t\t\t<\/div>\n\t\t\t\t<\/div>\n\t\t\t\t<div class=\"elementor-element elementor-element-ba7f3c5 elementor-widget elementor-widget-text-editor\" data-id=\"ba7f3c5\" data-element_type=\"widget\" data-e-type=\"widget\" data-widget_type=\"text-editor.default\">\n\t\t\t\t<div class=\"elementor-widget-container\">\n\t\t\t\t\t\t\t\t\t<p><strong>Notre Galerie vous donne un aper\u00e7u authentique et d\u00e9taill\u00e9 des projets r\u00e9alis\u00e9s par EdilSystem. Gr\u00e2ce \u00e0 une vari\u00e9t\u00e9 d&rsquo;images et de photographies, vous pouvez explorer nos travaux ant\u00e9rieurs et vous faire une id\u00e9e concr\u00e8te de nos comp\u00e9tences, de notre pr\u00e9cision et de notre souci de la qualit\u00e9.<\/strong><\/p>\n<p>D\u00e9couvrez les diff\u00e9rentes facettes de nos r\u00e9alisations, de l&rsquo;architecture \u00e0 l&rsquo;am\u00e9nagement int\u00e9rieur, et laissez-vous inspirer pour votre futur projet de construction avec nous.<\/p>\n\t\t\t\t\t\t\t\t<\/div>\n\t\t\t\t<\/div>\n\t\t\t\t<div class=\"elementor-element elementor-element-ddcb32c elementor-widget-divider--view-line elementor-widget elementor-widget-divider\" data-id=\"ddcb32c\" data-element_type=\"widget\" data-e-type=\"widget\" data-widget_type=\"divider.default\">\n\t\t\t\t<div class=\"elementor-widget-container\">\n\t\t\t\t\t\t\t<div class=\"elementor-divider\">\n\t\t\t<span class=\"elementor-divider-separator\">\n\t\t\t\t\t\t<\/span>\n\t\t<\/div>\n\t\t\t\t\t\t<\/div>\n\t\t\t\t<\/div>\n\t\t\t\t\t<\/div>\n\t\t\t\t<\/div>\n\t\t<div class=\"elementor-element elementor-element-e7e9e24 e-flex e-con-boxed e-con e-parent\" data-id=\"e7e9e24\" data-element_type=\"container\" data-e-type=\"container\">\n\t\t\t\t\t<div class=\"e-con-inner\">\n\t\t\t\t<div class=\"elementor-element elementor-element-f0319b6 elementor-widget elementor-widget-gallery\" data-id=\"f0319b6\" data-element_type=\"widget\" data-e-type=\"widget\" data-settings=\"{&quot;gallery_layout&quot;:&quot;masonry&quot;,&quot;columns_tablet&quot;:4,&quot;columns_mobile&quot;:3,&quot;lazyload&quot;:&quot;yes&quot;,&quot;columns&quot;:4,&quot;gap&quot;:{&quot;unit&quot;:&quot;px&quot;,&quot;size&quot;:10,&quot;sizes&quot;:[]},&quot;gap_tablet&quot;:{&quot;unit&quot;:&quot;px&quot;,&quot;size&quot;:10,&quot;sizes&quot;:[]},&quot;gap_mobile&quot;:{&quot;unit&quot;:&quot;px&quot;,&quot;size&quot;:10,&quot;sizes&quot;:[]},&quot;link_to&quot;:&quot;file&quot;,&quot;overlay_background&quot;:&quot;yes&quot;,&quot;content_hover_animation&quot;:&quot;fade-in&quot;}\" data-widget_type=\"gallery.default\">\n\t\t\t\t<div class=\"elementor-widget-container\">\n\t\t\t\t\t\t\t<div class=\"elementor-gallery__container\">\n\t\t\t\t\t\t\t<a class=\"e-gallery-item elementor-gallery-item elementor-animated-content\" href=\"https:\/\/copertureedilsystem.it\/wp-content\/uploads\/2024\/03\/ENFC_11_11zon.webp\" data-elementor-open-lightbox=\"yes\" data-elementor-lightbox-slideshow=\"f0319b6\" data-elementor-lightbox-title=\"ENFC_11_11zon\" data-e-action-hash=\"#elementor-action%3Aaction%3Dlightbox%26settings%3DeyJpZCI6MjQxLCJ1cmwiOiJodHRwczpcL1wvY29wZXJ0dXJlZWRpbHN5c3RlbS5pdFwvd3AtY29udGVudFwvdXBsb2Fkc1wvMjAyNFwvMDNcL0VORkNfMTFfMTF6b24ud2VicCIsInNsaWRlc2hvdyI6ImYwMzE5YjYifQ%3D%3D\">\n\t\t\t\t\t<div class=\"e-gallery-image elementor-gallery-item__image\" data-thumbnail=\"https:\/\/copertureedilsystem.it\/wp-content\/uploads\/2024\/03\/ENFC_11_11zon.webp\" data-width=\"576\" data-height=\"1024\" aria-label=\"\" role=\"img\" ><\/div>\n\t\t\t\t\t\t\t\t\t\t\t<div class=\"elementor-gallery-item__overlay\"><\/div>\n\t\t\t\t\t\t\t\t\t\t\t\t\t\t<\/a>\n\t\t\t\t\t\t\t<a class=\"e-gallery-item elementor-gallery-item elementor-animated-content\" href=\"https:\/\/copertureedilsystem.it\/wp-content\/uploads\/2024\/03\/EDILIZIA-INDUSTRIALE-2-scaled_9_11zon.webp\" data-elementor-open-lightbox=\"yes\" data-elementor-lightbox-slideshow=\"f0319b6\" data-elementor-lightbox-title=\"EDILIZIA-INDUSTRIALE-2-scaled_9_11zon\" data-e-action-hash=\"#elementor-action%3Aaction%3Dlightbox%26settings%3DeyJpZCI6MjMyLCJ1cmwiOiJodHRwczpcL1wvY29wZXJ0dXJlZWRpbHN5c3RlbS5pdFwvd3AtY29udGVudFwvdXBsb2Fkc1wvMjAyNFwvMDNcL0VESUxJWklBLUlORFVTVFJJQUxFLTItc2NhbGVkXzlfMTF6b24ud2VicCIsInNsaWRlc2hvdyI6ImYwMzE5YjYifQ%3D%3D\">\n\t\t\t\t\t<div class=\"e-gallery-image elementor-gallery-item__image\" data-thumbnail=\"https:\/\/copertureedilsystem.it\/wp-content\/uploads\/2024\/03\/EDILIZIA-INDUSTRIALE-2-scaled_9_11zon.webp\" data-width=\"1440\" data-height=\"2560\" aria-label=\"\" role=\"img\" ><\/div>\n\t\t\t\t\t\t\t\t\t\t\t<div class=\"elementor-gallery-item__overlay\"><\/div>\n\t\t\t\t\t\t\t\t\t\t\t\t\t\t<\/a>\n\t\t\t\t\t\t\t<a class=\"e-gallery-item elementor-gallery-item elementor-animated-content\" href=\"https:\/\/copertureedilsystem.it\/wp-content\/uploads\/2024\/03\/COPEERTURE-INDUSTRIALI-2-scaled_7_11zon.webp\" data-elementor-open-lightbox=\"yes\" data-elementor-lightbox-slideshow=\"f0319b6\" data-elementor-lightbox-title=\"COPEERTURE-INDUSTRIALI-2-scaled_7_11zon\" data-e-action-hash=\"#elementor-action%3Aaction%3Dlightbox%26settings%3DeyJpZCI6MjM1LCJ1cmwiOiJodHRwczpcL1wvY29wZXJ0dXJlZWRpbHN5c3RlbS5pdFwvd3AtY29udGVudFwvdXBsb2Fkc1wvMjAyNFwvMDNcL0NPUEVFUlRVUkUtSU5EVVNUUklBTEktMi1zY2FsZWRfN18xMXpvbi53ZWJwIiwic2xpZGVzaG93IjoiZjAzMTliNiJ9\">\n\t\t\t\t\t<div class=\"e-gallery-image elementor-gallery-item__image\" data-thumbnail=\"https:\/\/copertureedilsystem.it\/wp-content\/uploads\/2024\/03\/COPEERTURE-INDUSTRIALI-2-scaled_7_11zon.webp\" data-width=\"1920\" data-height=\"2560\" aria-label=\"\" role=\"img\" ><\/div>\n\t\t\t\t\t\t\t\t\t\t\t<div class=\"elementor-gallery-item__overlay\"><\/div>\n\t\t\t\t\t\t\t\t\t\t\t\t\t\t<\/a>\n\t\t\t\t\t\t\t<a class=\"e-gallery-item elementor-gallery-item elementor-animated-content\" href=\"https:\/\/copertureedilsystem.it\/wp-content\/uploads\/2024\/03\/CAPPOTTO-3433-1_3_11zon.webp\" data-elementor-open-lightbox=\"yes\" data-elementor-lightbox-slideshow=\"f0319b6\" data-elementor-lightbox-title=\"CAPPOTTO-3433-1_3_11zon\" data-e-action-hash=\"#elementor-action%3Aaction%3Dlightbox%26settings%3DeyJpZCI6MjM2LCJ1cmwiOiJodHRwczpcL1wvY29wZXJ0dXJlZWRpbHN5c3RlbS5pdFwvd3AtY29udGVudFwvdXBsb2Fkc1wvMjAyNFwvMDNcL0NBUFBPVFRPLTM0MzMtMV8zXzExem9uLndlYnAiLCJzbGlkZXNob3ciOiJmMDMxOWI2In0%3D\">\n\t\t\t\t\t<div class=\"e-gallery-image elementor-gallery-item__image\" data-thumbnail=\"https:\/\/copertureedilsystem.it\/wp-content\/uploads\/2024\/03\/CAPPOTTO-3433-1_3_11zon.webp\" data-width=\"1200\" data-height=\"1600\" aria-label=\"\" role=\"img\" ><\/div>\n\t\t\t\t\t\t\t\t\t\t\t<div class=\"elementor-gallery-item__overlay\"><\/div>\n\t\t\t\t\t\t\t\t\t\t\t\t\t\t<\/a>\n\t\t\t\t\t\t\t<a class=\"e-gallery-item elementor-gallery-item elementor-animated-content\" href=\"https:\/\/copertureedilsystem.it\/wp-content\/uploads\/2024\/03\/EDILIZIA-CIVILE-1_10_11zon.webp\" data-elementor-open-lightbox=\"yes\" data-elementor-lightbox-slideshow=\"f0319b6\" data-elementor-lightbox-title=\"EDILIZIA-CIVILE-1_10_11zon\" data-e-action-hash=\"#elementor-action%3Aaction%3Dlightbox%26settings%3DeyJpZCI6MjM4LCJ1cmwiOiJodHRwczpcL1wvY29wZXJ0dXJlZWRpbHN5c3RlbS5pdFwvd3AtY29udGVudFwvdXBsb2Fkc1wvMjAyNFwvMDNcL0VESUxJWklBLUNJVklMRS0xXzEwXzExem9uLndlYnAiLCJzbGlkZXNob3ciOiJmMDMxOWI2In0%3D\">\n\t\t\t\t\t<div class=\"e-gallery-image elementor-gallery-item__image\" data-thumbnail=\"https:\/\/copertureedilsystem.it\/wp-content\/uploads\/2024\/03\/EDILIZIA-CIVILE-1_10_11zon.webp\" data-width=\"1200\" data-height=\"1600\" aria-label=\"\" role=\"img\" ><\/div>\n\t\t\t\t\t\t\t\t\t\t\t<div class=\"elementor-gallery-item__overlay\"><\/div>\n\t\t\t\t\t\t\t\t\t\t\t\t\t\t<\/a>\n\t\t\t\t\t\t\t<a class=\"e-gallery-item elementor-gallery-item elementor-animated-content\" href=\"https:\/\/copertureedilsystem.it\/wp-content\/uploads\/2024\/03\/CAPPOTTO-TERMICO-2_6_11zon.webp\" data-elementor-open-lightbox=\"yes\" data-elementor-lightbox-slideshow=\"f0319b6\" data-elementor-lightbox-title=\"CAPPOTTO-TERMICO-2_6_11zon\" data-e-action-hash=\"#elementor-action%3Aaction%3Dlightbox%26settings%3DeyJpZCI6MjM3LCJ1cmwiOiJodHRwczpcL1wvY29wZXJ0dXJlZWRpbHN5c3RlbS5pdFwvd3AtY29udGVudFwvdXBsb2Fkc1wvMjAyNFwvMDNcL0NBUFBPVFRPLVRFUk1JQ08tMl82XzExem9uLndlYnAiLCJzbGlkZXNob3ciOiJmMDMxOWI2In0%3D\">\n\t\t\t\t\t<div class=\"e-gallery-image elementor-gallery-item__image\" data-thumbnail=\"https:\/\/copertureedilsystem.it\/wp-content\/uploads\/2024\/03\/CAPPOTTO-TERMICO-2_6_11zon.webp\" data-width=\"1280\" data-height=\"960\" aria-label=\"\" role=\"img\" ><\/div>\n\t\t\t\t\t\t\t\t\t\t\t<div class=\"elementor-gallery-item__overlay\"><\/div>\n\t\t\t\t\t\t\t\t\t\t\t\t\t\t<\/a>\n\t\t\t\t\t\t\t<a class=\"e-gallery-item elementor-gallery-item elementor-animated-content\" href=\"https:\/\/copertureedilsystem.it\/wp-content\/uploads\/2024\/03\/CAPPOTTO-COLLA-1-scaled_5_11zon.webp\" data-elementor-open-lightbox=\"yes\" data-elementor-lightbox-slideshow=\"f0319b6\" data-elementor-lightbox-title=\"CAPPOTTO-COLLA-1-scaled_5_11zon\" data-e-action-hash=\"#elementor-action%3Aaction%3Dlightbox%26settings%3DeyJpZCI6MjM0LCJ1cmwiOiJodHRwczpcL1wvY29wZXJ0dXJlZWRpbHN5c3RlbS5pdFwvd3AtY29udGVudFwvdXBsb2Fkc1wvMjAyNFwvMDNcL0NBUFBPVFRPLUNPTExBLTEtc2NhbGVkXzVfMTF6b24ud2VicCIsInNsaWRlc2hvdyI6ImYwMzE5YjYifQ%3D%3D\">\n\t\t\t\t\t<div class=\"e-gallery-image elementor-gallery-item__image\" data-thumbnail=\"https:\/\/copertureedilsystem.it\/wp-content\/uploads\/2024\/03\/CAPPOTTO-COLLA-1-scaled_5_11zon.webp\" data-width=\"1920\" data-height=\"2560\" aria-label=\"\" role=\"img\" ><\/div>\n\t\t\t\t\t\t\t\t\t\t\t<div class=\"elementor-gallery-item__overlay\"><\/div>\n\t\t\t\t\t\t\t\t\t\t\t\t\t\t<\/a>\n\t\t\t\t\t\t\t<a class=\"e-gallery-item elementor-gallery-item elementor-animated-content\" href=\"https:\/\/copertureedilsystem.it\/wp-content\/uploads\/2024\/03\/FACCIATE-VENTILATE-2_12_11zon.webp\" data-elementor-open-lightbox=\"yes\" data-elementor-lightbox-slideshow=\"f0319b6\" data-elementor-lightbox-title=\"FACCIATE-VENTILATE-2_12_11zon\" data-e-action-hash=\"#elementor-action%3Aaction%3Dlightbox%26settings%3DeyJpZCI6MjQwLCJ1cmwiOiJodHRwczpcL1wvY29wZXJ0dXJlZWRpbHN5c3RlbS5pdFwvd3AtY29udGVudFwvdXBsb2Fkc1wvMjAyNFwvMDNcL0ZBQ0NJQVRFLVZFTlRJTEFURS0yXzEyXzExem9uLndlYnAiLCJzbGlkZXNob3ciOiJmMDMxOWI2In0%3D\">\n\t\t\t\t\t<div class=\"e-gallery-image elementor-gallery-item__image\" data-thumbnail=\"https:\/\/copertureedilsystem.it\/wp-content\/uploads\/2024\/03\/FACCIATE-VENTILATE-2_12_11zon.webp\" data-width=\"1200\" data-height=\"1600\" aria-label=\"\" role=\"img\" ><\/div>\n\t\t\t\t\t\t\t\t\t\t\t<div class=\"elementor-gallery-item__overlay\"><\/div>\n\t\t\t\t\t\t\t\t\t\t\t\t\t\t<\/a>\n\t\t\t\t\t\t\t<a class=\"e-gallery-item elementor-gallery-item elementor-animated-content\" href=\"https:\/\/copertureedilsystem.it\/wp-content\/uploads\/2024\/03\/CAPPOTTO-1_2_11zon.webp\" data-elementor-open-lightbox=\"yes\" data-elementor-lightbox-slideshow=\"f0319b6\" data-elementor-lightbox-title=\"CAPPOTTO-1_2_11zon\" data-e-action-hash=\"#elementor-action%3Aaction%3Dlightbox%26settings%3DeyJpZCI6MjM5LCJ1cmwiOiJodHRwczpcL1wvY29wZXJ0dXJlZWRpbHN5c3RlbS5pdFwvd3AtY29udGVudFwvdXBsb2Fkc1wvMjAyNFwvMDNcL0NBUFBPVFRPLTFfMl8xMXpvbi53ZWJwIiwic2xpZGVzaG93IjoiZjAzMTliNiJ9\">\n\t\t\t\t\t<div class=\"e-gallery-image elementor-gallery-item__image\" data-thumbnail=\"https:\/\/copertureedilsystem.it\/wp-content\/uploads\/2024\/03\/CAPPOTTO-1_2_11zon.webp\" data-width=\"1200\" data-height=\"1600\" aria-label=\"\" role=\"img\" ><\/div>\n\t\t\t\t\t\t\t\t\t\t\t<div class=\"elementor-gallery-item__overlay\"><\/div>\n\t\t\t\t\t\t\t\t\t\t\t\t\t\t<\/a>\n\t\t\t\t\t\t\t<a class=\"e-gallery-item elementor-gallery-item elementor-animated-content\" href=\"https:\/\/copertureedilsystem.it\/wp-content\/uploads\/2024\/03\/LATTONERIA-2-768x1024_11zon.webp\" data-elementor-open-lightbox=\"yes\" data-elementor-lightbox-slideshow=\"f0319b6\" data-elementor-lightbox-title=\"LATTONERIA-2-768x1024_11zon\" data-e-action-hash=\"#elementor-action%3Aaction%3Dlightbox%26settings%3DeyJpZCI6MjE4LCJ1cmwiOiJodHRwczpcL1wvY29wZXJ0dXJlZWRpbHN5c3RlbS5pdFwvd3AtY29udGVudFwvdXBsb2Fkc1wvMjAyNFwvMDNcL0xBVFRPTkVSSUEtMi03Njh4MTAyNF8xMXpvbi53ZWJwIiwic2xpZGVzaG93IjoiZjAzMTliNiJ9\">\n\t\t\t\t\t<div class=\"e-gallery-image elementor-gallery-item__image\" data-thumbnail=\"https:\/\/copertureedilsystem.it\/wp-content\/uploads\/2024\/03\/LATTONERIA-2-768x1024_11zon.webp\" data-width=\"768\" data-height=\"1024\" aria-label=\"\" role=\"img\" ><\/div>\n\t\t\t\t\t\t\t\t\t\t\t<div class=\"elementor-gallery-item__overlay\"><\/div>\n\t\t\t\t\t\t\t\t\t\t\t\t\t\t<\/a>\n\t\t\t\t\t\t\t<a class=\"e-gallery-item elementor-gallery-item elementor-animated-content\" href=\"https:\/\/copertureedilsystem.it\/wp-content\/uploads\/2024\/03\/COPERTURE-CIVILI-1-scaled_8_11zon.webp\" data-elementor-open-lightbox=\"yes\" data-elementor-lightbox-slideshow=\"f0319b6\" data-elementor-lightbox-title=\"COPERTURE-CIVILI-1-scaled_8_11zon\" data-e-action-hash=\"#elementor-action%3Aaction%3Dlightbox%26settings%3DeyJpZCI6MjMzLCJ1cmwiOiJodHRwczpcL1wvY29wZXJ0dXJlZWRpbHN5c3RlbS5pdFwvd3AtY29udGVudFwvdXBsb2Fkc1wvMjAyNFwvMDNcL0NPUEVSVFVSRS1DSVZJTEktMS1zY2FsZWRfOF8xMXpvbi53ZWJwIiwic2xpZGVzaG93IjoiZjAzMTliNiJ9\">\n\t\t\t\t\t<div class=\"e-gallery-image elementor-gallery-item__image\" data-thumbnail=\"https:\/\/copertureedilsystem.it\/wp-content\/uploads\/2024\/03\/COPERTURE-CIVILI-1-scaled_8_11zon.webp\" data-width=\"1920\" data-height=\"2560\" aria-label=\"\" role=\"img\" ><\/div>\n\t\t\t\t\t\t\t\t\t\t\t<div class=\"elementor-gallery-item__overlay\"><\/div>\n\t\t\t\t\t\t\t\t\t\t\t\t\t\t<\/a>\n\t\t\t\t\t\t\t<a class=\"e-gallery-item elementor-gallery-item elementor-animated-content\" href=\"https:\/\/copertureedilsystem.it\/wp-content\/uploads\/2024\/03\/CAPPOTTO-67554345-scaled_4_11zon.webp\" data-elementor-open-lightbox=\"yes\" data-elementor-lightbox-slideshow=\"f0319b6\" data-elementor-lightbox-title=\"CAPPOTTO-67554345-scaled_4_11zon\" data-e-action-hash=\"#elementor-action%3Aaction%3Dlightbox%26settings%3DeyJpZCI6MjMxLCJ1cmwiOiJodHRwczpcL1wvY29wZXJ0dXJlZWRpbHN5c3RlbS5pdFwvd3AtY29udGVudFwvdXBsb2Fkc1wvMjAyNFwvMDNcL0NBUFBPVFRPLTY3NTU0MzQ1LXNjYWxlZF80XzExem9uLndlYnAiLCJzbGlkZXNob3ciOiJmMDMxOWI2In0%3D\">\n\t\t\t\t\t<div class=\"e-gallery-image elementor-gallery-item__image\" data-thumbnail=\"https:\/\/copertureedilsystem.it\/wp-content\/uploads\/2024\/03\/CAPPOTTO-67554345-scaled_4_11zon.webp\" data-width=\"1920\" data-height=\"2560\" aria-label=\"\" role=\"img\" ><\/div>\n\t\t\t\t\t\t\t\t\t\t\t<div class=\"elementor-gallery-item__overlay\"><\/div>\n\t\t\t\t\t\t\t\t\t\t\t\t\t\t<\/a>\n\t\t\t\t\t<\/div>\n\t\t\t\t\t<\/div>\n\t\t\t\t<\/div>\n\t\t\t\t\t<\/div>\n\t\t\t\t<\/div>\n\t\t\t\t<\/div>\n\t\t","protected":false},"excerpt":{"rendered":"<p>Galerie Notre Galerie vous donne un aper\u00e7u authentique et d\u00e9taill\u00e9 des projets r\u00e9alis\u00e9s par EdilSystem. Gr\u00e2ce \u00e0 une vari\u00e9t\u00e9 d&rsquo;images et de photographies, vous pouvez explorer nos travaux ant\u00e9rieurs et vous faire une id\u00e9e concr\u00e8te de nos comp\u00e9tences, de notre pr\u00e9cision et de notre souci de la qualit\u00e9. D\u00e9couvrez les diff\u00e9rentes facettes de nos r\u00e9alisations, [&hellip;]<\/p>\n","protected":false},"author":1,"featured_media":0,"parent":0,"menu_order":0,"comment_status":"closed","ping_status":"closed","template":"","meta":{"footnotes":""},"class_list":["post-758","page","type-page","status-publish","hentry"],"yoast_head":"<!-- This site is optimized with the Yoast SEO plugin v27.3 - https:\/\/yoast.com\/product\/yoast-seo-wordpress\/ -->\n<title>Galerie - Edil System<\/title>\n<meta name=\"robots\" content=\"index, follow, max-snippet:-1, max-image-preview:large, max-video-preview:-1\" \/>\n<link rel=\"canonical\" href=\"https:\/\/copertureedilsystem.it\/fr\/galerie\/\" \/>\n<meta property=\"og:locale\" content=\"fr_FR\" \/>\n<meta property=\"og:type\" content=\"article\" \/>\n<meta property=\"og:title\" content=\"Galerie - Edil System\" \/>\n<meta property=\"og:description\" content=\"Galerie Notre Galerie vous donne un aper\u00e7u authentique et d\u00e9taill\u00e9 des projets r\u00e9alis\u00e9s par EdilSystem. Gr\u00e2ce \u00e0 une vari\u00e9t\u00e9 d&rsquo;images et de photographies, vous pouvez explorer nos travaux ant\u00e9rieurs et vous faire une id\u00e9e concr\u00e8te de nos comp\u00e9tences, de notre pr\u00e9cision et de notre souci de la qualit\u00e9. D\u00e9couvrez les diff\u00e9rentes facettes de nos r\u00e9alisations, [&hellip;]\" \/>\n<meta property=\"og:url\" content=\"https:\/\/copertureedilsystem.it\/fr\/galerie\/\" \/>\n<meta property=\"og:site_name\" content=\"Edil System\" \/>\n<meta property=\"article:modified_time\" content=\"2024-05-13T12:51:33+00:00\" \/>\n<meta name=\"twitter:card\" content=\"summary_large_image\" \/>\n<script type=\"application\/ld+json\" class=\"yoast-schema-graph\">{\"@context\":\"https:\\\/\\\/schema.org\",\"@graph\":[{\"@type\":\"WebPage\",\"@id\":\"https:\\\/\\\/copertureedilsystem.it\\\/fr\\\/galerie\\\/\",\"url\":\"https:\\\/\\\/copertureedilsystem.it\\\/fr\\\/galerie\\\/\",\"name\":\"Galerie - Edil System\",\"isPartOf\":{\"@id\":\"https:\\\/\\\/copertureedilsystem.it\\\/#website\"},\"datePublished\":\"2024-03-15T13:49:43+00:00\",\"dateModified\":\"2024-05-13T12:51:33+00:00\",\"breadcrumb\":{\"@id\":\"https:\\\/\\\/copertureedilsystem.it\\\/fr\\\/galerie\\\/#breadcrumb\"},\"inLanguage\":\"fr-FR\",\"potentialAction\":[{\"@type\":\"ReadAction\",\"target\":[\"https:\\\/\\\/copertureedilsystem.it\\\/fr\\\/galerie\\\/\"]}]},{\"@type\":\"BreadcrumbList\",\"@id\":\"https:\\\/\\\/copertureedilsystem.it\\\/fr\\\/galerie\\\/#breadcrumb\",\"itemListElement\":[{\"@type\":\"ListItem\",\"position\":1,\"name\":\"Home\",\"item\":\"https:\\\/\\\/copertureedilsystem.it\\\/fr\\\/\"},{\"@type\":\"ListItem\",\"position\":2,\"name\":\"Galerie\"}]},{\"@type\":\"WebSite\",\"@id\":\"https:\\\/\\\/copertureedilsystem.it\\\/#website\",\"url\":\"https:\\\/\\\/copertureedilsystem.it\\\/\",\"name\":\"Edil System\",\"description\":\"\",\"publisher\":{\"@id\":\"https:\\\/\\\/copertureedilsystem.it\\\/#organization\"},\"potentialAction\":[{\"@type\":\"SearchAction\",\"target\":{\"@type\":\"EntryPoint\",\"urlTemplate\":\"https:\\\/\\\/copertureedilsystem.it\\\/?s={search_term_string}\"},\"query-input\":{\"@type\":\"PropertyValueSpecification\",\"valueRequired\":true,\"valueName\":\"search_term_string\"}}],\"inLanguage\":\"fr-FR\"},{\"@type\":\"Organization\",\"@id\":\"https:\\\/\\\/copertureedilsystem.it\\\/#organization\",\"name\":\"Edil System Srl\",\"url\":\"https:\\\/\\\/copertureedilsystem.it\\\/\",\"logo\":{\"@type\":\"ImageObject\",\"inLanguage\":\"fr-FR\",\"@id\":\"https:\\\/\\\/copertureedilsystem.it\\\/#\\\/schema\\\/logo\\\/image\\\/\",\"url\":\"https:\\\/\\\/copertureedilsystem.it\\\/wp-content\\\/uploads\\\/2024\\\/03\\\/Logo-EdilSystem.webp\",\"contentUrl\":\"https:\\\/\\\/copertureedilsystem.it\\\/wp-content\\\/uploads\\\/2024\\\/03\\\/Logo-EdilSystem.webp\",\"width\":2150,\"height\":571,\"caption\":\"Edil System Srl\"},\"image\":{\"@id\":\"https:\\\/\\\/copertureedilsystem.it\\\/#\\\/schema\\\/logo\\\/image\\\/\"}}]}<\/script>\n<!-- \/ Yoast SEO plugin. -->","yoast_head_json":{"title":"Galerie - Edil System","robots":{"index":"index","follow":"follow","max-snippet":"max-snippet:-1","max-image-preview":"max-image-preview:large","max-video-preview":"max-video-preview:-1"},"canonical":"https:\/\/copertureedilsystem.it\/fr\/galerie\/","og_locale":"fr_FR","og_type":"article","og_title":"Galerie - Edil System","og_description":"Galerie Notre Galerie vous donne un aper\u00e7u authentique et d\u00e9taill\u00e9 des projets r\u00e9alis\u00e9s par EdilSystem. Gr\u00e2ce \u00e0 une vari\u00e9t\u00e9 d&rsquo;images et de photographies, vous pouvez explorer nos travaux ant\u00e9rieurs et vous faire une id\u00e9e concr\u00e8te de nos comp\u00e9tences, de notre pr\u00e9cision et de notre souci de la qualit\u00e9. D\u00e9couvrez les diff\u00e9rentes facettes de nos r\u00e9alisations, [&hellip;]","og_url":"https:\/\/copertureedilsystem.it\/fr\/galerie\/","og_site_name":"Edil System","article_modified_time":"2024-05-13T12:51:33+00:00","twitter_card":"summary_large_image","schema":{"@context":"https:\/\/schema.org","@graph":[{"@type":"WebPage","@id":"https:\/\/copertureedilsystem.it\/fr\/galerie\/","url":"https:\/\/copertureedilsystem.it\/fr\/galerie\/","name":"Galerie - Edil System","isPartOf":{"@id":"https:\/\/copertureedilsystem.it\/#website"},"datePublished":"2024-03-15T13:49:43+00:00","dateModified":"2024-05-13T12:51:33+00:00","breadcrumb":{"@id":"https:\/\/copertureedilsystem.it\/fr\/galerie\/#breadcrumb"},"inLanguage":"fr-FR","potentialAction":[{"@type":"ReadAction","target":["https:\/\/copertureedilsystem.it\/fr\/galerie\/"]}]},{"@type":"BreadcrumbList","@id":"https:\/\/copertureedilsystem.it\/fr\/galerie\/#breadcrumb","itemListElement":[{"@type":"ListItem","position":1,"name":"Home","item":"https:\/\/copertureedilsystem.it\/fr\/"},{"@type":"ListItem","position":2,"name":"Galerie"}]},{"@type":"WebSite","@id":"https:\/\/copertureedilsystem.it\/#website","url":"https:\/\/copertureedilsystem.it\/","name":"Edil System","description":"","publisher":{"@id":"https:\/\/copertureedilsystem.it\/#organization"},"potentialAction":[{"@type":"SearchAction","target":{"@type":"EntryPoint","urlTemplate":"https:\/\/copertureedilsystem.it\/?s={search_term_string}"},"query-input":{"@type":"PropertyValueSpecification","valueRequired":true,"valueName":"search_term_string"}}],"inLanguage":"fr-FR"},{"@type":"Organization","@id":"https:\/\/copertureedilsystem.it\/#organization","name":"Edil System Srl","url":"https:\/\/copertureedilsystem.it\/","logo":{"@type":"ImageObject","inLanguage":"fr-FR","@id":"https:\/\/copertureedilsystem.it\/#\/schema\/logo\/image\/","url":"https:\/\/copertureedilsystem.it\/wp-content\/uploads\/2024\/03\/Logo-EdilSystem.webp","contentUrl":"https:\/\/copertureedilsystem.it\/wp-content\/uploads\/2024\/03\/Logo-EdilSystem.webp","width":2150,"height":571,"caption":"Edil System Srl"},"image":{"@id":"https:\/\/copertureedilsystem.it\/#\/schema\/logo\/image\/"}}]}},"_links":{"self":[{"href":"https:\/\/copertureedilsystem.it\/fr\/wp-json\/wp\/v2\/pages\/758","targetHints":{"allow":["GET"]}}],"collection":[{"href":"https:\/\/copertureedilsystem.it\/fr\/wp-json\/wp\/v2\/pages"}],"about":[{"href":"https:\/\/copertureedilsystem.it\/fr\/wp-json\/wp\/v2\/types\/page"}],"author":[{"embeddable":true,"href":"https:\/\/copertureedilsystem.it\/fr\/wp-json\/wp\/v2\/users\/1"}],"replies":[{"embeddable":true,"href":"https:\/\/copertureedilsystem.it\/fr\/wp-json\/wp\/v2\/comments?post=758"}],"version-history":[{"count":9,"href":"https:\/\/copertureedilsystem.it\/fr\/wp-json\/wp\/v2\/pages\/758\/revisions"}],"predecessor-version":[{"id":1841,"href":"https:\/\/copertureedilsystem.it\/fr\/wp-json\/wp\/v2\/pages\/758\/revisions\/1841"}],"wp:attachment":[{"href":"https:\/\/copertureedilsystem.it\/fr\/wp-json\/wp\/v2\/media?parent=758"}],"curies":[{"name":"wp","href":"https:\/\/api.w.org\/{rel}","templated":true}]}}