{"id":778,"date":"2024-03-15T16:59:41","date_gmt":"2024-03-15T15:59:41","guid":{"rendered":"https:\/\/copertureedilsystem.it\/lucarnes-et-evacuateurs-enfc\/"},"modified":"2024-05-13T14:54:22","modified_gmt":"2024-05-13T12:54:22","slug":"lucarnes-et-evacuateurs-enfc","status":"publish","type":"page","link":"https:\/\/copertureedilsystem.it\/fr\/lucarnes-et-evacuateurs-enfc\/","title":{"rendered":"Lucarnes et \u00e9vacuateurs ENFC"},"content":{"rendered":"\t\t<div data-elementor-type=\"wp-page\" data-elementor-id=\"778\" class=\"elementor elementor-778 elementor-353\" data-elementor-post-type=\"page\">\n\t\t\t\t<div class=\"elementor-element elementor-element-7698845 e-flex e-con-boxed e-con e-parent\" data-id=\"7698845\" data-element_type=\"container\" data-e-type=\"container\" data-settings=\"{&quot;background_background&quot;:&quot;classic&quot;}\">\n\t\t\t\t\t<div class=\"e-con-inner\">\n\t\t\t\t<div class=\"elementor-element elementor-element-1b6f1a2 elementor-widget-tablet__width-inherit elementor-widget elementor-widget-heading\" data-id=\"1b6f1a2\" data-element_type=\"widget\" data-e-type=\"widget\" data-widget_type=\"heading.default\">\n\t\t\t\t<div class=\"elementor-widget-container\">\n\t\t\t\t\t<h2 class=\"elementor-heading-title elementor-size-default\">Lucarnes<br>et Evacuateurs ENFC<\/h2>\t\t\t\t<\/div>\n\t\t\t\t<\/div>\n\t\t\t\t\t<\/div>\n\t\t\t\t<\/div>\n\t\t<div class=\"elementor-element elementor-element-13f7903 e-flex e-con-boxed e-con e-parent\" data-id=\"13f7903\" data-element_type=\"container\" data-e-type=\"container\">\n\t\t\t\t\t<div class=\"e-con-inner\">\n\t\t<div class=\"elementor-element elementor-element-c496e26 e-con-full e-flex e-con e-child\" data-id=\"c496e26\" data-element_type=\"container\" data-e-type=\"container\">\n\t\t\t\t<div class=\"elementor-element elementor-element-25fe4be elementor-widget elementor-widget-heading\" data-id=\"25fe4be\" data-element_type=\"widget\" data-e-type=\"widget\" data-widget_type=\"heading.default\">\n\t\t\t\t<div class=\"elementor-widget-container\">\n\t\t\t\t\t<h2 class=\"elementor-heading-title elementor-size-default\">Ce que nous faisons<\/h2>\t\t\t\t<\/div>\n\t\t\t\t<\/div>\n\t\t\t\t<\/div>\n\t\t<div class=\"elementor-element elementor-element-4c295f5 e-con-full e-flex e-con e-child\" data-id=\"4c295f5\" data-element_type=\"container\" data-e-type=\"container\">\n\t\t\t\t<div class=\"elementor-element elementor-element-55aff70 elementor-widget elementor-widget-heading\" data-id=\"55aff70\" data-element_type=\"widget\" data-e-type=\"widget\" data-widget_type=\"heading.default\">\n\t\t\t\t<div class=\"elementor-widget-container\">\n\t\t\t\t\t<h2 class=\"elementor-heading-title elementor-size-default\">Installation de lucarnes et de puits de lumi\u00e8re ENFC Evacuateurs de fum\u00e9e<\/h2>\t\t\t\t<\/div>\n\t\t\t\t<\/div>\n\t\t\t\t<div class=\"elementor-element elementor-element-b2ec427 elementor-widget elementor-widget-text-editor\" data-id=\"b2ec427\" data-element_type=\"widget\" data-e-type=\"widget\" data-widget_type=\"text-editor.default\">\n\t\t\t\t<div class=\"elementor-widget-container\">\n\t\t\t\t\t\t\t\t\t<p>Un puits de lumi\u00e8re est une surface vitr\u00e9e qui peut \u00eatre install\u00e9e \u00e0 plat ou en pente et qui a pour but d&rsquo;\u00e9clairer les pi\u00e8ces les plus difficiles d&rsquo;acc\u00e8s. En r\u00e9sum\u00e9, la lucarne est un \u00e9l\u00e9ment fondamental pour am\u00e9liorer l&rsquo;espace de vie, m\u00eame dans les pi\u00e8ces de petites dimensions, car elle offre la possibilit\u00e9 de faire entrer la lumi\u00e8re dans la pi\u00e8ce ou de la ventiler.<\/p><p>\nLa lucarne est une petite pi\u00e8ce vitr\u00e9e construite au-dessus du toit. Il s&rsquo;agit d&rsquo;une solution architecturale sp\u00e9ciale qui permet d&rsquo;am\u00e9liorer l&rsquo;\u00e9clairage et\/ou le renouvellement de l&rsquo;air.<\/p><p>\nLe syst\u00e8me d&rsquo;\u00e9vacuation naturelle des fum\u00e9es et de la chaleur (S.E.N.F.C.) utilise des produits qui permettent la cr\u00e9ation d&rsquo;une couche sans fum\u00e9e, comme l&rsquo;exige le niveau de performance III d\u00e9crit au chapitre S 8.2 du code de pr\u00e9vention des incendies (d\u00e9cret du minist\u00e8re de l&rsquo;Int\u00e9rieur du 18 octobre 2019).<\/p>\t\t\t\t\t\t\t\t<\/div>\n\t\t\t\t<\/div>\n\t\t\t\t<\/div>\n\t\t\t\t\t<\/div>\n\t\t\t\t<\/div>\n\t\t<div class=\"elementor-element elementor-element-7b2c24c e-flex e-con-boxed elementor-invisible e-con e-parent\" data-id=\"7b2c24c\" data-element_type=\"container\" data-e-type=\"container\" data-settings=\"{&quot;background_background&quot;:&quot;classic&quot;,&quot;animation&quot;:&quot;fadeInUp&quot;}\">\n\t\t\t\t\t<div class=\"e-con-inner\">\n\t\t<div class=\"elementor-element elementor-element-806c6b7 e-con-full e-flex e-con e-child\" data-id=\"806c6b7\" data-element_type=\"container\" data-e-type=\"container\">\n\t\t\t\t<div class=\"elementor-element elementor-element-59c0114 elementor-widget-mobile__width-inherit elementor-widget elementor-widget-heading\" data-id=\"59c0114\" data-element_type=\"widget\" data-e-type=\"widget\" data-widget_type=\"heading.default\">\n\t\t\t\t<div class=\"elementor-widget-container\">\n\t\t\t\t\t<h2 class=\"elementor-heading-title elementor-size-default\">Realizza <br>i tuoi progetti<\/h2>\t\t\t\t<\/div>\n\t\t\t\t<\/div>\n\t\t\t\t<div class=\"elementor-element elementor-element-879c38b elementor-widget elementor-widget-text-editor\" data-id=\"879c38b\" data-element_type=\"widget\" data-e-type=\"widget\" data-widget_type=\"text-editor.default\">\n\t\t\t\t<div class=\"elementor-widget-container\">\n\t\t\t\t\t\t\t\t\t<p>Siamo qui per aiutarti a rendere possibile ci\u00f2 che immagini per la tua casa o il tuo edificio commerciale. Scopri come possiamo collaborare insieme per raggiungere i tuoi sogni abitativi!<\/p>\n\t\t\t\t\t\t\t\t<\/div>\n\t\t\t\t<\/div>\n\t\t<div class=\"elementor-element elementor-element-6330317 e-flex e-con-boxed e-con e-child\" data-id=\"6330317\" data-element_type=\"container\" data-e-type=\"container\">\n\t\t\t\t\t<div class=\"e-con-inner\">\n\t\t\t\t<div class=\"elementor-element elementor-element-dad7867 elementor-widget elementor-widget-button\" data-id=\"dad7867\" data-element_type=\"widget\" data-e-type=\"widget\" data-widget_type=\"button.default\">\n\t\t\t\t<div class=\"elementor-widget-container\">\n\t\t\t\t\t\t\t\t\t<div class=\"elementor-button-wrapper\">\n\t\t\t\t\t<a class=\"elementor-button elementor-button-link elementor-size-sm\" href=\"tel:+05361856908\">\n\t\t\t\t\t\t<span class=\"elementor-button-content-wrapper\">\n\t\t\t\t\t\t\t\t\t<span class=\"elementor-button-text\">CHIAMA ORA<\/span>\n\t\t\t\t\t<\/span>\n\t\t\t\t\t<\/a>\n\t\t\t\t<\/div>\n\t\t\t\t\t\t\t\t<\/div>\n\t\t\t\t<\/div>\n\t\t\t\t<div class=\"elementor-element elementor-element-6e1ca1a elementor-widget elementor-widget-button\" data-id=\"6e1ca1a\" data-element_type=\"widget\" data-e-type=\"widget\" data-widget_type=\"button.default\">\n\t\t\t\t<div class=\"elementor-widget-container\">\n\t\t\t\t\t\t\t\t\t<div class=\"elementor-button-wrapper\">\n\t\t\t\t\t<a class=\"elementor-button elementor-button-link elementor-size-sm\" href=\"mailto:info@edilsystem.it\">\n\t\t\t\t\t\t<span class=\"elementor-button-content-wrapper\">\n\t\t\t\t\t\t\t\t\t<span class=\"elementor-button-text\">SCRIVICI<\/span>\n\t\t\t\t\t<\/span>\n\t\t\t\t\t<\/a>\n\t\t\t\t<\/div>\n\t\t\t\t\t\t\t\t<\/div>\n\t\t\t\t<\/div>\n\t\t\t\t\t<\/div>\n\t\t\t\t<\/div>\n\t\t\t\t<\/div>\n\t\t\t\t\t<\/div>\n\t\t\t\t<\/div>\n\t\t\t\t<\/div>\n\t\t","protected":false},"excerpt":{"rendered":"<p>Lucarneset Evacuateurs ENFC Ce que nous faisons Installation de lucarnes et de puits de lumi\u00e8re ENFC Evacuateurs de fum\u00e9e Un puits de lumi\u00e8re est une surface vitr\u00e9e qui peut \u00eatre install\u00e9e \u00e0 plat ou en pente et qui a pour but d&rsquo;\u00e9clairer les pi\u00e8ces les plus difficiles d&rsquo;acc\u00e8s. En r\u00e9sum\u00e9, la lucarne est un \u00e9l\u00e9ment [&hellip;]<\/p>\n","protected":false},"author":1,"featured_media":0,"parent":0,"menu_order":0,"comment_status":"closed","ping_status":"closed","template":"","meta":{"footnotes":""},"class_list":["post-778","page","type-page","status-publish","hentry"],"yoast_head":"<!-- This site is optimized with the Yoast SEO plugin v27.3 - https:\/\/yoast.com\/product\/yoast-seo-wordpress\/ -->\n<title>Lucarnes et \u00e9vacuateurs ENFC - Edil System<\/title>\n<meta name=\"robots\" content=\"index, follow, max-snippet:-1, max-image-preview:large, max-video-preview:-1\" \/>\n<link rel=\"canonical\" href=\"https:\/\/copertureedilsystem.it\/fr\/lucarnes-et-evacuateurs-enfc\/\" \/>\n<meta property=\"og:locale\" content=\"fr_FR\" \/>\n<meta property=\"og:type\" content=\"article\" \/>\n<meta property=\"og:title\" content=\"Lucarnes et \u00e9vacuateurs ENFC - Edil System\" \/>\n<meta property=\"og:description\" content=\"Lucarneset Evacuateurs ENFC Ce que nous faisons Installation de lucarnes et de puits de lumi\u00e8re ENFC Evacuateurs de fum\u00e9e Un puits de lumi\u00e8re est une surface vitr\u00e9e qui peut \u00eatre install\u00e9e \u00e0 plat ou en pente et qui a pour but d&rsquo;\u00e9clairer les pi\u00e8ces les plus difficiles d&rsquo;acc\u00e8s. En r\u00e9sum\u00e9, la lucarne est un \u00e9l\u00e9ment [&hellip;]\" \/>\n<meta property=\"og:url\" content=\"https:\/\/copertureedilsystem.it\/fr\/lucarnes-et-evacuateurs-enfc\/\" \/>\n<meta property=\"og:site_name\" content=\"Edil System\" \/>\n<meta property=\"article:modified_time\" content=\"2024-05-13T12:54:22+00:00\" \/>\n<meta name=\"twitter:card\" content=\"summary_large_image\" \/>\n<meta name=\"twitter:label1\" content=\"Dur\u00e9e de lecture estim\u00e9e\" \/>\n\t<meta name=\"twitter:data1\" content=\"1 minute\" \/>\n<script type=\"application\/ld+json\" class=\"yoast-schema-graph\">{\"@context\":\"https:\\\/\\\/schema.org\",\"@graph\":[{\"@type\":\"WebPage\",\"@id\":\"https:\\\/\\\/copertureedilsystem.it\\\/fr\\\/lucarnes-et-evacuateurs-enfc\\\/\",\"url\":\"https:\\\/\\\/copertureedilsystem.it\\\/fr\\\/lucarnes-et-evacuateurs-enfc\\\/\",\"name\":\"Lucarnes et \u00e9vacuateurs ENFC - Edil System\",\"isPartOf\":{\"@id\":\"https:\\\/\\\/copertureedilsystem.it\\\/#website\"},\"datePublished\":\"2024-03-15T15:59:41+00:00\",\"dateModified\":\"2024-05-13T12:54:22+00:00\",\"breadcrumb\":{\"@id\":\"https:\\\/\\\/copertureedilsystem.it\\\/fr\\\/lucarnes-et-evacuateurs-enfc\\\/#breadcrumb\"},\"inLanguage\":\"fr-FR\",\"potentialAction\":[{\"@type\":\"ReadAction\",\"target\":[\"https:\\\/\\\/copertureedilsystem.it\\\/fr\\\/lucarnes-et-evacuateurs-enfc\\\/\"]}]},{\"@type\":\"BreadcrumbList\",\"@id\":\"https:\\\/\\\/copertureedilsystem.it\\\/fr\\\/lucarnes-et-evacuateurs-enfc\\\/#breadcrumb\",\"itemListElement\":[{\"@type\":\"ListItem\",\"position\":1,\"name\":\"Home\",\"item\":\"https:\\\/\\\/copertureedilsystem.it\\\/fr\\\/\"},{\"@type\":\"ListItem\",\"position\":2,\"name\":\"Lucarnes et \u00e9vacuateurs ENFC\"}]},{\"@type\":\"WebSite\",\"@id\":\"https:\\\/\\\/copertureedilsystem.it\\\/#website\",\"url\":\"https:\\\/\\\/copertureedilsystem.it\\\/\",\"name\":\"Edil System\",\"description\":\"\",\"publisher\":{\"@id\":\"https:\\\/\\\/copertureedilsystem.it\\\/#organization\"},\"potentialAction\":[{\"@type\":\"SearchAction\",\"target\":{\"@type\":\"EntryPoint\",\"urlTemplate\":\"https:\\\/\\\/copertureedilsystem.it\\\/?s={search_term_string}\"},\"query-input\":{\"@type\":\"PropertyValueSpecification\",\"valueRequired\":true,\"valueName\":\"search_term_string\"}}],\"inLanguage\":\"fr-FR\"},{\"@type\":\"Organization\",\"@id\":\"https:\\\/\\\/copertureedilsystem.it\\\/#organization\",\"name\":\"Edil System Srl\",\"url\":\"https:\\\/\\\/copertureedilsystem.it\\\/\",\"logo\":{\"@type\":\"ImageObject\",\"inLanguage\":\"fr-FR\",\"@id\":\"https:\\\/\\\/copertureedilsystem.it\\\/#\\\/schema\\\/logo\\\/image\\\/\",\"url\":\"https:\\\/\\\/copertureedilsystem.it\\\/wp-content\\\/uploads\\\/2024\\\/03\\\/Logo-EdilSystem.webp\",\"contentUrl\":\"https:\\\/\\\/copertureedilsystem.it\\\/wp-content\\\/uploads\\\/2024\\\/03\\\/Logo-EdilSystem.webp\",\"width\":2150,\"height\":571,\"caption\":\"Edil System Srl\"},\"image\":{\"@id\":\"https:\\\/\\\/copertureedilsystem.it\\\/#\\\/schema\\\/logo\\\/image\\\/\"}}]}<\/script>\n<!-- \/ Yoast SEO plugin. -->","yoast_head_json":{"title":"Lucarnes et \u00e9vacuateurs ENFC - Edil System","robots":{"index":"index","follow":"follow","max-snippet":"max-snippet:-1","max-image-preview":"max-image-preview:large","max-video-preview":"max-video-preview:-1"},"canonical":"https:\/\/copertureedilsystem.it\/fr\/lucarnes-et-evacuateurs-enfc\/","og_locale":"fr_FR","og_type":"article","og_title":"Lucarnes et \u00e9vacuateurs ENFC - Edil System","og_description":"Lucarneset Evacuateurs ENFC Ce que nous faisons Installation de lucarnes et de puits de lumi\u00e8re ENFC Evacuateurs de fum\u00e9e Un puits de lumi\u00e8re est une surface vitr\u00e9e qui peut \u00eatre install\u00e9e \u00e0 plat ou en pente et qui a pour but d&rsquo;\u00e9clairer les pi\u00e8ces les plus difficiles d&rsquo;acc\u00e8s. En r\u00e9sum\u00e9, la lucarne est un \u00e9l\u00e9ment [&hellip;]","og_url":"https:\/\/copertureedilsystem.it\/fr\/lucarnes-et-evacuateurs-enfc\/","og_site_name":"Edil System","article_modified_time":"2024-05-13T12:54:22+00:00","twitter_card":"summary_large_image","twitter_misc":{"Dur\u00e9e de lecture estim\u00e9e":"1 minute"},"schema":{"@context":"https:\/\/schema.org","@graph":[{"@type":"WebPage","@id":"https:\/\/copertureedilsystem.it\/fr\/lucarnes-et-evacuateurs-enfc\/","url":"https:\/\/copertureedilsystem.it\/fr\/lucarnes-et-evacuateurs-enfc\/","name":"Lucarnes et \u00e9vacuateurs ENFC - Edil System","isPartOf":{"@id":"https:\/\/copertureedilsystem.it\/#website"},"datePublished":"2024-03-15T15:59:41+00:00","dateModified":"2024-05-13T12:54:22+00:00","breadcrumb":{"@id":"https:\/\/copertureedilsystem.it\/fr\/lucarnes-et-evacuateurs-enfc\/#breadcrumb"},"inLanguage":"fr-FR","potentialAction":[{"@type":"ReadAction","target":["https:\/\/copertureedilsystem.it\/fr\/lucarnes-et-evacuateurs-enfc\/"]}]},{"@type":"BreadcrumbList","@id":"https:\/\/copertureedilsystem.it\/fr\/lucarnes-et-evacuateurs-enfc\/#breadcrumb","itemListElement":[{"@type":"ListItem","position":1,"name":"Home","item":"https:\/\/copertureedilsystem.it\/fr\/"},{"@type":"ListItem","position":2,"name":"Lucarnes et \u00e9vacuateurs ENFC"}]},{"@type":"WebSite","@id":"https:\/\/copertureedilsystem.it\/#website","url":"https:\/\/copertureedilsystem.it\/","name":"Edil System","description":"","publisher":{"@id":"https:\/\/copertureedilsystem.it\/#organization"},"potentialAction":[{"@type":"SearchAction","target":{"@type":"EntryPoint","urlTemplate":"https:\/\/copertureedilsystem.it\/?s={search_term_string}"},"query-input":{"@type":"PropertyValueSpecification","valueRequired":true,"valueName":"search_term_string"}}],"inLanguage":"fr-FR"},{"@type":"Organization","@id":"https:\/\/copertureedilsystem.it\/#organization","name":"Edil System Srl","url":"https:\/\/copertureedilsystem.it\/","logo":{"@type":"ImageObject","inLanguage":"fr-FR","@id":"https:\/\/copertureedilsystem.it\/#\/schema\/logo\/image\/","url":"https:\/\/copertureedilsystem.it\/wp-content\/uploads\/2024\/03\/Logo-EdilSystem.webp","contentUrl":"https:\/\/copertureedilsystem.it\/wp-content\/uploads\/2024\/03\/Logo-EdilSystem.webp","width":2150,"height":571,"caption":"Edil System Srl"},"image":{"@id":"https:\/\/copertureedilsystem.it\/#\/schema\/logo\/image\/"}}]}},"_links":{"self":[{"href":"https:\/\/copertureedilsystem.it\/fr\/wp-json\/wp\/v2\/pages\/778","targetHints":{"allow":["GET"]}}],"collection":[{"href":"https:\/\/copertureedilsystem.it\/fr\/wp-json\/wp\/v2\/pages"}],"about":[{"href":"https:\/\/copertureedilsystem.it\/fr\/wp-json\/wp\/v2\/types\/page"}],"author":[{"embeddable":true,"href":"https:\/\/copertureedilsystem.it\/fr\/wp-json\/wp\/v2\/users\/1"}],"replies":[{"embeddable":true,"href":"https:\/\/copertureedilsystem.it\/fr\/wp-json\/wp\/v2\/comments?post=778"}],"version-history":[{"count":10,"href":"https:\/\/copertureedilsystem.it\/fr\/wp-json\/wp\/v2\/pages\/778\/revisions"}],"predecessor-version":[{"id":1875,"href":"https:\/\/copertureedilsystem.it\/fr\/wp-json\/wp\/v2\/pages\/778\/revisions\/1875"}],"wp:attachment":[{"href":"https:\/\/copertureedilsystem.it\/fr\/wp-json\/wp\/v2\/media?parent=778"}],"curies":[{"name":"wp","href":"https:\/\/api.w.org\/{rel}","templated":true}]}}