{"id":788,"date":"2024-03-15T17:05:54","date_gmt":"2024-03-15T16:05:54","guid":{"rendered":"https:\/\/copertureedilsystem.it\/construction-generale\/"},"modified":"2024-05-13T14:54:43","modified_gmt":"2024-05-13T12:54:43","slug":"construction-generale","status":"publish","type":"page","link":"https:\/\/copertureedilsystem.it\/fr\/construction-generale\/","title":{"rendered":"Construction g\u00e9n\u00e9rale"},"content":{"rendered":"\t\t<div data-elementor-type=\"wp-page\" data-elementor-id=\"788\" class=\"elementor elementor-788 elementor-372\" data-elementor-post-type=\"page\">\n\t\t\t\t<div class=\"elementor-element elementor-element-7698845 e-flex e-con-boxed e-con e-parent\" data-id=\"7698845\" data-element_type=\"container\" data-e-type=\"container\" data-settings=\"{&quot;background_background&quot;:&quot;classic&quot;}\">\n\t\t\t\t\t<div class=\"e-con-inner\">\n\t\t\t\t<div class=\"elementor-element elementor-element-1b6f1a2 elementor-widget-tablet__width-inherit elementor-widget elementor-widget-heading\" data-id=\"1b6f1a2\" data-element_type=\"widget\" data-e-type=\"widget\" data-widget_type=\"heading.default\">\n\t\t\t\t<div class=\"elementor-widget-container\">\n\t\t\t\t\t<h2 class=\"elementor-heading-title elementor-size-default\">Construction g\u00e9n\u00e9rale<\/h2>\t\t\t\t<\/div>\n\t\t\t\t<\/div>\n\t\t\t\t\t<\/div>\n\t\t\t\t<\/div>\n\t\t<div class=\"elementor-element elementor-element-13f7903 e-flex e-con-boxed e-con e-parent\" data-id=\"13f7903\" data-element_type=\"container\" data-e-type=\"container\">\n\t\t\t\t\t<div class=\"e-con-inner\">\n\t\t<div class=\"elementor-element elementor-element-c496e26 e-con-full e-flex e-con e-child\" data-id=\"c496e26\" data-element_type=\"container\" data-e-type=\"container\">\n\t\t\t\t<div class=\"elementor-element elementor-element-25fe4be elementor-widget elementor-widget-heading\" data-id=\"25fe4be\" data-element_type=\"widget\" data-e-type=\"widget\" data-widget_type=\"heading.default\">\n\t\t\t\t<div class=\"elementor-widget-container\">\n\t\t\t\t\t<h2 class=\"elementor-heading-title elementor-size-default\">Ce que nous faisons<\/h2>\t\t\t\t<\/div>\n\t\t\t\t<\/div>\n\t\t\t\t<\/div>\n\t\t<div class=\"elementor-element elementor-element-4c295f5 e-con-full e-flex e-con e-child\" data-id=\"4c295f5\" data-element_type=\"container\" data-e-type=\"container\">\n\t\t\t\t<div class=\"elementor-element elementor-element-55aff70 elementor-widget elementor-widget-heading\" data-id=\"55aff70\" data-element_type=\"widget\" data-e-type=\"widget\" data-widget_type=\"heading.default\">\n\t\t\t\t<div class=\"elementor-widget-container\">\n\t\t\t\t\t<h2 class=\"elementor-heading-title elementor-size-default\">Travaux de construction g\u00e9n\u00e9raux, civils et industriels<\/h2>\t\t\t\t<\/div>\n\t\t\t\t<\/div>\n\t\t\t\t<div class=\"elementor-element elementor-element-b2ec427 elementor-widget elementor-widget-text-editor\" data-id=\"b2ec427\" data-element_type=\"widget\" data-e-type=\"widget\" data-widget_type=\"text-editor.default\">\n\t\t\t\t<div class=\"elementor-widget-container\">\n\t\t\t\t\t\t\t\t\tLa construction est l&rsquo;ensemble des techniques et des connaissances visant \u00e0 la conception et \u00e0 la r\u00e9alisation d&rsquo;un ouvrage ou plus sp\u00e9cifiquement d&rsquo;un b\u00e2timent.\nLe personnel ou les entreprises op\u00e9rant dans le monde de la construction sont g\u00e9n\u00e9ralement sp\u00e9cialis\u00e9s dans un seul secteur, car les comp\u00e9tences \u00e0 acqu\u00e9rir sont tellement nombreuses qu&rsquo;il est difficile d&rsquo;\u00eatre ma\u00eetre de plusieurs m\u00e9tiers, notamment en raison de la complexit\u00e9 des questions r\u00e9glementaires li\u00e9es \u00e0 chaque secteur.  \nNous intervenons dans le domaine de la construction l\u00e9g\u00e8re et lourde, avec des travaux structurels majeurs.\t\t\t\t\t\t\t\t<\/div>\n\t\t\t\t<\/div>\n\t\t\t\t<\/div>\n\t\t\t\t\t<\/div>\n\t\t\t\t<\/div>\n\t\t<div class=\"elementor-element elementor-element-1b2fa08 e-flex e-con-boxed e-con e-parent\" data-id=\"1b2fa08\" data-element_type=\"container\" data-e-type=\"container\">\n\t\t\t\t\t<div class=\"e-con-inner\">\n\t\t<div class=\"elementor-element elementor-element-330b1cd e-flex e-con-boxed e-con e-child\" data-id=\"330b1cd\" data-element_type=\"container\" data-e-type=\"container\" data-settings=\"{&quot;background_background&quot;:&quot;classic&quot;}\">\n\t\t\t\t\t<div class=\"e-con-inner\">\n\t\t\t\t\t<\/div>\n\t\t\t\t<\/div>\n\t\t\t\t\t<\/div>\n\t\t\t\t<\/div>\n\t\t<div class=\"elementor-element elementor-element-31a2753 e-flex e-con-boxed e-con e-parent\" data-id=\"31a2753\" data-element_type=\"container\" data-e-type=\"container\">\n\t\t\t\t\t<div class=\"e-con-inner\">\n\t\t<div class=\"elementor-element elementor-element-ff1fb1c e-con-full e-flex e-con e-child\" data-id=\"ff1fb1c\" data-element_type=\"container\" data-e-type=\"container\">\n\t\t<div class=\"elementor-element elementor-element-6a03176 e-con-full e-flex e-con e-child\" data-id=\"6a03176\" data-element_type=\"container\" data-e-type=\"container\" data-settings=\"{&quot;background_background&quot;:&quot;slideshow&quot;,&quot;background_slideshow_gallery&quot;:[{&quot;id&quot;:374,&quot;url&quot;:&quot;https:\\\/\\\/edilsystem.digital-comm.it\\\/wp-content\\\/uploads\\\/2024\\\/03\\\/EDILIZIA-INDUSTRIALE-1-scaled_11zon.webp&quot;},{&quot;id&quot;:375,&quot;url&quot;:&quot;https:\\\/\\\/edilsystem.digital-comm.it\\\/wp-content\\\/uploads\\\/2024\\\/03\\\/EDILIZIA-CIVILE_11zon.webp&quot;}],&quot;background_slideshow_loop&quot;:&quot;yes&quot;,&quot;background_slideshow_slide_duration&quot;:5000,&quot;background_slideshow_slide_transition&quot;:&quot;fade&quot;,&quot;background_slideshow_transition_duration&quot;:500}\">\n\t\t\t\t<\/div>\n\t\t<div class=\"elementor-element elementor-element-c06ba58 e-flex e-con-boxed e-con e-child\" data-id=\"c06ba58\" data-element_type=\"container\" data-e-type=\"container\">\n\t\t\t\t\t<div class=\"e-con-inner\">\n\t\t\t\t<div class=\"elementor-element elementor-element-951c9dd elementor-widget elementor-widget-text-editor\" data-id=\"951c9dd\" data-element_type=\"widget\" data-e-type=\"widget\" data-widget_type=\"text-editor.default\">\n\t\t\t\t<div class=\"elementor-widget-container\">\n\t\t\t\t\t\t\t\t\t<p>Edil System s&rsquo;occupe de projets de construction civile, notamment de b\u00e2timents r\u00e9sidentiels, de complexes commerciaux et de d\u00e9veloppement d&rsquo;infrastructures. Notre \u00e9quipe d&rsquo;experts veille \u00e0 la bonne ex\u00e9cution des projets, de la planification et de la conception \u00e0 la construction et \u00e0 l&rsquo;ach\u00e8vement, en respectant des normes de qualit\u00e9 et des d\u00e9lais \u00e9lev\u00e9s.<\/p>\n<p>Nous avons une grande exp\u00e9rience de la construction industrielle et r\u00e9alisons des projets adapt\u00e9s aux besoins sp\u00e9cifiques des usines, des entrep\u00f4ts et des installations industrielles. Notre expertise comprend la construction de b\u00e2timents industriels, d&rsquo;installations de production et d&rsquo;infrastructures sp\u00e9cialis\u00e9es, garantissant la fonctionnalit\u00e9, l&rsquo;efficacit\u00e9 et la conformit\u00e9 aux normes industrielles.<\/p>\n\t\t\t\t\t\t\t\t<\/div>\n\t\t\t\t<\/div>\n\t\t\t\t\t<\/div>\n\t\t\t\t<\/div>\n\t\t\t\t<\/div>\n\t\t\t\t\t<\/div>\n\t\t\t\t<\/div>\n\t\t<div class=\"elementor-element elementor-element-44f1893 e-flex e-con-boxed elementor-invisible e-con e-parent\" data-id=\"44f1893\" data-element_type=\"container\" data-e-type=\"container\" data-settings=\"{&quot;background_background&quot;:&quot;classic&quot;,&quot;animation&quot;:&quot;fadeInUp&quot;}\">\n\t\t\t\t\t<div class=\"e-con-inner\">\n\t\t<div class=\"elementor-element elementor-element-8b7943e e-con-full e-flex e-con e-child\" data-id=\"8b7943e\" data-element_type=\"container\" data-e-type=\"container\">\n\t\t\t\t<div class=\"elementor-element elementor-element-6f2aed4 elementor-widget-mobile__width-inherit elementor-widget elementor-widget-heading\" data-id=\"6f2aed4\" data-element_type=\"widget\" data-e-type=\"widget\" data-widget_type=\"heading.default\">\n\t\t\t\t<div class=\"elementor-widget-container\">\n\t\t\t\t\t<h2 class=\"elementor-heading-title elementor-size-default\">Realizza <br>i tuoi progetti<\/h2>\t\t\t\t<\/div>\n\t\t\t\t<\/div>\n\t\t\t\t<div class=\"elementor-element elementor-element-1db0ddf elementor-widget elementor-widget-text-editor\" data-id=\"1db0ddf\" data-element_type=\"widget\" data-e-type=\"widget\" data-widget_type=\"text-editor.default\">\n\t\t\t\t<div class=\"elementor-widget-container\">\n\t\t\t\t\t\t\t\t\t<p>Siamo qui per aiutarti a rendere possibile ci\u00f2 che immagini per la tua casa o il tuo edificio commerciale. Scopri come possiamo collaborare insieme per raggiungere i tuoi sogni abitativi!<\/p>\n\t\t\t\t\t\t\t\t<\/div>\n\t\t\t\t<\/div>\n\t\t<div class=\"elementor-element elementor-element-c0166d6 e-flex e-con-boxed e-con e-child\" data-id=\"c0166d6\" data-element_type=\"container\" data-e-type=\"container\">\n\t\t\t\t\t<div class=\"e-con-inner\">\n\t\t\t\t<div class=\"elementor-element elementor-element-7c5b6b4 elementor-widget elementor-widget-button\" data-id=\"7c5b6b4\" data-element_type=\"widget\" data-e-type=\"widget\" data-widget_type=\"button.default\">\n\t\t\t\t<div class=\"elementor-widget-container\">\n\t\t\t\t\t\t\t\t\t<div class=\"elementor-button-wrapper\">\n\t\t\t\t\t<a class=\"elementor-button elementor-button-link elementor-size-sm\" href=\"tel:+05361856908\">\n\t\t\t\t\t\t<span class=\"elementor-button-content-wrapper\">\n\t\t\t\t\t\t\t\t\t<span class=\"elementor-button-text\">CHIAMA ORA<\/span>\n\t\t\t\t\t<\/span>\n\t\t\t\t\t<\/a>\n\t\t\t\t<\/div>\n\t\t\t\t\t\t\t\t<\/div>\n\t\t\t\t<\/div>\n\t\t\t\t<div class=\"elementor-element elementor-element-392e630 elementor-widget elementor-widget-button\" data-id=\"392e630\" data-element_type=\"widget\" data-e-type=\"widget\" data-widget_type=\"button.default\">\n\t\t\t\t<div class=\"elementor-widget-container\">\n\t\t\t\t\t\t\t\t\t<div class=\"elementor-button-wrapper\">\n\t\t\t\t\t<a class=\"elementor-button elementor-button-link elementor-size-sm\" href=\"mailto:info@edilsystem.it\">\n\t\t\t\t\t\t<span class=\"elementor-button-content-wrapper\">\n\t\t\t\t\t\t\t\t\t<span class=\"elementor-button-text\">SCRIVICI<\/span>\n\t\t\t\t\t<\/span>\n\t\t\t\t\t<\/a>\n\t\t\t\t<\/div>\n\t\t\t\t\t\t\t\t<\/div>\n\t\t\t\t<\/div>\n\t\t\t\t\t<\/div>\n\t\t\t\t<\/div>\n\t\t\t\t<\/div>\n\t\t\t\t\t<\/div>\n\t\t\t\t<\/div>\n\t\t\t\t<\/div>\n\t\t","protected":false},"excerpt":{"rendered":"<p>Construction g\u00e9n\u00e9rale Ce que nous faisons Travaux de construction g\u00e9n\u00e9raux, civils et industriels La construction est l&rsquo;ensemble des techniques et des connaissances visant \u00e0 la conception et \u00e0 la r\u00e9alisation d&rsquo;un ouvrage ou plus sp\u00e9cifiquement d&rsquo;un b\u00e2timent. Le personnel ou les entreprises op\u00e9rant dans le monde de la construction sont g\u00e9n\u00e9ralement sp\u00e9cialis\u00e9s dans un seul [&hellip;]<\/p>\n","protected":false},"author":1,"featured_media":0,"parent":0,"menu_order":0,"comment_status":"closed","ping_status":"closed","template":"","meta":{"footnotes":""},"class_list":["post-788","page","type-page","status-publish","hentry"],"yoast_head":"<!-- This site is optimized with the Yoast SEO plugin v27.3 - https:\/\/yoast.com\/product\/yoast-seo-wordpress\/ -->\n<title>Construction g\u00e9n\u00e9rale - Edil System<\/title>\n<meta name=\"robots\" content=\"index, follow, max-snippet:-1, max-image-preview:large, max-video-preview:-1\" \/>\n<link rel=\"canonical\" href=\"https:\/\/copertureedilsystem.it\/edilizia-generale\/\" \/>\n<meta property=\"og:locale\" content=\"fr_FR\" \/>\n<meta property=\"og:type\" content=\"article\" \/>\n<meta property=\"og:title\" content=\"Construction g\u00e9n\u00e9rale - Edil System\" \/>\n<meta property=\"og:description\" content=\"Construction g\u00e9n\u00e9rale Ce que nous faisons Travaux de construction g\u00e9n\u00e9raux, civils et industriels La construction est l&rsquo;ensemble des techniques et des connaissances visant \u00e0 la conception et \u00e0 la r\u00e9alisation d&rsquo;un ouvrage ou plus sp\u00e9cifiquement d&rsquo;un b\u00e2timent. Le personnel ou les entreprises op\u00e9rant dans le monde de la construction sont g\u00e9n\u00e9ralement sp\u00e9cialis\u00e9s dans un seul [&hellip;]\" \/>\n<meta property=\"og:url\" content=\"https:\/\/copertureedilsystem.it\/edilizia-generale\/\" \/>\n<meta property=\"og:site_name\" content=\"Edil System\" \/>\n<meta property=\"article:modified_time\" content=\"2024-05-13T12:54:43+00:00\" \/>\n<meta name=\"twitter:card\" content=\"summary_large_image\" \/>\n<meta name=\"twitter:label1\" content=\"Dur\u00e9e de lecture estim\u00e9e\" \/>\n\t<meta name=\"twitter:data1\" content=\"1 minute\" \/>\n<script type=\"application\/ld+json\" class=\"yoast-schema-graph\">{\"@context\":\"https:\\\/\\\/schema.org\",\"@graph\":[{\"@type\":\"WebPage\",\"@id\":\"https:\\\/\\\/copertureedilsystem.it\\\/edilizia-generale\\\/\",\"url\":\"https:\\\/\\\/copertureedilsystem.it\\\/edilizia-generale\\\/\",\"name\":\"Construction g\u00e9n\u00e9rale - Edil System\",\"isPartOf\":{\"@id\":\"https:\\\/\\\/copertureedilsystem.it\\\/#website\"},\"datePublished\":\"2024-03-15T16:05:54+00:00\",\"dateModified\":\"2024-05-13T12:54:43+00:00\",\"breadcrumb\":{\"@id\":\"https:\\\/\\\/copertureedilsystem.it\\\/edilizia-generale\\\/#breadcrumb\"},\"inLanguage\":\"fr-FR\",\"potentialAction\":[{\"@type\":\"ReadAction\",\"target\":[\"https:\\\/\\\/copertureedilsystem.it\\\/edilizia-generale\\\/\"]}]},{\"@type\":\"BreadcrumbList\",\"@id\":\"https:\\\/\\\/copertureedilsystem.it\\\/edilizia-generale\\\/#breadcrumb\",\"itemListElement\":[{\"@type\":\"ListItem\",\"position\":1,\"name\":\"Home\",\"item\":\"https:\\\/\\\/copertureedilsystem.it\\\/fr\\\/\"},{\"@type\":\"ListItem\",\"position\":2,\"name\":\"Construction g\u00e9n\u00e9rale\"}]},{\"@type\":\"WebSite\",\"@id\":\"https:\\\/\\\/copertureedilsystem.it\\\/#website\",\"url\":\"https:\\\/\\\/copertureedilsystem.it\\\/\",\"name\":\"Edil System\",\"description\":\"\",\"publisher\":{\"@id\":\"https:\\\/\\\/copertureedilsystem.it\\\/#organization\"},\"potentialAction\":[{\"@type\":\"SearchAction\",\"target\":{\"@type\":\"EntryPoint\",\"urlTemplate\":\"https:\\\/\\\/copertureedilsystem.it\\\/?s={search_term_string}\"},\"query-input\":{\"@type\":\"PropertyValueSpecification\",\"valueRequired\":true,\"valueName\":\"search_term_string\"}}],\"inLanguage\":\"fr-FR\"},{\"@type\":\"Organization\",\"@id\":\"https:\\\/\\\/copertureedilsystem.it\\\/#organization\",\"name\":\"Edil System Srl\",\"url\":\"https:\\\/\\\/copertureedilsystem.it\\\/\",\"logo\":{\"@type\":\"ImageObject\",\"inLanguage\":\"fr-FR\",\"@id\":\"https:\\\/\\\/copertureedilsystem.it\\\/#\\\/schema\\\/logo\\\/image\\\/\",\"url\":\"https:\\\/\\\/copertureedilsystem.it\\\/wp-content\\\/uploads\\\/2024\\\/03\\\/Logo-EdilSystem.webp\",\"contentUrl\":\"https:\\\/\\\/copertureedilsystem.it\\\/wp-content\\\/uploads\\\/2024\\\/03\\\/Logo-EdilSystem.webp\",\"width\":2150,\"height\":571,\"caption\":\"Edil System Srl\"},\"image\":{\"@id\":\"https:\\\/\\\/copertureedilsystem.it\\\/#\\\/schema\\\/logo\\\/image\\\/\"}}]}<\/script>\n<!-- \/ Yoast SEO plugin. -->","yoast_head_json":{"title":"Construction g\u00e9n\u00e9rale - Edil System","robots":{"index":"index","follow":"follow","max-snippet":"max-snippet:-1","max-image-preview":"max-image-preview:large","max-video-preview":"max-video-preview:-1"},"canonical":"https:\/\/copertureedilsystem.it\/edilizia-generale\/","og_locale":"fr_FR","og_type":"article","og_title":"Construction g\u00e9n\u00e9rale - Edil System","og_description":"Construction g\u00e9n\u00e9rale Ce que nous faisons Travaux de construction g\u00e9n\u00e9raux, civils et industriels La construction est l&rsquo;ensemble des techniques et des connaissances visant \u00e0 la conception et \u00e0 la r\u00e9alisation d&rsquo;un ouvrage ou plus sp\u00e9cifiquement d&rsquo;un b\u00e2timent. Le personnel ou les entreprises op\u00e9rant dans le monde de la construction sont g\u00e9n\u00e9ralement sp\u00e9cialis\u00e9s dans un seul [&hellip;]","og_url":"https:\/\/copertureedilsystem.it\/edilizia-generale\/","og_site_name":"Edil System","article_modified_time":"2024-05-13T12:54:43+00:00","twitter_card":"summary_large_image","twitter_misc":{"Dur\u00e9e de lecture estim\u00e9e":"1 minute"},"schema":{"@context":"https:\/\/schema.org","@graph":[{"@type":"WebPage","@id":"https:\/\/copertureedilsystem.it\/edilizia-generale\/","url":"https:\/\/copertureedilsystem.it\/edilizia-generale\/","name":"Construction g\u00e9n\u00e9rale - Edil System","isPartOf":{"@id":"https:\/\/copertureedilsystem.it\/#website"},"datePublished":"2024-03-15T16:05:54+00:00","dateModified":"2024-05-13T12:54:43+00:00","breadcrumb":{"@id":"https:\/\/copertureedilsystem.it\/edilizia-generale\/#breadcrumb"},"inLanguage":"fr-FR","potentialAction":[{"@type":"ReadAction","target":["https:\/\/copertureedilsystem.it\/edilizia-generale\/"]}]},{"@type":"BreadcrumbList","@id":"https:\/\/copertureedilsystem.it\/edilizia-generale\/#breadcrumb","itemListElement":[{"@type":"ListItem","position":1,"name":"Home","item":"https:\/\/copertureedilsystem.it\/fr\/"},{"@type":"ListItem","position":2,"name":"Construction g\u00e9n\u00e9rale"}]},{"@type":"WebSite","@id":"https:\/\/copertureedilsystem.it\/#website","url":"https:\/\/copertureedilsystem.it\/","name":"Edil System","description":"","publisher":{"@id":"https:\/\/copertureedilsystem.it\/#organization"},"potentialAction":[{"@type":"SearchAction","target":{"@type":"EntryPoint","urlTemplate":"https:\/\/copertureedilsystem.it\/?s={search_term_string}"},"query-input":{"@type":"PropertyValueSpecification","valueRequired":true,"valueName":"search_term_string"}}],"inLanguage":"fr-FR"},{"@type":"Organization","@id":"https:\/\/copertureedilsystem.it\/#organization","name":"Edil System Srl","url":"https:\/\/copertureedilsystem.it\/","logo":{"@type":"ImageObject","inLanguage":"fr-FR","@id":"https:\/\/copertureedilsystem.it\/#\/schema\/logo\/image\/","url":"https:\/\/copertureedilsystem.it\/wp-content\/uploads\/2024\/03\/Logo-EdilSystem.webp","contentUrl":"https:\/\/copertureedilsystem.it\/wp-content\/uploads\/2024\/03\/Logo-EdilSystem.webp","width":2150,"height":571,"caption":"Edil System Srl"},"image":{"@id":"https:\/\/copertureedilsystem.it\/#\/schema\/logo\/image\/"}}]}},"_links":{"self":[{"href":"https:\/\/copertureedilsystem.it\/fr\/wp-json\/wp\/v2\/pages\/788","targetHints":{"allow":["GET"]}}],"collection":[{"href":"https:\/\/copertureedilsystem.it\/fr\/wp-json\/wp\/v2\/pages"}],"about":[{"href":"https:\/\/copertureedilsystem.it\/fr\/wp-json\/wp\/v2\/types\/page"}],"author":[{"embeddable":true,"href":"https:\/\/copertureedilsystem.it\/fr\/wp-json\/wp\/v2\/users\/1"}],"replies":[{"embeddable":true,"href":"https:\/\/copertureedilsystem.it\/fr\/wp-json\/wp\/v2\/comments?post=788"}],"version-history":[{"count":9,"href":"https:\/\/copertureedilsystem.it\/fr\/wp-json\/wp\/v2\/pages\/788\/revisions"}],"predecessor-version":[{"id":1882,"href":"https:\/\/copertureedilsystem.it\/fr\/wp-json\/wp\/v2\/pages\/788\/revisions\/1882"}],"wp:attachment":[{"href":"https:\/\/copertureedilsystem.it\/fr\/wp-json\/wp\/v2\/media?parent=788"}],"curies":[{"name":"wp","href":"https:\/\/api.w.org\/{rel}","templated":true}]}}