{"id":859,"date":"2024-03-15T16:51:08","date_gmt":"2024-03-15T15:51:08","guid":{"rendered":"https:\/\/copertureedilsystem.it\/gouttieres-solins-et-cheminees\/"},"modified":"2024-05-13T14:54:02","modified_gmt":"2024-05-13T12:54:02","slug":"gouttieres-solins-et-cheminees","status":"publish","type":"page","link":"https:\/\/copertureedilsystem.it\/fr\/gouttieres-solins-et-cheminees\/","title":{"rendered":"Goutti\u00e8res, solins et chemin\u00e9es"},"content":{"rendered":"\t\t<div data-elementor-type=\"wp-page\" data-elementor-id=\"859\" class=\"elementor elementor-859 elementor-347\" data-elementor-post-type=\"page\">\n\t\t\t\t<div class=\"elementor-element elementor-element-7698845 e-flex e-con-boxed e-con e-parent\" data-id=\"7698845\" data-element_type=\"container\" data-e-type=\"container\" data-settings=\"{&quot;background_background&quot;:&quot;classic&quot;}\">\n\t\t\t\t\t<div class=\"e-con-inner\">\n\t\t\t\t<div class=\"elementor-element elementor-element-1b6f1a2 elementor-widget-tablet__width-inherit elementor-widget elementor-widget-heading\" data-id=\"1b6f1a2\" data-element_type=\"widget\" data-e-type=\"widget\" data-widget_type=\"heading.default\">\n\t\t\t\t<div class=\"elementor-widget-container\">\n\t\t\t\t\t<h2 class=\"elementor-heading-title elementor-size-default\">Goutti\u00e8res,<br>Solins et chemin\u00e9es<\/h2>\t\t\t\t<\/div>\n\t\t\t\t<\/div>\n\t\t\t\t\t<\/div>\n\t\t\t\t<\/div>\n\t\t<div class=\"elementor-element elementor-element-13f7903 e-flex e-con-boxed e-con e-parent\" data-id=\"13f7903\" data-element_type=\"container\" data-e-type=\"container\">\n\t\t\t\t\t<div class=\"e-con-inner\">\n\t\t<div class=\"elementor-element elementor-element-c496e26 e-con-full e-flex e-con e-child\" data-id=\"c496e26\" data-element_type=\"container\" data-e-type=\"container\">\n\t\t\t\t<div class=\"elementor-element elementor-element-25fe4be elementor-widget elementor-widget-heading\" data-id=\"25fe4be\" data-element_type=\"widget\" data-e-type=\"widget\" data-widget_type=\"heading.default\">\n\t\t\t\t<div class=\"elementor-widget-container\">\n\t\t\t\t\t<h2 class=\"elementor-heading-title elementor-size-default\">Ce que nous faisons<\/h2>\t\t\t\t<\/div>\n\t\t\t\t<\/div>\n\t\t\t\t<\/div>\n\t\t<div class=\"elementor-element elementor-element-4c295f5 e-con-full e-flex e-con e-child\" data-id=\"4c295f5\" data-element_type=\"container\" data-e-type=\"container\">\n\t\t\t\t<div class=\"elementor-element elementor-element-ec77fce elementor-widget elementor-widget-heading\" data-id=\"ec77fce\" data-element_type=\"widget\" data-e-type=\"widget\" data-widget_type=\"heading.default\">\n\t\t\t\t<div class=\"elementor-widget-container\">\n\t\t\t\t\t<h2 class=\"elementor-heading-title elementor-size-default\">Toiture T\u00f4lerie<\/h2>\t\t\t\t<\/div>\n\t\t\t\t<\/div>\n\t\t\t\t<div class=\"elementor-element elementor-element-b2ec427 elementor-widget elementor-widget-text-editor\" data-id=\"b2ec427\" data-element_type=\"widget\" data-e-type=\"widget\" data-widget_type=\"text-editor.default\">\n\t\t\t\t<div class=\"elementor-widget-container\">\n\t\t\t\t\t\t\t\t\t<p>Le t\u00f4lier est \u00e9galement un expert en mati\u00e8re de couverture des b\u00e2timents et, s&rsquo;il est titulaire d&rsquo;une licence sp\u00e9cifique, il peut exercer des activit\u00e9s essentielles pour l&rsquo;assainissement et l&rsquo;\u00e9limination de l&rsquo;amiante.<\/p>\n<p>Les rev\u00eatements m\u00e9talliques peuvent \u00eatre appliqu\u00e9s sur les fa\u00e7ades et les toits des maisons ou des b\u00e2timents industriels afin d&rsquo;en accro\u00eetre l&rsquo;efficacit\u00e9 et d&rsquo;en am\u00e9liorer l&rsquo;aspect.<\/p>\n<p>Dans le premier cas, le ferblantier pourra r\u00e9aliser des panneaux isolants, isol\u00e9s en cuivre ou avec un bel effet tuile. Dans le second cas, vous pouvez opter pour une t\u00f4le ondul\u00e9e, pr\u00e9laqu\u00e9e en aluminium : bon march\u00e9, r\u00e9sistante et particuli\u00e8rement adapt\u00e9e aux grandes toitures.<\/p>\n\t\t\t\t\t\t\t\t<\/div>\n\t\t\t\t<\/div>\n\t\t\t\t<\/div>\n\t\t\t\t\t<\/div>\n\t\t\t\t<\/div>\n\t\t<div class=\"elementor-element elementor-element-820082c e-flex e-con-boxed e-con e-parent\" data-id=\"820082c\" data-element_type=\"container\" data-e-type=\"container\">\n\t\t\t\t\t<div class=\"e-con-inner\">\n\t\t<div class=\"elementor-element elementor-element-7295365 e-flex e-con-boxed e-con e-child\" data-id=\"7295365\" data-element_type=\"container\" data-e-type=\"container\" data-settings=\"{&quot;background_background&quot;:&quot;classic&quot;}\">\n\t\t\t\t\t<div class=\"e-con-inner\">\n\t\t\t\t\t<\/div>\n\t\t\t\t<\/div>\n\t\t\t\t\t<\/div>\n\t\t\t\t<\/div>\n\t\t<div class=\"elementor-element elementor-element-31a2753 e-flex e-con-boxed e-con e-parent\" data-id=\"31a2753\" data-element_type=\"container\" data-e-type=\"container\">\n\t\t\t\t\t<div class=\"e-con-inner\">\n\t\t<div class=\"elementor-element elementor-element-ff1fb1c e-con-full e-flex e-con e-child\" data-id=\"ff1fb1c\" data-element_type=\"container\" data-e-type=\"container\">\n\t\t<div class=\"elementor-element elementor-element-2f45146 e-flex e-con-boxed e-con e-child\" data-id=\"2f45146\" data-element_type=\"container\" data-e-type=\"container\" data-settings=\"{&quot;background_background&quot;:&quot;slideshow&quot;,&quot;background_slideshow_gallery&quot;:[{&quot;id&quot;:355,&quot;url&quot;:&quot;https:\\\/\\\/edilsystem.digital-comm.it\\\/wp-content\\\/uploads\\\/2024\\\/03\\\/LATTONERIA-768x1024_11zon.webp&quot;},{&quot;id&quot;:356,&quot;url&quot;:&quot;https:\\\/\\\/edilsystem.digital-comm.it\\\/wp-content\\\/uploads\\\/2024\\\/03\\\/LATTONERIA-5-768x1024_11zon.webp&quot;},{&quot;id&quot;:357,&quot;url&quot;:&quot;https:\\\/\\\/edilsystem.digital-comm.it\\\/wp-content\\\/uploads\\\/2024\\\/03\\\/LATTONERIA-4-768x1024_11zon.webp&quot;},{&quot;id&quot;:358,&quot;url&quot;:&quot;https:\\\/\\\/edilsystem.digital-comm.it\\\/wp-content\\\/uploads\\\/2024\\\/03\\\/LATTONERIA-3-768x1024_11zon.webp&quot;},{&quot;id&quot;:359,&quot;url&quot;:&quot;https:\\\/\\\/edilsystem.digital-comm.it\\\/wp-content\\\/uploads\\\/2024\\\/03\\\/LATTONERIA-2-768x1024_11zon-1.webp&quot;}],&quot;background_slideshow_loop&quot;:&quot;yes&quot;,&quot;background_slideshow_slide_duration&quot;:5000,&quot;background_slideshow_slide_transition&quot;:&quot;fade&quot;,&quot;background_slideshow_transition_duration&quot;:500}\">\n\t\t\t\t\t<div class=\"e-con-inner\">\n\t\t\t\t\t<\/div>\n\t\t\t\t<\/div>\n\t\t<div class=\"elementor-element elementor-element-c06ba58 e-flex e-con-boxed e-con e-child\" data-id=\"c06ba58\" data-element_type=\"container\" data-e-type=\"container\">\n\t\t\t\t\t<div class=\"e-con-inner\">\n\t\t\t\t<div class=\"elementor-element elementor-element-ece719b elementor-widget elementor-widget-heading\" data-id=\"ece719b\" data-element_type=\"widget\" data-e-type=\"widget\" data-widget_type=\"heading.default\">\n\t\t\t\t<div class=\"elementor-widget-container\">\n\t\t\t\t\t<h2 class=\"elementor-heading-title elementor-size-default\">Goutti\u00e8res, solins et chemin\u00e9es en cuivre, aluminium et acier<\/h2>\t\t\t\t<\/div>\n\t\t\t\t<\/div>\n\t\t\t\t<div class=\"elementor-element elementor-element-951c9dd elementor-widget elementor-widget-text-editor\" data-id=\"951c9dd\" data-element_type=\"widget\" data-e-type=\"widget\" data-widget_type=\"text-editor.default\">\n\t\t\t\t<div class=\"elementor-widget-container\">\n\t\t\t\t\t\t\t\t\t<p>Mais quels sont les \u00e9l\u00e9ments de construction que le ferblantier fabrique sur mesure ? Tout d&rsquo;abord, le ferblantier peut s&rsquo;occuper des gaines, des tuyaux et des joints, mais aussi d&rsquo;\u00e9l\u00e9ments et de finitions plus visibles et non moins utiles.<\/p><p>\nLa conception et la production pr\u00e9cises des solins et des goutti\u00e8res en t\u00f4le de cuivre ou d&rsquo;aluminium, par exemple, sont essentielles pour assurer une \u00e9tanch\u00e9it\u00e9 optimale du b\u00e2timent, car elles permettent \u00e0 l&rsquo;eau de pluie de s&rsquo;\u00e9couler et de ne pas s&rsquo;infiltrer \u00e0 l&rsquo;int\u00e9rieur.<\/p><p>\nLes m\u00eames m\u00e9taux peuvent \u00e9galement \u00eatre utilis\u00e9s pour construire des chapeaux de chemin\u00e9e, ces parties terminales de la chemin\u00e9e qui limitent l&rsquo;entr\u00e9e de la pluie dans la chemin\u00e9e.<br>\nLe ferblantier \u00e9tudie la forme et le mod\u00e8le les plus efficaces et les r\u00e9alise dans le mat\u00e9riau le plus adapt\u00e9 \u00e0 chaque situation.<\/p>\t\t\t\t\t\t\t\t<\/div>\n\t\t\t\t<\/div>\n\t\t\t\t\t<\/div>\n\t\t\t\t<\/div>\n\t\t\t\t<\/div>\n\t\t\t\t\t<\/div>\n\t\t\t\t<\/div>\n\t\t<div class=\"elementor-element elementor-element-e7a8111 e-flex e-con-boxed elementor-invisible e-con e-parent\" data-id=\"e7a8111\" data-element_type=\"container\" data-e-type=\"container\" data-settings=\"{&quot;background_background&quot;:&quot;classic&quot;,&quot;animation&quot;:&quot;fadeInUp&quot;}\">\n\t\t\t\t\t<div class=\"e-con-inner\">\n\t\t<div class=\"elementor-element elementor-element-9f7dc17 e-con-full e-flex e-con e-child\" data-id=\"9f7dc17\" data-element_type=\"container\" data-e-type=\"container\">\n\t\t\t\t<div class=\"elementor-element elementor-element-2c5532a elementor-widget-mobile__width-inherit elementor-widget elementor-widget-heading\" data-id=\"2c5532a\" data-element_type=\"widget\" data-e-type=\"widget\" data-widget_type=\"heading.default\">\n\t\t\t\t<div class=\"elementor-widget-container\">\n\t\t\t\t\t<h2 class=\"elementor-heading-title elementor-size-default\">Realizza <br>i tuoi progetti<\/h2>\t\t\t\t<\/div>\n\t\t\t\t<\/div>\n\t\t\t\t<div class=\"elementor-element elementor-element-eb5d5cb elementor-widget elementor-widget-text-editor\" data-id=\"eb5d5cb\" data-element_type=\"widget\" data-e-type=\"widget\" data-widget_type=\"text-editor.default\">\n\t\t\t\t<div class=\"elementor-widget-container\">\n\t\t\t\t\t\t\t\t\t<p>Siamo qui per aiutarti a rendere possibile ci\u00f2 che immagini per la tua casa o il tuo edificio commerciale. Scopri come possiamo collaborare insieme per raggiungere i tuoi sogni abitativi!<\/p>\n\t\t\t\t\t\t\t\t<\/div>\n\t\t\t\t<\/div>\n\t\t<div class=\"elementor-element elementor-element-02c2278 e-flex e-con-boxed e-con e-child\" data-id=\"02c2278\" data-element_type=\"container\" data-e-type=\"container\">\n\t\t\t\t\t<div class=\"e-con-inner\">\n\t\t\t\t<div class=\"elementor-element elementor-element-8a072ac elementor-widget elementor-widget-button\" data-id=\"8a072ac\" data-element_type=\"widget\" data-e-type=\"widget\" data-widget_type=\"button.default\">\n\t\t\t\t<div class=\"elementor-widget-container\">\n\t\t\t\t\t\t\t\t\t<div class=\"elementor-button-wrapper\">\n\t\t\t\t\t<a class=\"elementor-button elementor-button-link elementor-size-sm\" href=\"tel:+05361856908\">\n\t\t\t\t\t\t<span class=\"elementor-button-content-wrapper\">\n\t\t\t\t\t\t\t\t\t<span class=\"elementor-button-text\">CHIAMA ORA<\/span>\n\t\t\t\t\t<\/span>\n\t\t\t\t\t<\/a>\n\t\t\t\t<\/div>\n\t\t\t\t\t\t\t\t<\/div>\n\t\t\t\t<\/div>\n\t\t\t\t<div class=\"elementor-element elementor-element-bd37206 elementor-widget elementor-widget-button\" data-id=\"bd37206\" data-element_type=\"widget\" data-e-type=\"widget\" data-widget_type=\"button.default\">\n\t\t\t\t<div class=\"elementor-widget-container\">\n\t\t\t\t\t\t\t\t\t<div class=\"elementor-button-wrapper\">\n\t\t\t\t\t<a class=\"elementor-button elementor-button-link elementor-size-sm\" href=\"mailto:info@edilsystem.it\">\n\t\t\t\t\t\t<span class=\"elementor-button-content-wrapper\">\n\t\t\t\t\t\t\t\t\t<span class=\"elementor-button-text\">SCRIVICI<\/span>\n\t\t\t\t\t<\/span>\n\t\t\t\t\t<\/a>\n\t\t\t\t<\/div>\n\t\t\t\t\t\t\t\t<\/div>\n\t\t\t\t<\/div>\n\t\t\t\t\t<\/div>\n\t\t\t\t<\/div>\n\t\t\t\t<\/div>\n\t\t\t\t\t<\/div>\n\t\t\t\t<\/div>\n\t\t\t\t<\/div>\n\t\t","protected":false},"excerpt":{"rendered":"<p>Goutti\u00e8res,Solins et chemin\u00e9es Ce que nous faisons Toiture T\u00f4lerie Le t\u00f4lier est \u00e9galement un expert en mati\u00e8re de couverture des b\u00e2timents et, s&rsquo;il est titulaire d&rsquo;une licence sp\u00e9cifique, il peut exercer des activit\u00e9s essentielles pour l&rsquo;assainissement et l&rsquo;\u00e9limination de l&rsquo;amiante. Les rev\u00eatements m\u00e9talliques peuvent \u00eatre appliqu\u00e9s sur les fa\u00e7ades et les toits des maisons ou [&hellip;]<\/p>\n","protected":false},"author":1,"featured_media":0,"parent":0,"menu_order":0,"comment_status":"closed","ping_status":"closed","template":"","meta":{"footnotes":""},"class_list":["post-859","page","type-page","status-publish","hentry"],"yoast_head":"<!-- This site is optimized with the Yoast SEO plugin v27.3 - https:\/\/yoast.com\/product\/yoast-seo-wordpress\/ -->\n<title>Goutti\u00e8res, solins et chemin\u00e9es - Edil System<\/title>\n<meta name=\"robots\" content=\"index, follow, max-snippet:-1, max-image-preview:large, max-video-preview:-1\" \/>\n<link rel=\"canonical\" href=\"https:\/\/copertureedilsystem.it\/fr\/gouttieres-solins-et-cheminees\/\" \/>\n<meta property=\"og:locale\" content=\"fr_FR\" \/>\n<meta property=\"og:type\" content=\"article\" \/>\n<meta property=\"og:title\" content=\"Goutti\u00e8res, solins et chemin\u00e9es - Edil System\" \/>\n<meta property=\"og:description\" content=\"Goutti\u00e8res,Solins et chemin\u00e9es Ce que nous faisons Toiture T\u00f4lerie Le t\u00f4lier est \u00e9galement un expert en mati\u00e8re de couverture des b\u00e2timents et, s&rsquo;il est titulaire d&rsquo;une licence sp\u00e9cifique, il peut exercer des activit\u00e9s essentielles pour l&rsquo;assainissement et l&rsquo;\u00e9limination de l&rsquo;amiante. Les rev\u00eatements m\u00e9talliques peuvent \u00eatre appliqu\u00e9s sur les fa\u00e7ades et les toits des maisons ou [&hellip;]\" \/>\n<meta property=\"og:url\" content=\"https:\/\/copertureedilsystem.it\/fr\/gouttieres-solins-et-cheminees\/\" \/>\n<meta property=\"og:site_name\" content=\"Edil System\" \/>\n<meta property=\"article:modified_time\" content=\"2024-05-13T12:54:02+00:00\" \/>\n<meta name=\"twitter:card\" content=\"summary_large_image\" \/>\n<meta name=\"twitter:label1\" content=\"Dur\u00e9e de lecture estim\u00e9e\" \/>\n\t<meta name=\"twitter:data1\" content=\"2 minutes\" \/>\n<script type=\"application\/ld+json\" class=\"yoast-schema-graph\">{\"@context\":\"https:\\\/\\\/schema.org\",\"@graph\":[{\"@type\":\"WebPage\",\"@id\":\"https:\\\/\\\/copertureedilsystem.it\\\/fr\\\/gouttieres-solins-et-cheminees\\\/\",\"url\":\"https:\\\/\\\/copertureedilsystem.it\\\/fr\\\/gouttieres-solins-et-cheminees\\\/\",\"name\":\"Goutti\u00e8res, solins et chemin\u00e9es - Edil System\",\"isPartOf\":{\"@id\":\"https:\\\/\\\/copertureedilsystem.it\\\/#website\"},\"datePublished\":\"2024-03-15T15:51:08+00:00\",\"dateModified\":\"2024-05-13T12:54:02+00:00\",\"breadcrumb\":{\"@id\":\"https:\\\/\\\/copertureedilsystem.it\\\/fr\\\/gouttieres-solins-et-cheminees\\\/#breadcrumb\"},\"inLanguage\":\"fr-FR\",\"potentialAction\":[{\"@type\":\"ReadAction\",\"target\":[\"https:\\\/\\\/copertureedilsystem.it\\\/fr\\\/gouttieres-solins-et-cheminees\\\/\"]}]},{\"@type\":\"BreadcrumbList\",\"@id\":\"https:\\\/\\\/copertureedilsystem.it\\\/fr\\\/gouttieres-solins-et-cheminees\\\/#breadcrumb\",\"itemListElement\":[{\"@type\":\"ListItem\",\"position\":1,\"name\":\"Home\",\"item\":\"https:\\\/\\\/copertureedilsystem.it\\\/fr\\\/\"},{\"@type\":\"ListItem\",\"position\":2,\"name\":\"Goutti\u00e8res, solins et chemin\u00e9es\"}]},{\"@type\":\"WebSite\",\"@id\":\"https:\\\/\\\/copertureedilsystem.it\\\/#website\",\"url\":\"https:\\\/\\\/copertureedilsystem.it\\\/\",\"name\":\"Edil System\",\"description\":\"\",\"publisher\":{\"@id\":\"https:\\\/\\\/copertureedilsystem.it\\\/#organization\"},\"potentialAction\":[{\"@type\":\"SearchAction\",\"target\":{\"@type\":\"EntryPoint\",\"urlTemplate\":\"https:\\\/\\\/copertureedilsystem.it\\\/?s={search_term_string}\"},\"query-input\":{\"@type\":\"PropertyValueSpecification\",\"valueRequired\":true,\"valueName\":\"search_term_string\"}}],\"inLanguage\":\"fr-FR\"},{\"@type\":\"Organization\",\"@id\":\"https:\\\/\\\/copertureedilsystem.it\\\/#organization\",\"name\":\"Edil System Srl\",\"url\":\"https:\\\/\\\/copertureedilsystem.it\\\/\",\"logo\":{\"@type\":\"ImageObject\",\"inLanguage\":\"fr-FR\",\"@id\":\"https:\\\/\\\/copertureedilsystem.it\\\/#\\\/schema\\\/logo\\\/image\\\/\",\"url\":\"https:\\\/\\\/copertureedilsystem.it\\\/wp-content\\\/uploads\\\/2024\\\/03\\\/Logo-EdilSystem.webp\",\"contentUrl\":\"https:\\\/\\\/copertureedilsystem.it\\\/wp-content\\\/uploads\\\/2024\\\/03\\\/Logo-EdilSystem.webp\",\"width\":2150,\"height\":571,\"caption\":\"Edil System Srl\"},\"image\":{\"@id\":\"https:\\\/\\\/copertureedilsystem.it\\\/#\\\/schema\\\/logo\\\/image\\\/\"}}]}<\/script>\n<!-- \/ Yoast SEO plugin. -->","yoast_head_json":{"title":"Goutti\u00e8res, solins et chemin\u00e9es - Edil System","robots":{"index":"index","follow":"follow","max-snippet":"max-snippet:-1","max-image-preview":"max-image-preview:large","max-video-preview":"max-video-preview:-1"},"canonical":"https:\/\/copertureedilsystem.it\/fr\/gouttieres-solins-et-cheminees\/","og_locale":"fr_FR","og_type":"article","og_title":"Goutti\u00e8res, solins et chemin\u00e9es - Edil System","og_description":"Goutti\u00e8res,Solins et chemin\u00e9es Ce que nous faisons Toiture T\u00f4lerie Le t\u00f4lier est \u00e9galement un expert en mati\u00e8re de couverture des b\u00e2timents et, s&rsquo;il est titulaire d&rsquo;une licence sp\u00e9cifique, il peut exercer des activit\u00e9s essentielles pour l&rsquo;assainissement et l&rsquo;\u00e9limination de l&rsquo;amiante. Les rev\u00eatements m\u00e9talliques peuvent \u00eatre appliqu\u00e9s sur les fa\u00e7ades et les toits des maisons ou [&hellip;]","og_url":"https:\/\/copertureedilsystem.it\/fr\/gouttieres-solins-et-cheminees\/","og_site_name":"Edil System","article_modified_time":"2024-05-13T12:54:02+00:00","twitter_card":"summary_large_image","twitter_misc":{"Dur\u00e9e de lecture estim\u00e9e":"2 minutes"},"schema":{"@context":"https:\/\/schema.org","@graph":[{"@type":"WebPage","@id":"https:\/\/copertureedilsystem.it\/fr\/gouttieres-solins-et-cheminees\/","url":"https:\/\/copertureedilsystem.it\/fr\/gouttieres-solins-et-cheminees\/","name":"Goutti\u00e8res, solins et chemin\u00e9es - Edil System","isPartOf":{"@id":"https:\/\/copertureedilsystem.it\/#website"},"datePublished":"2024-03-15T15:51:08+00:00","dateModified":"2024-05-13T12:54:02+00:00","breadcrumb":{"@id":"https:\/\/copertureedilsystem.it\/fr\/gouttieres-solins-et-cheminees\/#breadcrumb"},"inLanguage":"fr-FR","potentialAction":[{"@type":"ReadAction","target":["https:\/\/copertureedilsystem.it\/fr\/gouttieres-solins-et-cheminees\/"]}]},{"@type":"BreadcrumbList","@id":"https:\/\/copertureedilsystem.it\/fr\/gouttieres-solins-et-cheminees\/#breadcrumb","itemListElement":[{"@type":"ListItem","position":1,"name":"Home","item":"https:\/\/copertureedilsystem.it\/fr\/"},{"@type":"ListItem","position":2,"name":"Goutti\u00e8res, solins et chemin\u00e9es"}]},{"@type":"WebSite","@id":"https:\/\/copertureedilsystem.it\/#website","url":"https:\/\/copertureedilsystem.it\/","name":"Edil System","description":"","publisher":{"@id":"https:\/\/copertureedilsystem.it\/#organization"},"potentialAction":[{"@type":"SearchAction","target":{"@type":"EntryPoint","urlTemplate":"https:\/\/copertureedilsystem.it\/?s={search_term_string}"},"query-input":{"@type":"PropertyValueSpecification","valueRequired":true,"valueName":"search_term_string"}}],"inLanguage":"fr-FR"},{"@type":"Organization","@id":"https:\/\/copertureedilsystem.it\/#organization","name":"Edil System Srl","url":"https:\/\/copertureedilsystem.it\/","logo":{"@type":"ImageObject","inLanguage":"fr-FR","@id":"https:\/\/copertureedilsystem.it\/#\/schema\/logo\/image\/","url":"https:\/\/copertureedilsystem.it\/wp-content\/uploads\/2024\/03\/Logo-EdilSystem.webp","contentUrl":"https:\/\/copertureedilsystem.it\/wp-content\/uploads\/2024\/03\/Logo-EdilSystem.webp","width":2150,"height":571,"caption":"Edil System Srl"},"image":{"@id":"https:\/\/copertureedilsystem.it\/#\/schema\/logo\/image\/"}}]}},"_links":{"self":[{"href":"https:\/\/copertureedilsystem.it\/fr\/wp-json\/wp\/v2\/pages\/859","targetHints":{"allow":["GET"]}}],"collection":[{"href":"https:\/\/copertureedilsystem.it\/fr\/wp-json\/wp\/v2\/pages"}],"about":[{"href":"https:\/\/copertureedilsystem.it\/fr\/wp-json\/wp\/v2\/types\/page"}],"author":[{"embeddable":true,"href":"https:\/\/copertureedilsystem.it\/fr\/wp-json\/wp\/v2\/users\/1"}],"replies":[{"embeddable":true,"href":"https:\/\/copertureedilsystem.it\/fr\/wp-json\/wp\/v2\/comments?post=859"}],"version-history":[{"count":9,"href":"https:\/\/copertureedilsystem.it\/fr\/wp-json\/wp\/v2\/pages\/859\/revisions"}],"predecessor-version":[{"id":1868,"href":"https:\/\/copertureedilsystem.it\/fr\/wp-json\/wp\/v2\/pages\/859\/revisions\/1868"}],"wp:attachment":[{"href":"https:\/\/copertureedilsystem.it\/fr\/wp-json\/wp\/v2\/media?parent=859"}],"curies":[{"name":"wp","href":"https:\/\/api.w.org\/{rel}","templated":true}]}}