{"id":861,"date":"2024-03-18T11:17:20","date_gmt":"2024-03-18T10:17:20","guid":{"rendered":"https:\/\/copertureedilsystem.it\/etancheite-et-tpo\/"},"modified":"2024-05-13T14:56:56","modified_gmt":"2024-05-13T12:56:56","slug":"etancheite-et-tpo","status":"publish","type":"page","link":"https:\/\/copertureedilsystem.it\/fr\/etancheite-et-tpo\/","title":{"rendered":"\u00c9tanch\u00e9it\u00e9 et TPO"},"content":{"rendered":"\t\t<div data-elementor-type=\"wp-page\" data-elementor-id=\"861\" class=\"elementor elementor-861 elementor-450\" data-elementor-post-type=\"page\">\n\t\t\t\t<div class=\"elementor-element elementor-element-7698845 e-flex e-con-boxed e-con e-parent\" data-id=\"7698845\" data-element_type=\"container\" data-e-type=\"container\" data-settings=\"{&quot;background_background&quot;:&quot;classic&quot;}\">\n\t\t\t\t\t<div class=\"e-con-inner\">\n\t\t\t\t<div class=\"elementor-element elementor-element-1b6f1a2 elementor-widget-tablet__width-inherit elementor-widget elementor-widget-heading\" data-id=\"1b6f1a2\" data-element_type=\"widget\" data-e-type=\"widget\" data-widget_type=\"heading.default\">\n\t\t\t\t<div class=\"elementor-widget-container\">\n\t\t\t\t\t<h2 class=\"elementor-heading-title elementor-size-default\">\u00c9tanch\u00e9it\u00e9<br>et TPO<\/h2>\t\t\t\t<\/div>\n\t\t\t\t<\/div>\n\t\t\t\t\t<\/div>\n\t\t\t\t<\/div>\n\t\t<div class=\"elementor-element elementor-element-13f7903 e-flex e-con-boxed e-con e-parent\" data-id=\"13f7903\" data-element_type=\"container\" data-e-type=\"container\">\n\t\t\t\t\t<div class=\"e-con-inner\">\n\t\t<div class=\"elementor-element elementor-element-c496e26 e-con-full e-flex e-con e-child\" data-id=\"c496e26\" data-element_type=\"container\" data-e-type=\"container\">\n\t\t\t\t<div class=\"elementor-element elementor-element-25fe4be elementor-widget elementor-widget-heading\" data-id=\"25fe4be\" data-element_type=\"widget\" data-e-type=\"widget\" data-widget_type=\"heading.default\">\n\t\t\t\t<div class=\"elementor-widget-container\">\n\t\t\t\t\t<h2 class=\"elementor-heading-title elementor-size-default\">Ce que nous faisons<\/h2>\t\t\t\t<\/div>\n\t\t\t\t<\/div>\n\t\t\t\t<\/div>\n\t\t<div class=\"elementor-element elementor-element-4c295f5 e-con-full e-flex e-con e-child\" data-id=\"4c295f5\" data-element_type=\"container\" data-e-type=\"container\">\n\t\t\t\t<div class=\"elementor-element elementor-element-650f048 elementor-widget elementor-widget-heading\" data-id=\"650f048\" data-element_type=\"widget\" data-e-type=\"widget\" data-widget_type=\"heading.default\">\n\t\t\t\t<div class=\"elementor-widget-container\">\n\t\t\t\t\t<h2 class=\"elementor-heading-title elementor-size-default\">Imperm\u00e9abilisation avec des membranes en bitume-liquide ou en polyol\u00e9fine TPO\n<\/h2>\t\t\t\t<\/div>\n\t\t\t\t<\/div>\n\t\t\t\t<div class=\"elementor-element elementor-element-b2ec427 elementor-widget elementor-widget-text-editor\" data-id=\"b2ec427\" data-element_type=\"widget\" data-e-type=\"widget\" data-widget_type=\"text-editor.default\">\n\t\t\t\t<div class=\"elementor-widget-container\">\n\t\t\t\t\t\t\t\t\t<p><b>LA MEMBRANE SYNTH\u00c9TIQUE D&rsquo;\u00c9TANCH\u00c9IT\u00c9 DE L&rsquo;AVENIR<\/b><\/p>\n<p>Les membranes d&rsquo;\u00e9tanch\u00e9it\u00e9 synth\u00e9tiques&nbsp;en TPO (alliages de polyol\u00e9fines : poly\u00e9thyl\u00e8ne et polypropyl\u00e8ne) r\u00e9pondent \u00e0 l&rsquo;\u00e9volution du march\u00e9 de l&rsquo;\u00e9tanch\u00e9it\u00e9.<br>En raison de leur grande r\u00e9sistance au vieillissement, les membranes d&rsquo;\u00e9tanch\u00e9it\u00e9 TPO sont principalement utilis\u00e9es pour l&rsquo;\u00e9tanch\u00e9it\u00e9 des r\u00e9servoirs, des barrages et, dans une version non toxique, pour la protection des r\u00e9servoirs contenant de l&rsquo;eau potable et des liquides alimentaires, ainsi que des fermes piscicoles.<br><\/p>\n<p>\nIl s&rsquo;agit de produits industriels dont la qualit\u00e9 est plus contr\u00f4lable. Ils peuvent \u00eatre color\u00e9s \u00e0 volont\u00e9 et offrent, selon le type, une grande stabilit\u00e9 chimique, presque toujours une grande d\u00e9formabilit\u00e9, m\u00eame \u00e0 froid : ils sont plus durables, ne n\u00e9cessitent pas de double couche et la qualit\u00e9 de leur processus de soudage est plus facile \u00e0 contr\u00f4ler. Certains sont autocollants.<\/p>\t\t\t\t\t\t\t\t<\/div>\n\t\t\t\t<\/div>\n\t\t\t\t<\/div>\n\t\t\t\t\t<\/div>\n\t\t\t\t<\/div>\n\t\t<div class=\"elementor-element elementor-element-80474f8 e-flex e-con-boxed elementor-invisible e-con e-parent\" data-id=\"80474f8\" data-element_type=\"container\" data-e-type=\"container\" data-settings=\"{&quot;background_background&quot;:&quot;classic&quot;,&quot;animation&quot;:&quot;fadeInUp&quot;}\">\n\t\t\t\t\t<div class=\"e-con-inner\">\n\t\t<div class=\"elementor-element elementor-element-1db558a e-con-full e-flex e-con e-child\" data-id=\"1db558a\" data-element_type=\"container\" data-e-type=\"container\">\n\t\t\t\t<div class=\"elementor-element elementor-element-af599c6 elementor-widget-mobile__width-inherit elementor-widget elementor-widget-heading\" data-id=\"af599c6\" data-element_type=\"widget\" data-e-type=\"widget\" data-widget_type=\"heading.default\">\n\t\t\t\t<div class=\"elementor-widget-container\">\n\t\t\t\t\t<h2 class=\"elementor-heading-title elementor-size-default\">Realizza <br>i tuoi progetti<\/h2>\t\t\t\t<\/div>\n\t\t\t\t<\/div>\n\t\t\t\t<div class=\"elementor-element elementor-element-7cd7379 elementor-widget elementor-widget-text-editor\" data-id=\"7cd7379\" data-element_type=\"widget\" data-e-type=\"widget\" data-widget_type=\"text-editor.default\">\n\t\t\t\t<div class=\"elementor-widget-container\">\n\t\t\t\t\t\t\t\t\t<p>Siamo qui per aiutarti a rendere possibile ci\u00f2 che immagini per la tua casa o il tuo edificio commerciale. Scopri come possiamo collaborare insieme per raggiungere i tuoi sogni abitativi!<\/p>\n\t\t\t\t\t\t\t\t<\/div>\n\t\t\t\t<\/div>\n\t\t<div class=\"elementor-element elementor-element-4dc2c33 e-flex e-con-boxed e-con e-child\" data-id=\"4dc2c33\" data-element_type=\"container\" data-e-type=\"container\">\n\t\t\t\t\t<div class=\"e-con-inner\">\n\t\t\t\t<div class=\"elementor-element elementor-element-bde2911 elementor-widget elementor-widget-button\" data-id=\"bde2911\" data-element_type=\"widget\" data-e-type=\"widget\" data-widget_type=\"button.default\">\n\t\t\t\t<div class=\"elementor-widget-container\">\n\t\t\t\t\t\t\t\t\t<div class=\"elementor-button-wrapper\">\n\t\t\t\t\t<a class=\"elementor-button elementor-button-link elementor-size-sm\" href=\"tel:+05361856908\">\n\t\t\t\t\t\t<span class=\"elementor-button-content-wrapper\">\n\t\t\t\t\t\t\t\t\t<span class=\"elementor-button-text\">CHIAMA ORA<\/span>\n\t\t\t\t\t<\/span>\n\t\t\t\t\t<\/a>\n\t\t\t\t<\/div>\n\t\t\t\t\t\t\t\t<\/div>\n\t\t\t\t<\/div>\n\t\t\t\t<div class=\"elementor-element elementor-element-b16cc28 elementor-widget elementor-widget-button\" data-id=\"b16cc28\" data-element_type=\"widget\" data-e-type=\"widget\" data-widget_type=\"button.default\">\n\t\t\t\t<div class=\"elementor-widget-container\">\n\t\t\t\t\t\t\t\t\t<div class=\"elementor-button-wrapper\">\n\t\t\t\t\t<a class=\"elementor-button elementor-button-link elementor-size-sm\" href=\"mailto:info@edilsystem.it\">\n\t\t\t\t\t\t<span class=\"elementor-button-content-wrapper\">\n\t\t\t\t\t\t\t\t\t<span class=\"elementor-button-text\">SCRIVICI<\/span>\n\t\t\t\t\t<\/span>\n\t\t\t\t\t<\/a>\n\t\t\t\t<\/div>\n\t\t\t\t\t\t\t\t<\/div>\n\t\t\t\t<\/div>\n\t\t\t\t\t<\/div>\n\t\t\t\t<\/div>\n\t\t\t\t<\/div>\n\t\t\t\t\t<\/div>\n\t\t\t\t<\/div>\n\t\t\t\t<\/div>\n\t\t","protected":false},"excerpt":{"rendered":"<p>\u00c9tanch\u00e9it\u00e9et TPO Ce que nous faisons Imperm\u00e9abilisation avec des membranes en bitume-liquide ou en polyol\u00e9fine TPO LA MEMBRANE SYNTH\u00c9TIQUE D&rsquo;\u00c9TANCH\u00c9IT\u00c9 DE L&rsquo;AVENIR Les membranes d&rsquo;\u00e9tanch\u00e9it\u00e9 synth\u00e9tiques&nbsp;en TPO (alliages de polyol\u00e9fines : poly\u00e9thyl\u00e8ne et polypropyl\u00e8ne) r\u00e9pondent \u00e0 l&rsquo;\u00e9volution du march\u00e9 de l&rsquo;\u00e9tanch\u00e9it\u00e9.En raison de leur grande r\u00e9sistance au vieillissement, les membranes d&rsquo;\u00e9tanch\u00e9it\u00e9 TPO sont principalement utilis\u00e9es [&hellip;]<\/p>\n","protected":false},"author":1,"featured_media":0,"parent":0,"menu_order":0,"comment_status":"closed","ping_status":"closed","template":"","meta":{"footnotes":""},"class_list":["post-861","page","type-page","status-publish","hentry"],"yoast_head":"<!-- This site is optimized with the Yoast SEO plugin v27.3 - https:\/\/yoast.com\/product\/yoast-seo-wordpress\/ -->\n<title>\u00c9tanch\u00e9it\u00e9 et TPO - Edil System<\/title>\n<meta name=\"robots\" content=\"index, follow, max-snippet:-1, max-image-preview:large, max-video-preview:-1\" \/>\n<link rel=\"canonical\" href=\"https:\/\/copertureedilsystem.it\/fr\/etancheite-et-tpo\/\" \/>\n<meta property=\"og:locale\" content=\"fr_FR\" \/>\n<meta property=\"og:type\" content=\"article\" \/>\n<meta property=\"og:title\" content=\"\u00c9tanch\u00e9it\u00e9 et TPO - Edil System\" \/>\n<meta property=\"og:description\" content=\"\u00c9tanch\u00e9it\u00e9et TPO Ce que nous faisons Imperm\u00e9abilisation avec des membranes en bitume-liquide ou en polyol\u00e9fine TPO LA MEMBRANE SYNTH\u00c9TIQUE D&rsquo;\u00c9TANCH\u00c9IT\u00c9 DE L&rsquo;AVENIR Les membranes d&rsquo;\u00e9tanch\u00e9it\u00e9 synth\u00e9tiques&nbsp;en TPO (alliages de polyol\u00e9fines : poly\u00e9thyl\u00e8ne et polypropyl\u00e8ne) r\u00e9pondent \u00e0 l&rsquo;\u00e9volution du march\u00e9 de l&rsquo;\u00e9tanch\u00e9it\u00e9.En raison de leur grande r\u00e9sistance au vieillissement, les membranes d&rsquo;\u00e9tanch\u00e9it\u00e9 TPO sont principalement utilis\u00e9es [&hellip;]\" \/>\n<meta property=\"og:url\" content=\"https:\/\/copertureedilsystem.it\/fr\/etancheite-et-tpo\/\" \/>\n<meta property=\"og:site_name\" content=\"Edil System\" \/>\n<meta property=\"article:modified_time\" content=\"2024-05-13T12:56:56+00:00\" \/>\n<meta name=\"twitter:card\" content=\"summary_large_image\" \/>\n<meta name=\"twitter:label1\" content=\"Dur\u00e9e de lecture estim\u00e9e\" \/>\n\t<meta name=\"twitter:data1\" content=\"1 minute\" \/>\n<script type=\"application\/ld+json\" class=\"yoast-schema-graph\">{\"@context\":\"https:\\\/\\\/schema.org\",\"@graph\":[{\"@type\":\"WebPage\",\"@id\":\"https:\\\/\\\/copertureedilsystem.it\\\/fr\\\/etancheite-et-tpo\\\/\",\"url\":\"https:\\\/\\\/copertureedilsystem.it\\\/fr\\\/etancheite-et-tpo\\\/\",\"name\":\"\u00c9tanch\u00e9it\u00e9 et TPO - Edil System\",\"isPartOf\":{\"@id\":\"https:\\\/\\\/copertureedilsystem.it\\\/#website\"},\"datePublished\":\"2024-03-18T10:17:20+00:00\",\"dateModified\":\"2024-05-13T12:56:56+00:00\",\"breadcrumb\":{\"@id\":\"https:\\\/\\\/copertureedilsystem.it\\\/fr\\\/etancheite-et-tpo\\\/#breadcrumb\"},\"inLanguage\":\"fr-FR\",\"potentialAction\":[{\"@type\":\"ReadAction\",\"target\":[\"https:\\\/\\\/copertureedilsystem.it\\\/fr\\\/etancheite-et-tpo\\\/\"]}]},{\"@type\":\"BreadcrumbList\",\"@id\":\"https:\\\/\\\/copertureedilsystem.it\\\/fr\\\/etancheite-et-tpo\\\/#breadcrumb\",\"itemListElement\":[{\"@type\":\"ListItem\",\"position\":1,\"name\":\"Home\",\"item\":\"https:\\\/\\\/copertureedilsystem.it\\\/fr\\\/\"},{\"@type\":\"ListItem\",\"position\":2,\"name\":\"\u00c9tanch\u00e9it\u00e9 et TPO\"}]},{\"@type\":\"WebSite\",\"@id\":\"https:\\\/\\\/copertureedilsystem.it\\\/#website\",\"url\":\"https:\\\/\\\/copertureedilsystem.it\\\/\",\"name\":\"Edil System\",\"description\":\"\",\"publisher\":{\"@id\":\"https:\\\/\\\/copertureedilsystem.it\\\/#organization\"},\"potentialAction\":[{\"@type\":\"SearchAction\",\"target\":{\"@type\":\"EntryPoint\",\"urlTemplate\":\"https:\\\/\\\/copertureedilsystem.it\\\/?s={search_term_string}\"},\"query-input\":{\"@type\":\"PropertyValueSpecification\",\"valueRequired\":true,\"valueName\":\"search_term_string\"}}],\"inLanguage\":\"fr-FR\"},{\"@type\":\"Organization\",\"@id\":\"https:\\\/\\\/copertureedilsystem.it\\\/#organization\",\"name\":\"Edil System Srl\",\"url\":\"https:\\\/\\\/copertureedilsystem.it\\\/\",\"logo\":{\"@type\":\"ImageObject\",\"inLanguage\":\"fr-FR\",\"@id\":\"https:\\\/\\\/copertureedilsystem.it\\\/#\\\/schema\\\/logo\\\/image\\\/\",\"url\":\"https:\\\/\\\/copertureedilsystem.it\\\/wp-content\\\/uploads\\\/2024\\\/03\\\/Logo-EdilSystem.webp\",\"contentUrl\":\"https:\\\/\\\/copertureedilsystem.it\\\/wp-content\\\/uploads\\\/2024\\\/03\\\/Logo-EdilSystem.webp\",\"width\":2150,\"height\":571,\"caption\":\"Edil System Srl\"},\"image\":{\"@id\":\"https:\\\/\\\/copertureedilsystem.it\\\/#\\\/schema\\\/logo\\\/image\\\/\"}}]}<\/script>\n<!-- \/ Yoast SEO plugin. -->","yoast_head_json":{"title":"\u00c9tanch\u00e9it\u00e9 et TPO - Edil System","robots":{"index":"index","follow":"follow","max-snippet":"max-snippet:-1","max-image-preview":"max-image-preview:large","max-video-preview":"max-video-preview:-1"},"canonical":"https:\/\/copertureedilsystem.it\/fr\/etancheite-et-tpo\/","og_locale":"fr_FR","og_type":"article","og_title":"\u00c9tanch\u00e9it\u00e9 et TPO - Edil System","og_description":"\u00c9tanch\u00e9it\u00e9et TPO Ce que nous faisons Imperm\u00e9abilisation avec des membranes en bitume-liquide ou en polyol\u00e9fine TPO LA MEMBRANE SYNTH\u00c9TIQUE D&rsquo;\u00c9TANCH\u00c9IT\u00c9 DE L&rsquo;AVENIR Les membranes d&rsquo;\u00e9tanch\u00e9it\u00e9 synth\u00e9tiques&nbsp;en TPO (alliages de polyol\u00e9fines : poly\u00e9thyl\u00e8ne et polypropyl\u00e8ne) r\u00e9pondent \u00e0 l&rsquo;\u00e9volution du march\u00e9 de l&rsquo;\u00e9tanch\u00e9it\u00e9.En raison de leur grande r\u00e9sistance au vieillissement, les membranes d&rsquo;\u00e9tanch\u00e9it\u00e9 TPO sont principalement utilis\u00e9es [&hellip;]","og_url":"https:\/\/copertureedilsystem.it\/fr\/etancheite-et-tpo\/","og_site_name":"Edil System","article_modified_time":"2024-05-13T12:56:56+00:00","twitter_card":"summary_large_image","twitter_misc":{"Dur\u00e9e de lecture estim\u00e9e":"1 minute"},"schema":{"@context":"https:\/\/schema.org","@graph":[{"@type":"WebPage","@id":"https:\/\/copertureedilsystem.it\/fr\/etancheite-et-tpo\/","url":"https:\/\/copertureedilsystem.it\/fr\/etancheite-et-tpo\/","name":"\u00c9tanch\u00e9it\u00e9 et TPO - Edil System","isPartOf":{"@id":"https:\/\/copertureedilsystem.it\/#website"},"datePublished":"2024-03-18T10:17:20+00:00","dateModified":"2024-05-13T12:56:56+00:00","breadcrumb":{"@id":"https:\/\/copertureedilsystem.it\/fr\/etancheite-et-tpo\/#breadcrumb"},"inLanguage":"fr-FR","potentialAction":[{"@type":"ReadAction","target":["https:\/\/copertureedilsystem.it\/fr\/etancheite-et-tpo\/"]}]},{"@type":"BreadcrumbList","@id":"https:\/\/copertureedilsystem.it\/fr\/etancheite-et-tpo\/#breadcrumb","itemListElement":[{"@type":"ListItem","position":1,"name":"Home","item":"https:\/\/copertureedilsystem.it\/fr\/"},{"@type":"ListItem","position":2,"name":"\u00c9tanch\u00e9it\u00e9 et TPO"}]},{"@type":"WebSite","@id":"https:\/\/copertureedilsystem.it\/#website","url":"https:\/\/copertureedilsystem.it\/","name":"Edil System","description":"","publisher":{"@id":"https:\/\/copertureedilsystem.it\/#organization"},"potentialAction":[{"@type":"SearchAction","target":{"@type":"EntryPoint","urlTemplate":"https:\/\/copertureedilsystem.it\/?s={search_term_string}"},"query-input":{"@type":"PropertyValueSpecification","valueRequired":true,"valueName":"search_term_string"}}],"inLanguage":"fr-FR"},{"@type":"Organization","@id":"https:\/\/copertureedilsystem.it\/#organization","name":"Edil System Srl","url":"https:\/\/copertureedilsystem.it\/","logo":{"@type":"ImageObject","inLanguage":"fr-FR","@id":"https:\/\/copertureedilsystem.it\/#\/schema\/logo\/image\/","url":"https:\/\/copertureedilsystem.it\/wp-content\/uploads\/2024\/03\/Logo-EdilSystem.webp","contentUrl":"https:\/\/copertureedilsystem.it\/wp-content\/uploads\/2024\/03\/Logo-EdilSystem.webp","width":2150,"height":571,"caption":"Edil System Srl"},"image":{"@id":"https:\/\/copertureedilsystem.it\/#\/schema\/logo\/image\/"}}]}},"_links":{"self":[{"href":"https:\/\/copertureedilsystem.it\/fr\/wp-json\/wp\/v2\/pages\/861","targetHints":{"allow":["GET"]}}],"collection":[{"href":"https:\/\/copertureedilsystem.it\/fr\/wp-json\/wp\/v2\/pages"}],"about":[{"href":"https:\/\/copertureedilsystem.it\/fr\/wp-json\/wp\/v2\/types\/page"}],"author":[{"embeddable":true,"href":"https:\/\/copertureedilsystem.it\/fr\/wp-json\/wp\/v2\/users\/1"}],"replies":[{"embeddable":true,"href":"https:\/\/copertureedilsystem.it\/fr\/wp-json\/wp\/v2\/comments?post=861"}],"version-history":[{"count":8,"href":"https:\/\/copertureedilsystem.it\/fr\/wp-json\/wp\/v2\/pages\/861\/revisions"}],"predecessor-version":[{"id":1910,"href":"https:\/\/copertureedilsystem.it\/fr\/wp-json\/wp\/v2\/pages\/861\/revisions\/1910"}],"wp:attachment":[{"href":"https:\/\/copertureedilsystem.it\/fr\/wp-json\/wp\/v2\/media?parent=861"}],"curies":[{"name":"wp","href":"https:\/\/api.w.org\/{rel}","templated":true}]}}